{"id":43,"date":"2025-05-02T13:29:08","date_gmt":"2025-05-02T13:29:08","guid":{"rendered":"https:\/\/paid2chat.com\/?page_id=43"},"modified":"2025-05-02T18:27:48","modified_gmt":"2025-05-02T16:27:48","slug":"privacy","status":"publish","type":"page","link":"https:\/\/paid2chat.com\/pt\/privacy\/","title":{"rendered":"Pol\u00edtica de privacidade"},"content":{"rendered":"<div data-elementor-type=\"wp-page\" data-elementor-id=\"43\" class=\"elementor elementor-43\" data-elementor-post-type=\"page\">\n\t\t\t\t\t\t<section class=\"elementor-section elementor-top-section elementor-element elementor-element-aa602b1 elementor-section-boxed elementor-section-height-default elementor-section-height-default\" data-id=\"aa602b1\" data-element_type=\"section\" data-e-type=\"section\">\n\t\t\t\t\t\t<div class=\"elementor-container elementor-column-gap-default\">\n\t\t\t\t\t<div class=\"elementor-column elementor-col-100 elementor-top-column elementor-element elementor-element-deb4e48\" data-id=\"deb4e48\" data-element_type=\"column\" data-e-type=\"column\">\n\t\t\t<div class=\"elementor-widget-wrap elementor-element-populated\">\n\t\t\t\t\t\t<div class=\"elementor-element elementor-element-88330ff elementor-widget elementor-widget-heading\" data-id=\"88330ff\" data-element_type=\"widget\" data-e-type=\"widget\" data-widget_type=\"heading.default\">\n\t\t\t\t<div class=\"elementor-widget-container\">\n\t\t\t\t\t<h1 class=\"elementor-heading-title elementor-size-default\">Privacidade<\/h1>\t\t\t\t<\/div>\n\t\t\t\t<\/div>\n\t\t\t\t\t<\/div>\n\t\t<\/div>\n\t\t\t\t\t<\/div>\n\t\t<\/section>\n\t\t\t\t<section class=\"elementor-section elementor-top-section elementor-element elementor-element-e61e2e0 elementor-section-boxed elementor-section-height-default elementor-section-height-default\" data-id=\"e61e2e0\" data-element_type=\"section\" data-e-type=\"section\">\n\t\t\t\t\t\t<div class=\"elementor-container elementor-column-gap-default\">\n\t\t\t\t\t<div class=\"elementor-column elementor-col-100 elementor-top-column elementor-element elementor-element-edbd578\" data-id=\"edbd578\" data-element_type=\"column\" data-e-type=\"column\">\n\t\t\t<div class=\"elementor-widget-wrap elementor-element-populated\">\n\t\t\t\t\t\t<div class=\"elementor-element elementor-element-59fb3ca elementor-widget elementor-widget-text-editor\" data-id=\"59fb3ca\" data-element_type=\"widget\" data-e-type=\"widget\" data-widget_type=\"text-editor.default\">\n\t\t\t\t<div class=\"elementor-widget-container\">\n\t\t\t\t\t\t\t\t\t<p class=\"\" data-start=\"190\" data-end=\"555\">O Paid2Chat.com (\u201cn\u00f3s\u201d, \u201cnos\u201d ou \u201cnosso\u201d) respeita a sua privacidade e est\u00e1 comprometido em proteger as informa\u00e7\u00f5es pessoais que voc\u00ea compartilha conosco. Esta Pol\u00edtica de Privacidade explica como coletamos, usamos, divulgamos e protegemos suas informa\u00e7\u00f5es quando voc\u00ea visita nosso site ou utiliza nossos servi\u00e7os. Ao acessar ou utilizar o Paid2Chat.com, voc\u00ea concorda com os termos descritos nesta Pol\u00edtica de Privacidade.<\/p><h3 class=\"\" data-start=\"557\" data-end=\"586\">1. Informa\u00e7\u00f5es que coletamos<\/h3><p class=\"\" data-start=\"588\" data-end=\"1004\"><strong data-start=\"588\" data-end=\"616\">a. Informa\u00e7\u00f5es pessoais:<\/strong><br data-start=\"616\" data-end=\"619\" \/>Podemos coletar informa\u00e7\u00f5es pessoais que voc\u00ea nos fornece voluntariamente, incluindo, mas n\u00e3o se limitando a, seu nome completo, endere\u00e7o de e-mail, n\u00famero de telefone, data de nascimento ou confirma\u00e7\u00e3o de idade, pa\u00eds e cidade de resid\u00eancia, fotos ou documentos de identifica\u00e7\u00e3o (se necess\u00e1rio para verifica\u00e7\u00e3o), detalhes de pagamento ou m\u00e9todo de pagamento e qualquer informa\u00e7\u00e3o que voc\u00ea fornecer por meio de formul\u00e1rios de inscri\u00e7\u00e3o ou contato.<\/p><p class=\"\" data-start=\"1006\" data-end=\"1258\"><strong data-start=\"1006\" data-end=\"1024\">b. Dados de uso:<\/strong><br data-start=\"1024\" data-end=\"1027\" \/>Coletamos automaticamente certas informa\u00e7\u00f5es quando voc\u00ea acessa o Paid2Chat.com, como seu endere\u00e7o IP, tipo e vers\u00e3o do navegador, sistema operacional, URLs de refer\u00eancia, p\u00e1ginas visualizadas, tempo gasto no site, cliques e comportamento de navega\u00e7\u00e3o.<\/p><p class=\"\" data-start=\"1260\" data-end=\"1549\"><strong data-start=\"1260\" data-end=\"1301\">c. Cookies e tecnologias de rastreamento:<\/strong><br data-start=\"1301\" data-end=\"1304\" \/>Utilizamos cookies e tecnologias semelhantes para aprimorar sua experi\u00eancia, lembrar prefer\u00eancias, analisar o desempenho do site e exibir an\u00fancios relevantes. Voc\u00ea pode gerenciar ou desativar os cookies nas configura\u00e7\u00f5es do seu navegador, embora isso possa afetar a funcionalidade do site.<\/p><h3 class=\"\" data-start=\"1551\" data-end=\"1585\">2. Como usamos suas informa\u00e7\u00f5es<\/h3><p class=\"\" data-start=\"1587\" data-end=\"1650\">Usamos as informa\u00e7\u00f5es que coletamos para os seguintes prop\u00f3sitos:<\/p><ul data-start=\"1651\" data-end=\"2097\"><li class=\"\" data-start=\"1651\" data-end=\"1703\"><p class=\"\" data-start=\"1653\" data-end=\"1703\">Para fornecer e manter nosso site e servi\u00e7os<\/p><\/li><li class=\"\" data-start=\"1704\" data-end=\"1785\"><p class=\"\" data-start=\"1706\" data-end=\"1785\">Para processar solicita\u00e7\u00f5es e conect\u00e1-lo a plataformas de bate-papo por v\u00eddeo de terceiros<\/p><\/li><li class=\"\" data-start=\"1786\" data-end=\"1838\"><p class=\"\" data-start=\"1788\" data-end=\"1838\">Para comunicar com voc\u00ea e responder a perguntas<\/p><\/li><li class=\"\" data-start=\"1839\" data-end=\"1902\"><p class=\"\" data-start=\"1841\" data-end=\"1902\">Para personalizar sua experi\u00eancia e fornecer conte\u00fado relevante<\/p><\/li><li class=\"\" data-start=\"1903\" data-end=\"1951\"><p class=\"\" data-start=\"1905\" data-end=\"1951\">Para analisar o desempenho do site e as tend\u00eancias de uso<\/p><\/li><li class=\"\" data-start=\"1952\" data-end=\"2011\"><p class=\"\" data-start=\"1954\" data-end=\"2011\">Para detectar e prevenir fraudes, abusos ou problemas t\u00e9cnicos<\/p><\/li><li class=\"\" data-start=\"2012\" data-end=\"2047\"><p class=\"\" data-start=\"2014\" data-end=\"2047\">Para fazer cumprir nossos Termos de Servi\u00e7o<\/p><\/li><li class=\"\" data-start=\"2048\" data-end=\"2097\"><p class=\"\" data-start=\"2050\" data-end=\"2097\">Para cumprir com obriga\u00e7\u00f5es legais e regulamentares<\/p><\/li><\/ul><h3 class=\"\" data-start=\"2099\" data-end=\"2145\">3. Base legal para processamento (usu\u00e1rios do GDPR)<\/h3><p class=\"\" data-start=\"2147\" data-end=\"2278\">Se voc\u00ea estiver localizado no Espa\u00e7o Econ\u00f4mico Europeu (EEE), processaremos seus dados com base em um ou mais dos seguintes fundamentos legais:<\/p><ul data-start=\"2279\" data-end=\"2382\"><li class=\"\" data-start=\"2279\" data-end=\"2295\"><p class=\"\" data-start=\"2281\" data-end=\"2295\">Seu consentimento<\/p><\/li><li class=\"\" data-start=\"2296\" data-end=\"2325\"><p class=\"\" data-start=\"2298\" data-end=\"2325\">Execu\u00e7\u00e3o de um contrato<\/p><\/li><li class=\"\" data-start=\"2326\" data-end=\"2346\"><p class=\"\" data-start=\"2328\" data-end=\"2346\">Conformidade legal<\/p><\/li><li class=\"\" data-start=\"2347\" data-end=\"2382\"><p class=\"\" data-start=\"2349\" data-end=\"2382\">Nossos interesses comerciais leg\u00edtimos<\/p><\/li><\/ul><h3 class=\"\" data-start=\"2384\" data-end=\"2415\">4. Compartilhando suas informa\u00e7\u00f5es<\/h3><p class=\"\" data-start=\"2417\" data-end=\"2523\">N\u00e3o vendemos suas informa\u00e7\u00f5es pessoais. Podemos compartilhar seus dados nas seguintes circunst\u00e2ncias limitadas:<\/p><ul data-start=\"2524\" data-end=\"2934\"><li class=\"\" data-start=\"2524\" data-end=\"2634\"><p class=\"\" data-start=\"2526\" data-end=\"2634\">Com provedores de servi\u00e7os terceirizados nos auxiliando na opera\u00e7\u00e3o do site (hospedagem, an\u00e1lise, comunica\u00e7\u00f5es)<\/p><\/li><li class=\"\" data-start=\"2635\" data-end=\"2715\"><p class=\"\" data-start=\"2637\" data-end=\"2715\">Com nossas plataformas de parceiros confi\u00e1veis, se voc\u00ea for aceito como um anfitri\u00e3o de bate-papo por v\u00eddeo<\/p><\/li><li class=\"\" data-start=\"2716\" data-end=\"2780\"><p class=\"\" data-start=\"2718\" data-end=\"2780\">Quando exigido por lei, processo legal ou solicita\u00e7\u00e3o governamental<\/p><\/li><li class=\"\" data-start=\"2781\" data-end=\"2866\"><p class=\"\" data-start=\"2783\" data-end=\"2866\">Para proteger os direitos, a seguran\u00e7a ou a propriedade do Paid2Chat, dos nossos usu\u00e1rios ou do p\u00fablico<\/p><\/li><li class=\"\" data-start=\"2867\" data-end=\"2934\"><p class=\"\" data-start=\"2869\" data-end=\"2934\">Como parte de uma transa\u00e7\u00e3o comercial, como uma fus\u00e3o ou aquisi\u00e7\u00e3o<\/p><\/li><\/ul><h3 class=\"\" data-start=\"2936\" data-end=\"2974\">5. Links e plataformas de terceiros<\/h3><p class=\"\" data-start=\"2976\" data-end=\"3212\">Nosso site pode conter links para sites ou servi\u00e7os de terceiros. Essas plataformas t\u00eam suas pr\u00f3prias pol\u00edticas de privacidade e n\u00e3o nos responsabilizamos por seu conte\u00fado ou pr\u00e1ticas. Recomendamos que voc\u00ea revise suas pol\u00edticas antes de interagir com elas.<\/p><h3 class=\"\" data-start=\"3214\" data-end=\"3234\">6. Seguran\u00e7a de dados<\/h3><p class=\"\" data-start=\"3236\" data-end=\"3442\">Utilizamos medidas padr\u00e3o do setor para proteger suas informa\u00e7\u00f5es contra acesso, divulga\u00e7\u00e3o ou destrui\u00e7\u00e3o n\u00e3o autorizados. No entanto, nenhum sistema \u00e9 totalmente seguro e n\u00e3o podemos garantir a prote\u00e7\u00e3o absoluta dos dados.<\/p><h3 class=\"\" data-start=\"3444\" data-end=\"3465\">7. Reten\u00e7\u00e3o de dados<\/h3><p class=\"\" data-start=\"3467\" data-end=\"3673\">Reteremos suas informa\u00e7\u00f5es pessoais apenas pelo tempo necess\u00e1rio para os fins estabelecidos nesta pol\u00edtica ou para cumprir com requisitos legais. Quando n\u00e3o forem mais necess\u00e1rios, seus dados ser\u00e3o exclu\u00eddos com seguran\u00e7a ou anonimizados.<\/p><h3 class=\"\" data-start=\"3675\" data-end=\"3710\">8. Transfer\u00eancias Internacionais de Dados<\/h3><p class=\"\" data-start=\"3712\" data-end=\"3931\">Se voc\u00ea acessar nosso site de fora do pa\u00eds onde nossos servidores est\u00e3o localizados, seus dados poder\u00e3o ser transferidos e processados em uma jurisdi\u00e7\u00e3o com leis de dados diferentes. Ao usar o Paid2Chat, voc\u00ea concorda com essa transfer\u00eancia.<\/p><h3 class=\"\" data-start=\"3933\" data-end=\"3951\">9. Seus direitos<\/h3><p class=\"\" data-start=\"3953\" data-end=\"4139\"><strong data-start=\"3953\" data-end=\"3972\">Direitos Gerais:<\/strong><br data-start=\"3972\" data-end=\"3975\" \/>Voc\u00ea tem o direito de acessar, atualizar, corrigir, excluir ou restringir o uso dos seus dados pessoais. Voc\u00ea tamb\u00e9m pode se opor ao processamento ou solicitar a portabilidade dos dados.<\/p><p class=\"\" data-start=\"4141\" data-end=\"4191\"><strong data-start=\"4141\" data-end=\"4166\">Para usu\u00e1rios do EEE (GDPR):<\/strong><br data-start=\"4166\" data-end=\"4169\" \/>Voc\u00ea tem direito a:<\/p><ul data-start=\"4192\" data-end=\"4457\"><li class=\"\" data-start=\"4192\" data-end=\"4229\"><p class=\"\" data-start=\"4194\" data-end=\"4229\">Seja informado sobre a coleta de dados<\/p><\/li><li class=\"\" data-start=\"4230\" data-end=\"4250\"><p class=\"\" data-start=\"4232\" data-end=\"4250\">Acesse seus dados<\/p><\/li><li class=\"\" data-start=\"4251\" data-end=\"4275\"><p class=\"\" data-start=\"4253\" data-end=\"4275\">Corrigir imprecis\u00f5es<\/p><\/li><li class=\"\" data-start=\"4276\" data-end=\"4296\"><p class=\"\" data-start=\"4278\" data-end=\"4296\">Solicitar exclus\u00e3o<\/p><\/li><li class=\"\" data-start=\"4297\" data-end=\"4320\"><p class=\"\" data-start=\"4299\" data-end=\"4320\">Restringir processamento<\/p><\/li><li class=\"\" data-start=\"4321\" data-end=\"4347\"><p class=\"\" data-start=\"4323\" data-end=\"4347\">Objetar a certos usos<\/p><\/li><li class=\"\" data-start=\"4348\" data-end=\"4390\"><p class=\"\" data-start=\"4350\" data-end=\"4390\">Transfira seus dados para outro provedor<\/p><\/li><li class=\"\" data-start=\"4391\" data-end=\"4457\"><p class=\"\" data-start=\"4393\" data-end=\"4457\">N\u00e3o estar sujeito a decis\u00f5es automatizadas sem o seu consentimento<\/p><\/li><\/ul><p class=\"\" data-start=\"4459\" data-end=\"4518\"><strong data-start=\"4459\" data-end=\"4491\">Para usu\u00e1rios da Calif\u00f3rnia (CCPA):<\/strong><br data-start=\"4491\" data-end=\"4494\" \/>Voc\u00ea tem o direito de:<\/p><ul data-start=\"4519\" data-end=\"4642\"><li class=\"\" data-start=\"4519\" data-end=\"4557\"><p class=\"\" data-start=\"4521\" data-end=\"4557\">Saiba quais dados pessoais coletamos<\/p><\/li><li class=\"\" data-start=\"4558\" data-end=\"4591\"><p class=\"\" data-start=\"4560\" data-end=\"4591\">Solicitar a exclus\u00e3o dos seus dados<\/p><\/li><li class=\"\" data-start=\"4592\" data-end=\"4642\"><p class=\"\" data-start=\"4594\" data-end=\"4642\">Optar por n\u00e3o vender seus dados (se aplic\u00e1vel)<\/p><\/li><\/ul><p class=\"\" data-start=\"4644\" data-end=\"4736\">Para exercer qualquer um desses direitos, entre em contato conosco pelo e-mail fornecido no final desta pol\u00edtica.<\/p><h3 class=\"\" data-start=\"4738\" data-end=\"4764\">10. Privacidade das crian\u00e7as<\/h3><p class=\"\" data-start=\"4766\" data-end=\"4980\">O Paid2Chat.com \u00e9 estritamente para usu\u00e1rios com 18 anos ou mais. N\u00e3o coletamos ou armazenamos intencionalmente dados pessoais de menores de 18 anos. Se descobrirmos que um menor nos forneceu dados, os excluiremos imediatamente.<\/p><h3 class=\"\" data-start=\"4982\" data-end=\"5020\">11. Altera\u00e7\u00f5es a esta Pol\u00edtica de Privacidade<\/h3><p class=\"\" data-start=\"5022\" data-end=\"5287\">Podemos revisar esta Pol\u00edtica de Privacidade periodicamente para refletir mudan\u00e7as em nossas pr\u00e1ticas, requisitos legais ou opera\u00e7\u00f5es comerciais. Atualizaremos a \u201cData de Vig\u00eancia\u201d conforme necess\u00e1rio. O uso cont\u00ednuo do site ap\u00f3s as atualiza\u00e7\u00f5es implica na aceita\u00e7\u00e3o da pol\u00edtica revisada.<\/p><h3 class=\"\" data-start=\"5289\" data-end=\"5307\">12. Contate-nos<\/h3><p class=\"\" data-start=\"5309\" data-end=\"5436\">Caso tenha alguma d\u00favida, preocupa\u00e7\u00e3o ou solicita\u00e7\u00e3o relacionada a esta Pol\u00edtica de Privacidade ou \u00e0s suas informa\u00e7\u00f5es pessoais, entre em contato conosco por meio do nosso formul\u00e1rio de contato.<\/p><p data-start=\"5309\" data-end=\"5436\">Data de vig\u00eancia: 2 de maio de 2025<\/p>\t\t\t\t\t\t\t\t<\/div>\n\t\t\t\t<\/div>\n\t\t\t\t\t<\/div>\n\t\t<\/div>\n\t\t\t\t\t<\/div>\n\t\t<\/section>\n\t\t\t\t<\/div>","protected":false},"excerpt":{"rendered":"<p>Privacy Paid2Chat.com (\u201cwe,\u201d \u201cus,\u201d or \u201cour\u201d) respects your privacy and is committed to protecting the personal information you share with us. This Privacy Policy explains how we collect, use, disclose, and safeguard your information when you visit our website or use our services. By accessing or using Paid2Chat.com, you agree to the terms outlined in [&hellip;]<\/p>\n","protected":false},"author":1,"featured_media":0,"parent":0,"menu_order":0,"comment_status":"closed","ping_status":"closed","template":"elementor_header_footer","meta":{"footnotes":""},"class_list":["post-43","page","type-page","status-publish","hentry"],"yoast_head":"<!-- This site is optimized with the Yoast SEO plugin v27.4 - https:\/\/yoast.com\/product\/yoast-seo-wordpress\/ -->\n<title>Privacy Policy - Paid2Chat<\/title>\n<meta name=\"robots\" content=\"index, follow, max-snippet:-1, max-image-preview:large, max-video-preview:-1\" \/>\n<link rel=\"canonical\" href=\"https:\/\/paid2chat.com\/pt\/privacy\/\" \/>\n<meta property=\"og:locale\" content=\"pt_BR\" \/>\n<meta property=\"og:type\" content=\"article\" \/>\n<meta property=\"og:title\" content=\"Privacy Policy - Paid2Chat\" \/>\n<meta property=\"og:description\" content=\"Privacy Paid2Chat.com (\u201cwe,\u201d \u201cus,\u201d or \u201cour\u201d) respects your privacy and is committed to protecting the personal information you share with us. This Privacy Policy explains how we collect, use, disclose, and safeguard your information when you visit our website or use our services. By accessing or using Paid2Chat.com, you agree to the terms outlined in [&hellip;]\" \/>\n<meta property=\"og:url\" content=\"https:\/\/paid2chat.com\/pt\/privacy\/\" \/>\n<meta property=\"og:site_name\" content=\"Paid2Chat\" \/>\n<meta property=\"article:modified_time\" content=\"2025-05-02T16:27:48+00:00\" \/>\n<meta property=\"og:image\" content=\"https:\/\/paid2chat.com\/wp-content\/uploads\/2023\/05\/64731f1e55365.jpg\" \/>\n\t<meta property=\"og:image:width\" content=\"1024\" \/>\n\t<meta property=\"og:image:height\" content=\"683\" \/>\n\t<meta property=\"og:image:type\" content=\"image\/jpeg\" \/>\n<meta name=\"twitter:card\" content=\"summary_large_image\" \/>\n<meta name=\"twitter:label1\" content=\"Est. tempo de leitura\" \/>\n\t<meta name=\"twitter:data1\" content=\"4 minutos\" \/>\n<script type=\"application\/ld+json\" class=\"yoast-schema-graph\">{\"@context\":\"https:\\\/\\\/schema.org\",\"@graph\":[{\"@type\":\"WebPage\",\"@id\":\"https:\\\/\\\/paid2chat.com\\\/privacy\\\/\",\"url\":\"https:\\\/\\\/paid2chat.com\\\/privacy\\\/\",\"name\":\"Privacy Policy - Paid2Chat\",\"isPartOf\":{\"@id\":\"https:\\\/\\\/paid2chat.com\\\/#website\"},\"datePublished\":\"2025-05-02T13:29:08+00:00\",\"dateModified\":\"2025-05-02T16:27:48+00:00\",\"breadcrumb\":{\"@id\":\"https:\\\/\\\/paid2chat.com\\\/privacy\\\/#breadcrumb\"},\"inLanguage\":\"pt-BR\",\"potentialAction\":[{\"@type\":\"ReadAction\",\"target\":[\"https:\\\/\\\/paid2chat.com\\\/privacy\\\/\"]}]},{\"@type\":\"BreadcrumbList\",\"@id\":\"https:\\\/\\\/paid2chat.com\\\/privacy\\\/#breadcrumb\",\"itemListElement\":[{\"@type\":\"ListItem\",\"position\":1,\"name\":\"Home\",\"item\":\"https:\\\/\\\/paid2chat.com\\\/\"},{\"@type\":\"ListItem\",\"position\":2,\"name\":\"Privacy Policy\"}]},{\"@type\":\"WebSite\",\"@id\":\"https:\\\/\\\/paid2chat.com\\\/#website\",\"url\":\"https:\\\/\\\/paid2chat.com\\\/\",\"name\":\"Paid2Chat\",\"description\":\"\",\"publisher\":{\"@id\":\"https:\\\/\\\/paid2chat.com\\\/#organization\"},\"potentialAction\":[{\"@type\":\"SearchAction\",\"target\":{\"@type\":\"EntryPoint\",\"urlTemplate\":\"https:\\\/\\\/paid2chat.com\\\/?s={search_term_string}\"},\"query-input\":{\"@type\":\"PropertyValueSpecification\",\"valueRequired\":true,\"valueName\":\"search_term_string\"}}],\"inLanguage\":\"pt-BR\"},{\"@type\":\"Organization\",\"@id\":\"https:\\\/\\\/paid2chat.com\\\/#organization\",\"name\":\"LuckyCrush\",\"url\":\"https:\\\/\\\/paid2chat.com\\\/\",\"logo\":{\"@type\":\"ImageObject\",\"inLanguage\":\"pt-BR\",\"@id\":\"https:\\\/\\\/paid2chat.com\\\/#\\\/schema\\\/logo\\\/image\\\/\",\"url\":\"https:\\\/\\\/paid2chat.com\\\/wp-content\\\/uploads\\\/2020\\\/04\\\/chats-favicon.jpg\",\"contentUrl\":\"https:\\\/\\\/paid2chat.com\\\/wp-content\\\/uploads\\\/2020\\\/04\\\/chats-favicon.jpg\",\"width\":420,\"height\":420,\"caption\":\"LuckyCrush\"},\"image\":{\"@id\":\"https:\\\/\\\/paid2chat.com\\\/#\\\/schema\\\/logo\\\/image\\\/\"}}]}<\/script>\n<!-- \/ Yoast SEO plugin. -->","yoast_head_json":{"title":"Pol\u00edtica de Privacidade - Paid2Chat","robots":{"index":"index","follow":"follow","max-snippet":"max-snippet:-1","max-image-preview":"max-image-preview:large","max-video-preview":"max-video-preview:-1"},"canonical":"https:\/\/paid2chat.com\/pt\/privacy\/","og_locale":"pt_BR","og_type":"article","og_title":"Privacy Policy - Paid2Chat","og_description":"Privacy Paid2Chat.com (\u201cwe,\u201d \u201cus,\u201d or \u201cour\u201d) respects your privacy and is committed to protecting the personal information you share with us. This Privacy Policy explains how we collect, use, disclose, and safeguard your information when you visit our website or use our services. By accessing or using Paid2Chat.com, you agree to the terms outlined in [&hellip;]","og_url":"https:\/\/paid2chat.com\/pt\/privacy\/","og_site_name":"Paid2Chat","article_modified_time":"2025-05-02T16:27:48+00:00","og_image":[{"width":1024,"height":683,"url":"https:\/\/paid2chat.com\/wp-content\/uploads\/2023\/05\/64731f1e55365.jpg","type":"image\/jpeg"}],"twitter_card":"summary_large_image","twitter_misc":{"Est. tempo de leitura":"4 minutos"},"schema":{"@context":"https:\/\/schema.org","@graph":[{"@type":"WebPage","@id":"https:\/\/paid2chat.com\/privacy\/","url":"https:\/\/paid2chat.com\/privacy\/","name":"Pol\u00edtica de Privacidade - Paid2Chat","isPartOf":{"@id":"https:\/\/paid2chat.com\/#website"},"datePublished":"2025-05-02T13:29:08+00:00","dateModified":"2025-05-02T16:27:48+00:00","breadcrumb":{"@id":"https:\/\/paid2chat.com\/privacy\/#breadcrumb"},"inLanguage":"pt-BR","potentialAction":[{"@type":"ReadAction","target":["https:\/\/paid2chat.com\/privacy\/"]}]},{"@type":"BreadcrumbList","@id":"https:\/\/paid2chat.com\/privacy\/#breadcrumb","itemListElement":[{"@type":"ListItem","position":1,"name":"Home","item":"https:\/\/paid2chat.com\/"},{"@type":"ListItem","position":2,"name":"Privacy Policy"}]},{"@type":"WebSite","@id":"https:\/\/paid2chat.com\/#website","url":"https:\/\/paid2chat.com\/","name":"Paid2Chat","description":"","publisher":{"@id":"https:\/\/paid2chat.com\/#organization"},"potentialAction":[{"@type":"SearchAction","target":{"@type":"EntryPoint","urlTemplate":"https:\/\/paid2chat.com\/?s={search_term_string}"},"query-input":{"@type":"PropertyValueSpecification","valueRequired":true,"valueName":"search_term_string"}}],"inLanguage":"pt-BR"},{"@type":"Organization","@id":"https:\/\/paid2chat.com\/#organization","name":"LuckyCrush","url":"https:\/\/paid2chat.com\/","logo":{"@type":"ImageObject","inLanguage":"pt-BR","@id":"https:\/\/paid2chat.com\/#\/schema\/logo\/image\/","url":"https:\/\/paid2chat.com\/wp-content\/uploads\/2020\/04\/chats-favicon.jpg","contentUrl":"https:\/\/paid2chat.com\/wp-content\/uploads\/2020\/04\/chats-favicon.jpg","width":420,"height":420,"caption":"LuckyCrush"},"image":{"@id":"https:\/\/paid2chat.com\/#\/schema\/logo\/image\/"}}]}},"_links":{"self":[{"href":"https:\/\/paid2chat.com\/pt\/wp-json\/wp\/v2\/pages\/43","targetHints":{"allow":["GET"]}}],"collection":[{"href":"https:\/\/paid2chat.com\/pt\/wp-json\/wp\/v2\/pages"}],"about":[{"href":"https:\/\/paid2chat.com\/pt\/wp-json\/wp\/v2\/types\/page"}],"author":[{"embeddable":true,"href":"https:\/\/paid2chat.com\/pt\/wp-json\/wp\/v2\/users\/1"}],"replies":[{"embeddable":true,"href":"https:\/\/paid2chat.com\/pt\/wp-json\/wp\/v2\/comments?post=43"}],"version-history":[{"count":20,"href":"https:\/\/paid2chat.com\/pt\/wp-json\/wp\/v2\/pages\/43\/revisions"}],"predecessor-version":[{"id":3051,"href":"https:\/\/paid2chat.com\/pt\/wp-json\/wp\/v2\/pages\/43\/revisions\/3051"}],"wp:attachment":[{"href":"https:\/\/paid2chat.com\/pt\/wp-json\/wp\/v2\/media?parent=43"}],"curies":[{"name":"wp","href":"https:\/\/api.w.org\/{rel}","templated":true}]}}