{"id":3053,"date":"2025-05-02T18:29:05","date_gmt":"2025-05-02T16:29:05","guid":{"rendered":"https:\/\/paid2chat.com\/?page_id=3053"},"modified":"2025-05-02T18:29:31","modified_gmt":"2025-05-02T16:29:31","slug":"model-agreement","status":"publish","type":"page","link":"https:\/\/paid2chat.com\/pt\/model-agreement\/","title":{"rendered":"Modelo de contrato"},"content":{"rendered":"<div data-elementor-type=\"wp-page\" data-elementor-id=\"3053\" class=\"elementor elementor-3053\" data-elementor-post-type=\"page\">\n\t\t\t\t\t\t<section class=\"elementor-section elementor-top-section elementor-element elementor-element-aa602b1 elementor-section-boxed elementor-section-height-default elementor-section-height-default\" data-id=\"aa602b1\" data-element_type=\"section\" data-e-type=\"section\">\n\t\t\t\t\t\t<div class=\"elementor-container elementor-column-gap-default\">\n\t\t\t\t\t<div class=\"elementor-column elementor-col-100 elementor-top-column elementor-element elementor-element-deb4e48\" data-id=\"deb4e48\" data-element_type=\"column\" data-e-type=\"column\">\n\t\t\t<div class=\"elementor-widget-wrap elementor-element-populated\">\n\t\t\t\t\t\t<div class=\"elementor-element elementor-element-88330ff elementor-widget elementor-widget-heading\" data-id=\"88330ff\" data-element_type=\"widget\" data-e-type=\"widget\" data-widget_type=\"heading.default\">\n\t\t\t\t<div class=\"elementor-widget-container\">\n\t\t\t\t\t<h1 class=\"elementor-heading-title elementor-size-default\">Modelo de contrato<\/h1>\t\t\t\t<\/div>\n\t\t\t\t<\/div>\n\t\t\t\t\t<\/div>\n\t\t<\/div>\n\t\t\t\t\t<\/div>\n\t\t<\/section>\n\t\t\t\t<section class=\"elementor-section elementor-top-section elementor-element elementor-element-e61e2e0 elementor-section-boxed elementor-section-height-default elementor-section-height-default\" data-id=\"e61e2e0\" data-element_type=\"section\" data-e-type=\"section\">\n\t\t\t\t\t\t<div class=\"elementor-container elementor-column-gap-default\">\n\t\t\t\t\t<div class=\"elementor-column elementor-col-100 elementor-top-column elementor-element elementor-element-edbd578\" data-id=\"edbd578\" data-element_type=\"column\" data-e-type=\"column\">\n\t\t\t<div class=\"elementor-widget-wrap elementor-element-populated\">\n\t\t\t\t\t\t<div class=\"elementor-element elementor-element-59fb3ca elementor-widget elementor-widget-text-editor\" data-id=\"59fb3ca\" data-element_type=\"widget\" data-e-type=\"widget\" data-widget_type=\"text-editor.default\">\n\t\t\t\t<div class=\"elementor-widget-container\">\n\t\t\t\t\t\t\t\t\t<p class=\"\" data-start=\"337\" data-end=\"708\">Este Contrato Modelo (\u201cContrato\u201d) \u00e9 celebrado entre <strong data-start=\"396\" data-end=\"413\">Paid2Chat.com<\/strong> (\u201cn\u00f3s\u201d, \u201cnos\u201d, \u201cnosso\u201d ou \u201cPaid2Chat\u201d) e o candidato individual (\u201cvoc\u00ea\u201d, \u201cseu\u201d ou \u201cmodelo\/artista\u201d) que se candidata para ser indicado a uma ou mais plataformas de bate-papo por v\u00eddeo de terceiros por meio do Paid2Chat.com. Ao enviar uma candidatura ou interagir com nossa plataforma, voc\u00ea concorda com os seguintes termos:<\/p><h3 class=\"\" data-start=\"710\" data-end=\"741\">1. Natureza do relacionamento<\/h3><p class=\"\" data-start=\"742\" data-end=\"975\">O Paid2Chat.com n\u00e3o \u00e9 um empregador ou operador de uma plataforma de bate-papo por v\u00eddeo. Atuamos apenas como um facilitador de indica\u00e7\u00e3o e integra\u00e7\u00e3o, conectando candidatos aprovados a provedores externos de servi\u00e7os de bate-papo por v\u00eddeo (&quot;Plataformas Parceiras&quot;).<\/p><p class=\"\" data-start=\"977\" data-end=\"1232\">Voc\u00ea reconhece que ser\u00e1 um <strong data-start=\"1013\" data-end=\"1039\">contratante independente<\/strong>, n\u00e3o um funcion\u00e1rio, de nenhuma Plataforma Parceira com a qual voc\u00ea trabalhe. Voc\u00ea \u00e9 o \u00fanico respons\u00e1vel por determinar suas horas, ganhos e cumprimento de quaisquer obriga\u00e7\u00f5es legais ou fiscais em sua jurisdi\u00e7\u00e3o.<\/p><h3 class=\"\" data-start=\"1234\" data-end=\"1254\">2. Elegibilidade<\/h3><p class=\"\" data-start=\"1255\" data-end=\"1284\">Para se candidatar, voc\u00ea confirma que:<\/p><ul data-start=\"1285\" data-end=\"1613\"><li class=\"\" data-start=\"1285\" data-end=\"1372\"><p class=\"\" data-start=\"1287\" data-end=\"1372\">Voc\u00ea tem pelo menos 18 anos de idade ou a maioridade legal em sua jurisdi\u00e7\u00e3o.<\/p><\/li><li class=\"\" data-start=\"1373\" data-end=\"1532\"><p class=\"\" data-start=\"1375\" data-end=\"1532\">Voc\u00ea tem permiss\u00e3o legal para aparecer diante das c\u00e2meras e participar de bate-papos por v\u00eddeo, de acordo com as leis aplic\u00e1veis ao seu pa\u00eds e ao pa\u00eds da Plataforma Parceira.<\/p><\/li><li class=\"\" data-start=\"1533\" data-end=\"1613\"><p class=\"\" data-start=\"1535\" data-end=\"1613\">Todas as informa\u00e7\u00f5es enviadas em sua inscri\u00e7\u00e3o s\u00e3o verdadeiras, precisas e completas.<\/p><\/li><\/ul><h3 class=\"\" data-start=\"1615\" data-end=\"1649\">3. Servi\u00e7os e Expectativas<\/h3><p class=\"\" data-start=\"1650\" data-end=\"1714\">Como modelo referenciado por meio do Paid2Chat, espera-se que voc\u00ea:<\/p><ul data-start=\"1715\" data-end=\"2095\"><li class=\"\" data-start=\"1715\" data-end=\"1784\"><p class=\"\" data-start=\"1717\" data-end=\"1784\">Organize chats de v\u00eddeo ao vivo por meio da(s) plataforma(s) parceira(s) atribu\u00edda(s) a voc\u00ea<\/p><\/li><li class=\"\" data-start=\"1785\" data-end=\"1860\"><p class=\"\" data-start=\"1787\" data-end=\"1860\">Interaja de forma respeitosa e profissional com os usu\u00e1rios durante as sess\u00f5es de v\u00eddeo<\/p><\/li><li class=\"\" data-start=\"1861\" data-end=\"1923\"><p class=\"\" data-start=\"1863\" data-end=\"1923\">Siga todos os termos e diretrizes da(s) Plataforma(s) do Parceiro<\/p><\/li><li class=\"\" data-start=\"1924\" data-end=\"2021\"><p class=\"\" data-start=\"1926\" data-end=\"2021\">Manter uma conex\u00e3o de internet confi\u00e1vel e tecnologia apropriada (por exemplo, webcam, microfone)<\/p><\/li><li class=\"\" data-start=\"2022\" data-end=\"2095\"><p class=\"\" data-start=\"2024\" data-end=\"2095\">Apare\u00e7a na c\u00e2mera e participe ativamente durante a disponibilidade programada<\/p><\/li><\/ul><p class=\"\" data-start=\"2097\" data-end=\"2263\">Voc\u00ea tem controle total sobre o tipo de conte\u00fado que escolhe fornecer e pode recusar qualquer forma de intera\u00e7\u00e3o que esteja fora de seus limites pessoais ou n\u00edvel de conforto.<\/p><h3 class=\"\" data-start=\"2265\" data-end=\"2295\">4. Ganhos e Pagamentos<\/h3><p class=\"\" data-start=\"2296\" data-end=\"2501\">O Paid2Chat.com n\u00e3o paga diretamente \u00e0s modelos. Todos os ganhos s\u00e3o gerenciados pela Plataforma de Parceiros para a qual voc\u00ea foi encaminhado. Essa plataforma determinar\u00e1 suas taxas de pagamento, cronogramas de pagamento e m\u00e9todos de processamento.<\/p><p class=\"\" data-start=\"2503\" data-end=\"2643\">N\u00e3o nos responsabilizamos por pagamentos atrasados, perdidos ou contestados. D\u00favidas sobre ganhos devem ser encaminhadas \u00e0 Plataforma de Parceiros.<\/p><h3 class=\"\" data-start=\"2645\" data-end=\"2681\">5. Privacidade e Confidencialidade<\/h3><p class=\"\" data-start=\"2682\" data-end=\"2864\">Respeitamos a sua privacidade. Voc\u00ea pode usar um nome art\u00edstico, e seus dados pessoais ser\u00e3o compartilhados apenas com a(s) Plataforma(s) Parceira(s) necess\u00e1ria(s) para concluir seu processo de indica\u00e7\u00e3o e integra\u00e7\u00e3o.<\/p><p class=\"\" data-start=\"2866\" data-end=\"3141\">Voc\u00ea concorda em n\u00e3o compartilhar ou distribuir quaisquer informa\u00e7\u00f5es privadas de usu\u00e1rio ou conte\u00fado da plataforma que voc\u00ea possa acessar durante seu trabalho. Da mesma forma, quaisquer materiais ou documentos fornecidos a voc\u00ea por uma Plataforma Parceira s\u00e3o para seu uso pessoal e n\u00e3o podem ser divulgados ou copiados sem permiss\u00e3o.<\/p><h3 class=\"\" data-start=\"3143\" data-end=\"3167\">6. C\u00f3digo de Conduta<\/h3><p class=\"\" data-start=\"3168\" data-end=\"3274\">Como modelo, voc\u00ea concorda em manter uma conduta respeitosa, profissional e \u00e9tica em todos os momentos, incluindo:<\/p><ul data-start=\"3275\" data-end=\"3606\"><li class=\"\" data-start=\"3275\" data-end=\"3345\"><p class=\"\" data-start=\"3277\" data-end=\"3345\">N\u00e3o se envolver em comportamento ilegal, violento, racista ou explorador<\/p><\/li><li class=\"\" data-start=\"3346\" data-end=\"3410\"><p class=\"\" data-start=\"3348\" data-end=\"3410\">N\u00e3o usar a plataforma para solicita\u00e7\u00e3o, spam ou ass\u00e9dio<\/p><\/li><li class=\"\" data-start=\"3411\" data-end=\"3478\"><p class=\"\" data-start=\"3413\" data-end=\"3478\">N\u00e3o aparecer na c\u00e2mera sob a influ\u00eancia de drogas ou \u00e1lcool<\/p><\/li><li class=\"\" data-start=\"3479\" data-end=\"3547\"><p class=\"\" data-start=\"3481\" data-end=\"3547\">N\u00e3o se passar por outras pessoas ou fornecer informa\u00e7\u00f5es falsas de identidade<\/p><\/li><li class=\"\" data-start=\"3548\" data-end=\"3606\"><p class=\"\" data-start=\"3550\" data-end=\"3606\">Cumprir todas as leis e regulamentos locais aplic\u00e1veis<\/p><\/li><\/ul><p class=\"\" data-start=\"3608\" data-end=\"3717\">A viola\u00e7\u00e3o deste c\u00f3digo pode resultar no encerramento imediato do programa de indica\u00e7\u00e3o e\/ou da Plataforma de Parceiros.<\/p><h3 class=\"\" data-start=\"3719\" data-end=\"3763\">7. Nenhuma garantia de coloca\u00e7\u00e3o ou renda<\/h3><p class=\"\" data-start=\"3764\" data-end=\"3949\">O Paid2Chat.com n\u00e3o garante que sua inscri\u00e7\u00e3o ser\u00e1 aceita, que voc\u00ea ser\u00e1 encaminhado para uma Plataforma Parceira espec\u00edfica ou que voc\u00ea ganhar\u00e1 qualquer quantia espec\u00edfica de renda.<\/p><p class=\"\" data-start=\"3951\" data-end=\"4148\">Os ganhos dependem do seu esfor\u00e7o pessoal, disponibilidade, engajamento diante das c\u00e2meras, consist\u00eancia e demanda do mercado. Depoimentos ou exemplos de renda exibidos em nosso site s\u00e3o apenas para fins ilustrativos.<\/p><h3 class=\"\" data-start=\"4150\" data-end=\"4170\">8. Rescis\u00e3o<\/h3><p class=\"\" data-start=\"4171\" data-end=\"4407\">Qualquer uma das partes poder\u00e1 rescindir este contrato a qualquer momento, com ou sem justa causa. Se voc\u00ea violar estes termos, enviar informa\u00e7\u00f5es falsas ou violar as pol\u00edticas de uma Plataforma Parceira, sua indica\u00e7\u00e3o ou conta poder\u00e1 ser encerrada sem aviso pr\u00e9vio.<\/p><h3 class=\"\" data-start=\"4409\" data-end=\"4434\">9. Conformidade legal<\/h3><p class=\"\" data-start=\"4435\" data-end=\"4646\">Voc\u00ea \u00e9 o \u00fanico respons\u00e1vel por entender e cumprir todas as leis ou regulamenta\u00e7\u00f5es fiscais que se aplicam a voc\u00ea com base em sua localiza\u00e7\u00e3o, incluindo aquelas relacionadas a conte\u00fado adulto, trabalho freelance ou aut\u00f4nomo.<\/p><p class=\"\" data-start=\"4648\" data-end=\"4746\">O Paid2Chat.com n\u00e3o \u00e9 respons\u00e1vel por garantir sua elegibilidade legal para trabalhar como anfitri\u00e3o de bate-papo por v\u00eddeo.<\/p><h3 class=\"\" data-start=\"4748\" data-end=\"4773\">10. Indeniza\u00e7\u00e3o<\/h3><p class=\"\" data-start=\"4774\" data-end=\"4981\">Voc\u00ea concorda em indenizar, defender e isentar de responsabilidade o Paid2Chat.com e suas afiliadas de quaisquer reivindica\u00e7\u00f5es, perdas ou responsabilidades decorrentes de sua conduta, uso de Plataformas Parceiras ou viola\u00e7\u00e3o deste Contrato.<\/p><h3 class=\"\" data-start=\"4983\" data-end=\"5018\">11. Altera\u00e7\u00f5es a este Contrato<\/h3><p class=\"\" data-start=\"5019\" data-end=\"5199\">Podemos revisar estes Termos do Artista a qualquer momento. As atualiza\u00e7\u00f5es ser\u00e3o publicadas em Paid2Chat.com, e o uso cont\u00ednuo de nossos servi\u00e7os ou indica\u00e7\u00f5es constitui aceita\u00e7\u00e3o de quaisquer altera\u00e7\u00f5es.<\/p><h3 class=\"\" data-start=\"5201\" data-end=\"5218\">12. Contato<\/h3><p class=\"\" data-start=\"5219\" data-end=\"5376\">Para d\u00favidas sobre este acordo ou sua fun\u00e7\u00e3o como modelo, entre em contato conosco por meio do nosso formul\u00e1rio de contato.<\/p>\t\t\t\t\t\t\t\t<\/div>\n\t\t\t\t<\/div>\n\t\t\t\t\t<\/div>\n\t\t<\/div>\n\t\t\t\t\t<\/div>\n\t\t<\/section>\n\t\t\t\t<\/div>","protected":false},"excerpt":{"rendered":"<p>This Model Agreement (\u201cAgreement\u201d) is entered into between Paid2Chat.com (\u201cwe,\u201d \u201cus,\u201d \u201cour,\u201d or \u201cPaid2Chat\u201d) and the individual applicant (\u201cyou,\u201d \u201cyour,\u201d or \u201cmodel\/performer\u201d) who applies to be referred to one or more third-party video chat platforms through Paid2Chat.com. By submitting an application or engaging with our platform, you agree to the following terms: 1. Nature of [&hellip;]<\/p>\n","protected":false},"author":1,"featured_media":0,"parent":0,"menu_order":0,"comment_status":"closed","ping_status":"closed","template":"elementor_header_footer","meta":{"footnotes":""},"class_list":["post-3053","page","type-page","status-publish","hentry"],"yoast_head":"<!-- This site is optimized with the Yoast SEO plugin v27.4 - https:\/\/yoast.com\/product\/yoast-seo-wordpress\/ -->\n<title>Model Agreement - Paid2Chat<\/title>\n<meta name=\"robots\" content=\"index, follow, max-snippet:-1, max-image-preview:large, max-video-preview:-1\" \/>\n<link rel=\"canonical\" href=\"https:\/\/paid2chat.com\/pt\/model-agreement\/\" \/>\n<meta property=\"og:locale\" content=\"pt_BR\" \/>\n<meta property=\"og:type\" content=\"article\" \/>\n<meta property=\"og:title\" content=\"Model Agreement - Paid2Chat\" \/>\n<meta property=\"og:description\" content=\"This Model Agreement (\u201cAgreement\u201d) is entered into between Paid2Chat.com (\u201cwe,\u201d \u201cus,\u201d \u201cour,\u201d or \u201cPaid2Chat\u201d) and the individual applicant (\u201cyou,\u201d \u201cyour,\u201d or \u201cmodel\/performer\u201d) who applies to be referred to one or more third-party video chat platforms through Paid2Chat.com. By submitting an application or engaging with our platform, you agree to the following terms: 1. Nature of [&hellip;]\" \/>\n<meta property=\"og:url\" content=\"https:\/\/paid2chat.com\/pt\/model-agreement\/\" \/>\n<meta property=\"og:site_name\" content=\"Paid2Chat\" \/>\n<meta property=\"article:modified_time\" content=\"2025-05-02T16:29:31+00:00\" \/>\n<meta property=\"og:image\" content=\"https:\/\/paid2chat.com\/wp-content\/uploads\/2023\/05\/64731f1e55365.jpg\" \/>\n\t<meta property=\"og:image:width\" content=\"1024\" \/>\n\t<meta property=\"og:image:height\" content=\"683\" \/>\n\t<meta property=\"og:image:type\" content=\"image\/jpeg\" \/>\n<meta name=\"twitter:card\" content=\"summary_large_image\" \/>\n<meta name=\"twitter:label1\" content=\"Est. tempo de leitura\" \/>\n\t<meta name=\"twitter:data1\" content=\"4 minutos\" \/>\n<script type=\"application\/ld+json\" class=\"yoast-schema-graph\">{\"@context\":\"https:\\\/\\\/schema.org\",\"@graph\":[{\"@type\":\"WebPage\",\"@id\":\"https:\\\/\\\/paid2chat.com\\\/model-agreement\\\/\",\"url\":\"https:\\\/\\\/paid2chat.com\\\/model-agreement\\\/\",\"name\":\"Model Agreement - Paid2Chat\",\"isPartOf\":{\"@id\":\"https:\\\/\\\/paid2chat.com\\\/#website\"},\"datePublished\":\"2025-05-02T16:29:05+00:00\",\"dateModified\":\"2025-05-02T16:29:31+00:00\",\"breadcrumb\":{\"@id\":\"https:\\\/\\\/paid2chat.com\\\/model-agreement\\\/#breadcrumb\"},\"inLanguage\":\"pt-BR\",\"potentialAction\":[{\"@type\":\"ReadAction\",\"target\":[\"https:\\\/\\\/paid2chat.com\\\/model-agreement\\\/\"]}]},{\"@type\":\"BreadcrumbList\",\"@id\":\"https:\\\/\\\/paid2chat.com\\\/model-agreement\\\/#breadcrumb\",\"itemListElement\":[{\"@type\":\"ListItem\",\"position\":1,\"name\":\"Home\",\"item\":\"https:\\\/\\\/paid2chat.com\\\/\"},{\"@type\":\"ListItem\",\"position\":2,\"name\":\"Model Agreement\"}]},{\"@type\":\"WebSite\",\"@id\":\"https:\\\/\\\/paid2chat.com\\\/#website\",\"url\":\"https:\\\/\\\/paid2chat.com\\\/\",\"name\":\"Paid2Chat\",\"description\":\"\",\"publisher\":{\"@id\":\"https:\\\/\\\/paid2chat.com\\\/#organization\"},\"potentialAction\":[{\"@type\":\"SearchAction\",\"target\":{\"@type\":\"EntryPoint\",\"urlTemplate\":\"https:\\\/\\\/paid2chat.com\\\/?s={search_term_string}\"},\"query-input\":{\"@type\":\"PropertyValueSpecification\",\"valueRequired\":true,\"valueName\":\"search_term_string\"}}],\"inLanguage\":\"pt-BR\"},{\"@type\":\"Organization\",\"@id\":\"https:\\\/\\\/paid2chat.com\\\/#organization\",\"name\":\"LuckyCrush\",\"url\":\"https:\\\/\\\/paid2chat.com\\\/\",\"logo\":{\"@type\":\"ImageObject\",\"inLanguage\":\"pt-BR\",\"@id\":\"https:\\\/\\\/paid2chat.com\\\/#\\\/schema\\\/logo\\\/image\\\/\",\"url\":\"https:\\\/\\\/paid2chat.com\\\/wp-content\\\/uploads\\\/2020\\\/04\\\/chats-favicon.jpg\",\"contentUrl\":\"https:\\\/\\\/paid2chat.com\\\/wp-content\\\/uploads\\\/2020\\\/04\\\/chats-favicon.jpg\",\"width\":420,\"height\":420,\"caption\":\"LuckyCrush\"},\"image\":{\"@id\":\"https:\\\/\\\/paid2chat.com\\\/#\\\/schema\\\/logo\\\/image\\\/\"}}]}<\/script>\n<!-- \/ Yoast SEO plugin. -->","yoast_head_json":{"title":"Acordo Modelo - Paid2Chat","robots":{"index":"index","follow":"follow","max-snippet":"max-snippet:-1","max-image-preview":"max-image-preview:large","max-video-preview":"max-video-preview:-1"},"canonical":"https:\/\/paid2chat.com\/pt\/model-agreement\/","og_locale":"pt_BR","og_type":"article","og_title":"Model Agreement - Paid2Chat","og_description":"This Model Agreement (\u201cAgreement\u201d) is entered into between Paid2Chat.com (\u201cwe,\u201d \u201cus,\u201d \u201cour,\u201d or \u201cPaid2Chat\u201d) and the individual applicant (\u201cyou,\u201d \u201cyour,\u201d or \u201cmodel\/performer\u201d) who applies to be referred to one or more third-party video chat platforms through Paid2Chat.com. By submitting an application or engaging with our platform, you agree to the following terms: 1. Nature of [&hellip;]","og_url":"https:\/\/paid2chat.com\/pt\/model-agreement\/","og_site_name":"Paid2Chat","article_modified_time":"2025-05-02T16:29:31+00:00","og_image":[{"width":1024,"height":683,"url":"https:\/\/paid2chat.com\/wp-content\/uploads\/2023\/05\/64731f1e55365.jpg","type":"image\/jpeg"}],"twitter_card":"summary_large_image","twitter_misc":{"Est. tempo de leitura":"4 minutos"},"schema":{"@context":"https:\/\/schema.org","@graph":[{"@type":"WebPage","@id":"https:\/\/paid2chat.com\/model-agreement\/","url":"https:\/\/paid2chat.com\/model-agreement\/","name":"Acordo Modelo - Paid2Chat","isPartOf":{"@id":"https:\/\/paid2chat.com\/#website"},"datePublished":"2025-05-02T16:29:05+00:00","dateModified":"2025-05-02T16:29:31+00:00","breadcrumb":{"@id":"https:\/\/paid2chat.com\/model-agreement\/#breadcrumb"},"inLanguage":"pt-BR","potentialAction":[{"@type":"ReadAction","target":["https:\/\/paid2chat.com\/model-agreement\/"]}]},{"@type":"BreadcrumbList","@id":"https:\/\/paid2chat.com\/model-agreement\/#breadcrumb","itemListElement":[{"@type":"ListItem","position":1,"name":"Home","item":"https:\/\/paid2chat.com\/"},{"@type":"ListItem","position":2,"name":"Model Agreement"}]},{"@type":"WebSite","@id":"https:\/\/paid2chat.com\/#website","url":"https:\/\/paid2chat.com\/","name":"Paid2Chat","description":"","publisher":{"@id":"https:\/\/paid2chat.com\/#organization"},"potentialAction":[{"@type":"SearchAction","target":{"@type":"EntryPoint","urlTemplate":"https:\/\/paid2chat.com\/?s={search_term_string}"},"query-input":{"@type":"PropertyValueSpecification","valueRequired":true,"valueName":"search_term_string"}}],"inLanguage":"pt-BR"},{"@type":"Organization","@id":"https:\/\/paid2chat.com\/#organization","name":"LuckyCrush","url":"https:\/\/paid2chat.com\/","logo":{"@type":"ImageObject","inLanguage":"pt-BR","@id":"https:\/\/paid2chat.com\/#\/schema\/logo\/image\/","url":"https:\/\/paid2chat.com\/wp-content\/uploads\/2020\/04\/chats-favicon.jpg","contentUrl":"https:\/\/paid2chat.com\/wp-content\/uploads\/2020\/04\/chats-favicon.jpg","width":420,"height":420,"caption":"LuckyCrush"},"image":{"@id":"https:\/\/paid2chat.com\/#\/schema\/logo\/image\/"}}]}},"_links":{"self":[{"href":"https:\/\/paid2chat.com\/pt\/wp-json\/wp\/v2\/pages\/3053","targetHints":{"allow":["GET"]}}],"collection":[{"href":"https:\/\/paid2chat.com\/pt\/wp-json\/wp\/v2\/pages"}],"about":[{"href":"https:\/\/paid2chat.com\/pt\/wp-json\/wp\/v2\/types\/page"}],"author":[{"embeddable":true,"href":"https:\/\/paid2chat.com\/pt\/wp-json\/wp\/v2\/users\/1"}],"replies":[{"embeddable":true,"href":"https:\/\/paid2chat.com\/pt\/wp-json\/wp\/v2\/comments?post=3053"}],"version-history":[{"count":4,"href":"https:\/\/paid2chat.com\/pt\/wp-json\/wp\/v2\/pages\/3053\/revisions"}],"predecessor-version":[{"id":3057,"href":"https:\/\/paid2chat.com\/pt\/wp-json\/wp\/v2\/pages\/3053\/revisions\/3057"}],"wp:attachment":[{"href":"https:\/\/paid2chat.com\/pt\/wp-json\/wp\/v2\/media?parent=3053"}],"curies":[{"name":"wp","href":"https:\/\/api.w.org\/{rel}","templated":true}]}}