{"id":3028,"date":"2025-05-02T18:21:36","date_gmt":"2025-05-02T16:21:36","guid":{"rendered":"https:\/\/paid2chat.com\/?page_id=3028"},"modified":"2025-05-02T18:28:33","modified_gmt":"2025-05-02T16:28:33","slug":"earnings","status":"publish","type":"page","link":"https:\/\/paid2chat.com\/pt\/earnings\/","title":{"rendered":"Isen\u00e7\u00e3o de responsabilidade sobre os ganhos"},"content":{"rendered":"<div data-elementor-type=\"wp-page\" data-elementor-id=\"3028\" class=\"elementor elementor-3028\" data-elementor-post-type=\"page\">\n\t\t\t\t\t\t<section class=\"elementor-section elementor-top-section elementor-element elementor-element-aa602b1 elementor-section-boxed elementor-section-height-default elementor-section-height-default\" data-id=\"aa602b1\" data-element_type=\"section\" data-e-type=\"section\">\n\t\t\t\t\t\t<div class=\"elementor-container elementor-column-gap-default\">\n\t\t\t\t\t<div class=\"elementor-column elementor-col-100 elementor-top-column elementor-element elementor-element-deb4e48\" data-id=\"deb4e48\" data-element_type=\"column\" data-e-type=\"column\">\n\t\t\t<div class=\"elementor-widget-wrap elementor-element-populated\">\n\t\t\t\t\t\t<div class=\"elementor-element elementor-element-88330ff elementor-widget elementor-widget-heading\" data-id=\"88330ff\" data-element_type=\"widget\" data-e-type=\"widget\" data-widget_type=\"heading.default\">\n\t\t\t\t<div class=\"elementor-widget-container\">\n\t\t\t\t\t<h1 class=\"elementor-heading-title elementor-size-default\">Isen\u00e7\u00e3o de responsabilidade sobre os ganhos<\/h1>\t\t\t\t<\/div>\n\t\t\t\t<\/div>\n\t\t\t\t\t<\/div>\n\t\t<\/div>\n\t\t\t\t\t<\/div>\n\t\t<\/section>\n\t\t\t\t<section class=\"elementor-section elementor-top-section elementor-element elementor-element-e61e2e0 elementor-section-boxed elementor-section-height-default elementor-section-height-default\" data-id=\"e61e2e0\" data-element_type=\"section\" data-e-type=\"section\">\n\t\t\t\t\t\t<div class=\"elementor-container elementor-column-gap-default\">\n\t\t\t\t\t<div class=\"elementor-column elementor-col-100 elementor-top-column elementor-element elementor-element-edbd578\" data-id=\"edbd578\" data-element_type=\"column\" data-e-type=\"column\">\n\t\t\t<div class=\"elementor-widget-wrap elementor-element-populated\">\n\t\t\t\t\t\t<div class=\"elementor-element elementor-element-59fb3ca elementor-widget elementor-widget-text-editor\" data-id=\"59fb3ca\" data-element_type=\"widget\" data-e-type=\"widget\" data-widget_type=\"text-editor.default\">\n\t\t\t\t<div class=\"elementor-widget-container\">\n\t\t\t\t\t\t\t\t\t<p class=\"\" data-start=\"3735\" data-end=\"3993\">O Paid2Chat.com oferece acesso a informa\u00e7\u00f5es, indica\u00e7\u00f5es e oportunidades de conex\u00e3o com plataformas de bate-papo por v\u00eddeo de terceiros que podem lhe permitir gerar renda. No entanto, n\u00e3o garantimos o valor que voc\u00ea ganhar\u00e1 com essas oportunidades.<\/p><h3 class=\"\" data-start=\"3995\" data-end=\"4031\">1. Os resultados individuais podem variar<\/h3><p class=\"\" data-start=\"4032\" data-end=\"4314\">Os ganhos variam muito dependendo de v\u00e1rios fatores, incluindo seu comprometimento de tempo, personalidade, habilidades de comunica\u00e7\u00e3o, consist\u00eancia, disponibilidade e a(s) plataforma(s) espec\u00edfica(s) com a(s) qual(is) voc\u00ea trabalha. Algumas pessoas podem ganhar uma renda substancial, enquanto outras podem ganhar pouco ou nada.<\/p><h3 class=\"\" data-start=\"4316\" data-end=\"4345\">2. Sem renda garantida<\/h3><p class=\"\" data-start=\"4346\" data-end=\"4557\">N\u00e3o garantimos que voc\u00ea alcan\u00e7ar\u00e1 qualquer n\u00edvel espec\u00edfico de renda ou sucesso. Quaisquer exemplos de ganhos ou depoimentos neste site s\u00e3o ilustrativos e n\u00e3o constituem promessa ou previs\u00e3o de desempenho futuro.<\/p><h3 class=\"\" data-start=\"4559\" data-end=\"4605\">3. Voc\u00ea \u00e9 respons\u00e1vel pelos seus resultados<\/h3><p class=\"\" data-start=\"4606\" data-end=\"4902\">Voc\u00ea entende e concorda que \u00e9 totalmente respons\u00e1vel pelo seu progresso, desempenho e resultados de renda provenientes de quaisquer oportunidades apresentadas por meio do Paid2Chat.com ou de seus parceiros. N\u00e3o nos responsabilizamos por qualquer perda de ganhos, oportunidades perdidas ou insatisfa\u00e7\u00e3o relacionada a servi\u00e7os de terceiros.<\/p><h3 class=\"\" data-start=\"4904\" data-end=\"4945\">4. Aplicam-se os Termos da Plataforma Independente<\/h3><p class=\"\" data-start=\"4946\" data-end=\"5178\">Ap\u00f3s a conex\u00e3o com uma plataforma de terceiros, seus ganhos e termos de servi\u00e7o ser\u00e3o regidos por essa plataforma. Os m\u00e9todos de pagamento, a frequ\u00eancia de pagamento e as comiss\u00f5es variam de acordo com o parceiro e n\u00e3o s\u00e3o controlados pelo Paid2Chat.com.<\/p><h3 class=\"\" data-start=\"5180\" data-end=\"5211\">5. Nenhum conselho profissional<\/h3><p class=\"\" data-start=\"5212\" data-end=\"5416\">Nada no Paid2Chat.com deve ser considerado aconselhamento financeiro, jur\u00eddico ou profissional. Recomendamos que voc\u00ea fa\u00e7a sua pr\u00f3pria pesquisa e consulte profissionais, quando apropriado, antes de tomar decis\u00f5es.<\/p><h3 class=\"\" data-start=\"5418\" data-end=\"5434\">6. Contato<\/h3><p class=\"\" data-start=\"5435\" data-end=\"5527\">Caso tenha alguma d\u00favida sobre este aviso legal ou precise de mais informa\u00e7\u00f5es, entre em contato conosco por meio do nosso formul\u00e1rio de contato.<\/p>\t\t\t\t\t\t\t\t<\/div>\n\t\t\t\t<\/div>\n\t\t\t\t\t<\/div>\n\t\t<\/div>\n\t\t\t\t\t<\/div>\n\t\t<\/section>\n\t\t\t\t<\/div>","protected":false},"excerpt":{"rendered":"<p>Paid2Chat.com provides access to information, referrals, and opportunities to connect with third-party video chat platforms that may allow you to earn income. However, we make no guarantees about the amount of money you will earn through these opportunities. 1. Individual Results May Vary Earnings will vary greatly depending on numerous factors, including your time commitment, [&hellip;]<\/p>\n","protected":false},"author":1,"featured_media":0,"parent":0,"menu_order":0,"comment_status":"closed","ping_status":"closed","template":"elementor_header_footer","meta":{"footnotes":""},"class_list":["post-3028","page","type-page","status-publish","hentry"],"yoast_head":"<!-- This site is optimized with the Yoast SEO plugin v27.4 - https:\/\/yoast.com\/product\/yoast-seo-wordpress\/ -->\n<title>Earnings Disclaimer - Paid2Chat<\/title>\n<meta name=\"robots\" content=\"index, follow, max-snippet:-1, max-image-preview:large, max-video-preview:-1\" \/>\n<link rel=\"canonical\" href=\"https:\/\/paid2chat.com\/pt\/earnings\/\" \/>\n<meta property=\"og:locale\" content=\"pt_BR\" \/>\n<meta property=\"og:type\" content=\"article\" \/>\n<meta property=\"og:title\" content=\"Earnings Disclaimer - Paid2Chat\" \/>\n<meta property=\"og:description\" content=\"Paid2Chat.com provides access to information, referrals, and opportunities to connect with third-party video chat platforms that may allow you to earn income. However, we make no guarantees about the amount of money you will earn through these opportunities. 1. Individual Results May Vary Earnings will vary greatly depending on numerous factors, including your time commitment, [&hellip;]\" \/>\n<meta property=\"og:url\" content=\"https:\/\/paid2chat.com\/pt\/earnings\/\" \/>\n<meta property=\"og:site_name\" content=\"Paid2Chat\" \/>\n<meta property=\"article:modified_time\" content=\"2025-05-02T16:28:33+00:00\" \/>\n<meta property=\"og:image\" content=\"https:\/\/paid2chat.com\/wp-content\/uploads\/2023\/05\/64731f1e55365.jpg\" \/>\n\t<meta property=\"og:image:width\" content=\"1024\" \/>\n\t<meta property=\"og:image:height\" content=\"683\" \/>\n\t<meta property=\"og:image:type\" content=\"image\/jpeg\" \/>\n<meta name=\"twitter:card\" content=\"summary_large_image\" \/>\n<meta name=\"twitter:label1\" content=\"Est. tempo de leitura\" \/>\n\t<meta name=\"twitter:data1\" content=\"2 minutos\" \/>\n<script type=\"application\/ld+json\" class=\"yoast-schema-graph\">{\"@context\":\"https:\\\/\\\/schema.org\",\"@graph\":[{\"@type\":\"WebPage\",\"@id\":\"https:\\\/\\\/paid2chat.com\\\/earnings\\\/\",\"url\":\"https:\\\/\\\/paid2chat.com\\\/earnings\\\/\",\"name\":\"Earnings Disclaimer - Paid2Chat\",\"isPartOf\":{\"@id\":\"https:\\\/\\\/paid2chat.com\\\/#website\"},\"datePublished\":\"2025-05-02T16:21:36+00:00\",\"dateModified\":\"2025-05-02T16:28:33+00:00\",\"breadcrumb\":{\"@id\":\"https:\\\/\\\/paid2chat.com\\\/earnings\\\/#breadcrumb\"},\"inLanguage\":\"pt-BR\",\"potentialAction\":[{\"@type\":\"ReadAction\",\"target\":[\"https:\\\/\\\/paid2chat.com\\\/earnings\\\/\"]}]},{\"@type\":\"BreadcrumbList\",\"@id\":\"https:\\\/\\\/paid2chat.com\\\/earnings\\\/#breadcrumb\",\"itemListElement\":[{\"@type\":\"ListItem\",\"position\":1,\"name\":\"Home\",\"item\":\"https:\\\/\\\/paid2chat.com\\\/\"},{\"@type\":\"ListItem\",\"position\":2,\"name\":\"Earnings Disclaimer\"}]},{\"@type\":\"WebSite\",\"@id\":\"https:\\\/\\\/paid2chat.com\\\/#website\",\"url\":\"https:\\\/\\\/paid2chat.com\\\/\",\"name\":\"Paid2Chat\",\"description\":\"\",\"publisher\":{\"@id\":\"https:\\\/\\\/paid2chat.com\\\/#organization\"},\"potentialAction\":[{\"@type\":\"SearchAction\",\"target\":{\"@type\":\"EntryPoint\",\"urlTemplate\":\"https:\\\/\\\/paid2chat.com\\\/?s={search_term_string}\"},\"query-input\":{\"@type\":\"PropertyValueSpecification\",\"valueRequired\":true,\"valueName\":\"search_term_string\"}}],\"inLanguage\":\"pt-BR\"},{\"@type\":\"Organization\",\"@id\":\"https:\\\/\\\/paid2chat.com\\\/#organization\",\"name\":\"LuckyCrush\",\"url\":\"https:\\\/\\\/paid2chat.com\\\/\",\"logo\":{\"@type\":\"ImageObject\",\"inLanguage\":\"pt-BR\",\"@id\":\"https:\\\/\\\/paid2chat.com\\\/#\\\/schema\\\/logo\\\/image\\\/\",\"url\":\"https:\\\/\\\/paid2chat.com\\\/wp-content\\\/uploads\\\/2020\\\/04\\\/chats-favicon.jpg\",\"contentUrl\":\"https:\\\/\\\/paid2chat.com\\\/wp-content\\\/uploads\\\/2020\\\/04\\\/chats-favicon.jpg\",\"width\":420,\"height\":420,\"caption\":\"LuckyCrush\"},\"image\":{\"@id\":\"https:\\\/\\\/paid2chat.com\\\/#\\\/schema\\\/logo\\\/image\\\/\"}}]}<\/script>\n<!-- \/ Yoast SEO plugin. -->","yoast_head_json":{"title":"Isen\u00e7\u00e3o de responsabilidade sobre ganhos - Paid2Chat","robots":{"index":"index","follow":"follow","max-snippet":"max-snippet:-1","max-image-preview":"max-image-preview:large","max-video-preview":"max-video-preview:-1"},"canonical":"https:\/\/paid2chat.com\/pt\/earnings\/","og_locale":"pt_BR","og_type":"article","og_title":"Earnings Disclaimer - Paid2Chat","og_description":"Paid2Chat.com provides access to information, referrals, and opportunities to connect with third-party video chat platforms that may allow you to earn income. However, we make no guarantees about the amount of money you will earn through these opportunities. 1. Individual Results May Vary Earnings will vary greatly depending on numerous factors, including your time commitment, [&hellip;]","og_url":"https:\/\/paid2chat.com\/pt\/earnings\/","og_site_name":"Paid2Chat","article_modified_time":"2025-05-02T16:28:33+00:00","og_image":[{"width":1024,"height":683,"url":"https:\/\/paid2chat.com\/wp-content\/uploads\/2023\/05\/64731f1e55365.jpg","type":"image\/jpeg"}],"twitter_card":"summary_large_image","twitter_misc":{"Est. tempo de leitura":"2 minutos"},"schema":{"@context":"https:\/\/schema.org","@graph":[{"@type":"WebPage","@id":"https:\/\/paid2chat.com\/earnings\/","url":"https:\/\/paid2chat.com\/earnings\/","name":"Isen\u00e7\u00e3o de responsabilidade sobre ganhos - Paid2Chat","isPartOf":{"@id":"https:\/\/paid2chat.com\/#website"},"datePublished":"2025-05-02T16:21:36+00:00","dateModified":"2025-05-02T16:28:33+00:00","breadcrumb":{"@id":"https:\/\/paid2chat.com\/earnings\/#breadcrumb"},"inLanguage":"pt-BR","potentialAction":[{"@type":"ReadAction","target":["https:\/\/paid2chat.com\/earnings\/"]}]},{"@type":"BreadcrumbList","@id":"https:\/\/paid2chat.com\/earnings\/#breadcrumb","itemListElement":[{"@type":"ListItem","position":1,"name":"Home","item":"https:\/\/paid2chat.com\/"},{"@type":"ListItem","position":2,"name":"Earnings Disclaimer"}]},{"@type":"WebSite","@id":"https:\/\/paid2chat.com\/#website","url":"https:\/\/paid2chat.com\/","name":"Paid2Chat","description":"","publisher":{"@id":"https:\/\/paid2chat.com\/#organization"},"potentialAction":[{"@type":"SearchAction","target":{"@type":"EntryPoint","urlTemplate":"https:\/\/paid2chat.com\/?s={search_term_string}"},"query-input":{"@type":"PropertyValueSpecification","valueRequired":true,"valueName":"search_term_string"}}],"inLanguage":"pt-BR"},{"@type":"Organization","@id":"https:\/\/paid2chat.com\/#organization","name":"LuckyCrush","url":"https:\/\/paid2chat.com\/","logo":{"@type":"ImageObject","inLanguage":"pt-BR","@id":"https:\/\/paid2chat.com\/#\/schema\/logo\/image\/","url":"https:\/\/paid2chat.com\/wp-content\/uploads\/2020\/04\/chats-favicon.jpg","contentUrl":"https:\/\/paid2chat.com\/wp-content\/uploads\/2020\/04\/chats-favicon.jpg","width":420,"height":420,"caption":"LuckyCrush"},"image":{"@id":"https:\/\/paid2chat.com\/#\/schema\/logo\/image\/"}}]}},"_links":{"self":[{"href":"https:\/\/paid2chat.com\/pt\/wp-json\/wp\/v2\/pages\/3028","targetHints":{"allow":["GET"]}}],"collection":[{"href":"https:\/\/paid2chat.com\/pt\/wp-json\/wp\/v2\/pages"}],"about":[{"href":"https:\/\/paid2chat.com\/pt\/wp-json\/wp\/v2\/types\/page"}],"author":[{"embeddable":true,"href":"https:\/\/paid2chat.com\/pt\/wp-json\/wp\/v2\/users\/1"}],"replies":[{"embeddable":true,"href":"https:\/\/paid2chat.com\/pt\/wp-json\/wp\/v2\/comments?post=3028"}],"version-history":[{"count":7,"href":"https:\/\/paid2chat.com\/pt\/wp-json\/wp\/v2\/pages\/3028\/revisions"}],"predecessor-version":[{"id":3035,"href":"https:\/\/paid2chat.com\/pt\/wp-json\/wp\/v2\/pages\/3028\/revisions\/3035"}],"wp:attachment":[{"href":"https:\/\/paid2chat.com\/pt\/wp-json\/wp\/v2\/media?parent=3028"}],"curies":[{"name":"wp","href":"https:\/\/api.w.org\/{rel}","templated":true}]}}