{"id":3127,"date":"2025-06-14T14:28:05","date_gmt":"2025-06-14T12:28:05","guid":{"rendered":"https:\/\/paid2chat.com\/?page_id=3127"},"modified":"2025-06-14T14:28:46","modified_gmt":"2025-06-14T12:28:46","slug":"job-opportunities","status":"publish","type":"page","link":"https:\/\/paid2chat.com\/es\/job-opportunities\/","title":{"rendered":"Oportunidades de trabajo"},"content":{"rendered":"<div data-elementor-type=\"wp-page\" data-elementor-id=\"3127\" class=\"elementor elementor-3127\" data-elementor-post-type=\"page\">\n\t\t\t\t\t\t<section class=\"elementor-section elementor-top-section elementor-element elementor-element-aa602b1 elementor-section-boxed elementor-section-height-default elementor-section-height-default\" data-id=\"aa602b1\" data-element_type=\"section\" data-e-type=\"section\">\n\t\t\t\t\t\t<div class=\"elementor-container elementor-column-gap-default\">\n\t\t\t\t\t<div class=\"elementor-column elementor-col-100 elementor-top-column elementor-element elementor-element-deb4e48\" data-id=\"deb4e48\" data-element_type=\"column\" data-e-type=\"column\">\n\t\t\t<div class=\"elementor-widget-wrap elementor-element-populated\">\n\t\t\t\t\t\t<div class=\"elementor-element elementor-element-88330ff elementor-widget elementor-widget-heading\" data-id=\"88330ff\" data-element_type=\"widget\" data-e-type=\"widget\" data-widget_type=\"heading.default\">\n\t\t\t\t<div class=\"elementor-widget-container\">\n\t\t\t\t\t<h1 class=\"elementor-heading-title elementor-size-default\">Oportunidades de trabajo<\/h1>\t\t\t\t<\/div>\n\t\t\t\t<\/div>\n\t\t\t\t\t<\/div>\n\t\t<\/div>\n\t\t\t\t\t<\/div>\n\t\t<\/section>\n\t\t\t\t<section class=\"elementor-section elementor-top-section elementor-element elementor-element-e61e2e0 elementor-section-boxed elementor-section-height-default elementor-section-height-default\" data-id=\"e61e2e0\" data-element_type=\"section\" data-e-type=\"section\">\n\t\t\t\t\t\t<div class=\"elementor-container elementor-column-gap-default\">\n\t\t\t\t\t<div class=\"elementor-column elementor-col-100 elementor-top-column elementor-element elementor-element-edbd578\" data-id=\"edbd578\" data-element_type=\"column\" data-e-type=\"column\">\n\t\t\t<div class=\"elementor-widget-wrap elementor-element-populated\">\n\t\t\t\t\t\t<div class=\"elementor-element elementor-element-59fb3ca elementor-widget elementor-widget-text-editor\" data-id=\"59fb3ca\" data-element_type=\"widget\" data-e-type=\"widget\" data-widget_type=\"text-editor.default\">\n\t\t\t\t<div class=\"elementor-widget-container\">\n\t\t\t\t\t\t\t\t\t<h3 data-start=\"149\" data-end=\"168\">1. Modelo de c\u00e1mara web<\/h3><p data-start=\"170\" data-end=\"460\"><strong data-start=\"170\" data-end=\"186\">Descripci\u00f3n:<\/strong><br data-start=\"186\" data-end=\"189\" \/>Como modelo webcam, interact\u00faas con los espectadores mediante videochat en vivo, fidelizando a tu audiencia y obteniendo ganancias mediante propinas, sesiones privadas y bonificaciones. T\u00fa controlas tu horario, contenido y estilo, ya sea que prefieras conversaciones divertidas, chats privados o presentaciones tem\u00e1ticas.<\/p><p data-start=\"462\" data-end=\"481\"><strong data-start=\"462\" data-end=\"479\">Requisitos:<\/strong><\/p><ul data-start=\"482\" data-end=\"690\"><li data-start=\"482\" data-end=\"511\"><p data-start=\"484\" data-end=\"511\">Debe tener 18 a\u00f1os o m\u00e1s<\/p><\/li><li data-start=\"512\" data-end=\"568\"><p data-start=\"514\" data-end=\"568\">Conexi\u00f3n a Internet confiable, c\u00e1mara web y micr\u00f3fono.<\/p><\/li><li data-start=\"569\" data-end=\"604\"><p data-start=\"571\" data-end=\"604\">C\u00f3modo apareciendo en c\u00e1mara<\/p><\/li><li data-start=\"605\" data-end=\"658\"><p data-start=\"607\" data-end=\"658\">Actitud positiva y fuertes habilidades de comunicaci\u00f3n.<\/p><\/li><li data-start=\"659\" data-end=\"690\"><p data-start=\"661\" data-end=\"690\">Identificaci\u00f3n v\u00e1lida para verificaci\u00f3n de edad<\/p><\/li><\/ul><p data-start=\"692\" data-end=\"707\"><strong data-start=\"692\" data-end=\"705\">Beneficios:<\/strong><\/p><ul data-start=\"708\" data-end=\"889\"><li data-start=\"708\" data-end=\"753\"><p data-start=\"710\" data-end=\"753\">El mayor potencial de ingresos en la plataforma<\/p><\/li><li data-start=\"754\" data-end=\"810\"><p data-start=\"756\" data-end=\"810\">Horario flexible: t\u00fa eliges cu\u00e1ndo y cu\u00e1nto tiempo trabajas<\/p><\/li><li data-start=\"811\" data-end=\"848\"><p data-start=\"813\" data-end=\"848\">Controles y soporte de privacidad completos<\/p><\/li><li data-start=\"849\" data-end=\"889\"><p data-start=\"851\" data-end=\"889\">Oportunidades de bonificaci\u00f3n para los mejores empleados<\/p><\/li><\/ul><h3 data-start=\"896\" data-end=\"918\">2. Anfitri\u00f3n del chat telef\u00f3nico<\/h3><p data-start=\"920\" data-end=\"1160\"><strong data-start=\"920\" data-end=\"936\">Descripci\u00f3n:<\/strong><br data-start=\"936\" data-end=\"939\" \/>Los anfitriones de chats telef\u00f3nicos conectan con quienes llaman para tener conversaciones amigables, compa\u00f1\u00eda o charlas tem\u00e1ticas. No se requiere video: ideal para quienes prefieren no aparecer en c\u00e1mara, pero quieren ganar dinero interactuando y entreteniendo a los dem\u00e1s.<\/p><p data-start=\"1162\" data-end=\"1181\"><strong data-start=\"1162\" data-end=\"1179\">Requisitos:<\/strong><\/p><ul data-start=\"1182\" data-end=\"1370\"><li data-start=\"1182\" data-end=\"1211\"><p data-start=\"1184\" data-end=\"1211\">Debe tener 18 a\u00f1os o m\u00e1s<\/p><\/li><li data-start=\"1212\" data-end=\"1263\"><p data-start=\"1214\" data-end=\"1263\">Voz clara y excelentes habilidades para escuchar.<\/p><\/li><li data-start=\"1264\" data-end=\"1304\"><p data-start=\"1266\" data-end=\"1304\">Entorno tranquilo y privado para llamadas.<\/p><\/li><li data-start=\"1305\" data-end=\"1342\"><p data-start=\"1307\" data-end=\"1342\">Conexi\u00f3n telef\u00f3nica o VOIP confiable<\/p><\/li><li data-start=\"1343\" data-end=\"1370\"><p data-start=\"1345\" data-end=\"1370\">Identificaci\u00f3n v\u00e1lida para verificaci\u00f3n<\/p><\/li><\/ul><p data-start=\"1372\" data-end=\"1387\"><strong data-start=\"1372\" data-end=\"1385\">Beneficios:<\/strong><\/p><ul data-start=\"1388\" data-end=\"1541\"><li data-start=\"1388\" data-end=\"1427\"><p data-start=\"1390\" data-end=\"1427\">Trabaje desde cualquier lugar, sin necesidad de c\u00e1mara<\/p><\/li><li data-start=\"1428\" data-end=\"1476\"><p data-start=\"1430\" data-end=\"1476\">Oportunidades de ganancias constantes con cada llamada<\/p><\/li><li data-start=\"1477\" data-end=\"1502\"><p data-start=\"1479\" data-end=\"1502\">Establece tu propio horario<\/p><\/li><li data-start=\"1503\" data-end=\"1541\"><p data-start=\"1505\" data-end=\"1541\">Apoyo continuo y consejos para el \u00e9xito<\/p><\/li><\/ul><h3 data-start=\"1548\" data-end=\"1570\">3. Creador de contenido<\/h3><p data-start=\"1572\" data-end=\"1838\"><strong data-start=\"1572\" data-end=\"1588\">Descripci\u00f3n:<\/strong><br data-start=\"1588\" data-end=\"1591\" \/>Los creadores de contenido producen fotos exclusivas, videos cortos y publicaciones escritas para sus fans y seguidores en la plataforma Paid2Chat. Este puesto es ideal para quienes disfrutan expresarse y generar seguidores con contenido creativo y atractivo.<\/p><p data-start=\"1840\" data-end=\"1859\"><strong data-start=\"1840\" data-end=\"1857\">Requisitos:<\/strong><\/p><ul data-start=\"1860\" data-end=\"2022\"><li data-start=\"1860\" data-end=\"1889\"><p data-start=\"1862\" data-end=\"1889\">Debe tener 18 a\u00f1os o m\u00e1s<\/p><\/li><li data-start=\"1890\" data-end=\"1942\"><p data-start=\"1892\" data-end=\"1942\">Capacidad de crear fotograf\u00edas y v\u00eddeos de alta calidad.<\/p><\/li><li data-start=\"1943\" data-end=\"1990\"><p data-start=\"1945\" data-end=\"1990\">Creatividad y voluntad de probar nuevas ideas.<\/p><\/li><li data-start=\"1991\" data-end=\"2022\"><p data-start=\"1993\" data-end=\"2022\">Producci\u00f3n de contenido consistente<\/p><\/li><\/ul><p data-start=\"2024\" data-end=\"2039\"><strong data-start=\"2024\" data-end=\"2037\">Beneficios:<\/strong><\/p><ul data-start=\"2040\" data-end=\"2237\"><li data-start=\"2040\" data-end=\"2088\"><p data-start=\"2042\" data-end=\"2088\">Flujo de ingresos adicional junto con el chat en vivo<\/p><\/li><li data-start=\"2089\" data-end=\"2134\"><p data-start=\"2091\" data-end=\"2134\">Haz crecer tu base de fans y recibe consejos directos<\/p><\/li><li data-start=\"2135\" data-end=\"2187\"><p data-start=\"2137\" data-end=\"2187\">Oportunidades de colocaci\u00f3n destacada en el sitio<\/p><\/li><li data-start=\"2188\" data-end=\"2237\"><p data-start=\"2190\" data-end=\"2237\">Control total sobre lo que creas y compartes<\/p><\/li><\/ul><h3 data-start=\"2244\" data-end=\"2284\">4. Moderador de la comunidad (pr\u00f3ximamente)<\/h3><p data-start=\"2286\" data-end=\"2550\"><strong data-start=\"2286\" data-end=\"2302\">Descripci\u00f3n:<\/strong><br data-start=\"2302\" data-end=\"2305\" \/>Los moderadores ayudan a mantener la comunidad Paid2Chat segura y positiva revisando el contenido reportado, brindando apoyo y ayudando a los usuarios. Este puesto es ideal para personas responsables y emp\u00e1ticas que desean contribuir a un ambiente acogedor.<\/p><p data-start=\"2552\" data-end=\"2571\"><strong data-start=\"2552\" data-end=\"2569\">Requisitos:<\/strong><\/p><ul data-start=\"2572\" data-end=\"2686\"><li data-start=\"2572\" data-end=\"2601\"><p data-start=\"2574\" data-end=\"2601\">Debe tener 21 a\u00f1os o m\u00e1s<\/p><\/li><li data-start=\"2602\" data-end=\"2649\"><p data-start=\"2604\" data-end=\"2649\">Excelentes habilidades de juicio y comunicaci\u00f3n.<\/p><\/li><li data-start=\"2650\" data-end=\"2686\"><p data-start=\"2652\" data-end=\"2686\">Discreci\u00f3n y respeto a la privacidad<\/p><\/li><\/ul><p data-start=\"2688\" data-end=\"2703\"><strong data-start=\"2688\" data-end=\"2701\">Beneficios:<\/strong><\/p><ul data-start=\"2704\" data-end=\"2789\"><li data-start=\"2704\" data-end=\"2723\"><p data-start=\"2706\" data-end=\"2723\">Salario competitivo<\/p><\/li><li data-start=\"2724\" data-end=\"2742\"><p data-start=\"2726\" data-end=\"2742\">Horario flexible<\/p><\/li><li data-start=\"2743\" data-end=\"2789\"><p data-start=\"2745\" data-end=\"2789\">Oportunidad de ayudar a dar forma a la comunidad Paid2Chat<\/p><\/li><\/ul><p data-start=\"2796\" data-end=\"2835\"><strong data-start=\"2796\" data-end=\"2833\">Todos los puestos en Paid2Chat ofrecen:<\/strong><\/p><ul data-start=\"2836\" data-end=\"3017\"><li data-start=\"2836\" data-end=\"2867\"><p data-start=\"2838\" data-end=\"2867\">Formaci\u00f3n completa y recursos<\/p><\/li><li data-start=\"2868\" data-end=\"2908\"><p data-start=\"2870\" data-end=\"2908\">Soporte 24\/7 de nuestro equipo dedicado<\/p><\/li><li data-start=\"2909\" data-end=\"2936\"><p data-start=\"2911\" data-end=\"2936\">Pagos r\u00e1pidos y confiables<\/p><\/li><li data-start=\"2937\" data-end=\"2976\"><p data-start=\"2939\" data-end=\"2976\">Un ambiente de trabajo seguro y respetuoso<\/p><\/li><li data-start=\"2977\" data-end=\"3017\"><p data-start=\"2979\" data-end=\"3017\">Oportunidades reales para crecer y tener \u00e9xito<\/p><\/li><\/ul><p data-start=\"3019\" data-end=\"3096\" data-is-last-node=\"\" data-is-only-node=\"\"><strong data-start=\"3019\" data-end=\"3096\" data-is-last-node=\"\">\u00bfListo para empezar? \u00a1Solicita hoy mismo y toma el control de tu carrera online!<\/strong><\/p>\t\t\t\t\t\t\t\t<\/div>\n\t\t\t\t<\/div>\n\t\t\t\t\t<\/div>\n\t\t<\/div>\n\t\t\t\t\t<\/div>\n\t\t<\/section>\n\t\t\t\t<\/div>","protected":false},"excerpt":{"rendered":"<p>1. Webcam Model Description:As a webcam model, you interact with viewers via live video chat, building a loyal audience and earning through tips, private sessions, and bonuses. You control your schedule, content, and style\u2014whether you prefer fun conversations, private chats, or themed performances. Requirements: Must be 18 years or older Reliable internet connection, webcam, and [&hellip;]<\/p>\n","protected":false},"author":1,"featured_media":0,"parent":0,"menu_order":0,"comment_status":"closed","ping_status":"closed","template":"elementor_header_footer","meta":{"footnotes":""},"class_list":["post-3127","page","type-page","status-publish","hentry"],"yoast_head":"<!-- This site is optimized with the Yoast SEO plugin v27.4 - https:\/\/yoast.com\/product\/yoast-seo-wordpress\/ -->\n<title>Job Opportunities - Paid2Chat<\/title>\n<meta name=\"robots\" content=\"index, follow, max-snippet:-1, max-image-preview:large, max-video-preview:-1\" \/>\n<link rel=\"canonical\" href=\"https:\/\/paid2chat.com\/es\/job-opportunities\/\" \/>\n<meta property=\"og:locale\" content=\"es_ES\" \/>\n<meta property=\"og:type\" content=\"article\" \/>\n<meta property=\"og:title\" content=\"Job Opportunities - Paid2Chat\" \/>\n<meta property=\"og:description\" content=\"1. Webcam Model Description:As a webcam model, you interact with viewers via live video chat, building a loyal audience and earning through tips, private sessions, and bonuses. You control your schedule, content, and style\u2014whether you prefer fun conversations, private chats, or themed performances. Requirements: Must be 18 years or older Reliable internet connection, webcam, and [&hellip;]\" \/>\n<meta property=\"og:url\" content=\"https:\/\/paid2chat.com\/es\/job-opportunities\/\" \/>\n<meta property=\"og:site_name\" content=\"Paid2Chat\" \/>\n<meta property=\"article:modified_time\" content=\"2025-06-14T12:28:46+00:00\" \/>\n<meta property=\"og:image\" content=\"https:\/\/paid2chat.com\/wp-content\/uploads\/2023\/05\/64731f1e55365.jpg\" \/>\n\t<meta property=\"og:image:width\" content=\"1024\" \/>\n\t<meta property=\"og:image:height\" content=\"683\" \/>\n\t<meta property=\"og:image:type\" content=\"image\/jpeg\" \/>\n<meta name=\"twitter:card\" content=\"summary_large_image\" \/>\n<meta name=\"twitter:label1\" content=\"Tiempo de lectura\" \/>\n\t<meta name=\"twitter:data1\" content=\"2 minutos\" \/>\n<script type=\"application\/ld+json\" class=\"yoast-schema-graph\">{\"@context\":\"https:\\\/\\\/schema.org\",\"@graph\":[{\"@type\":\"WebPage\",\"@id\":\"https:\\\/\\\/paid2chat.com\\\/job-opportunities\\\/\",\"url\":\"https:\\\/\\\/paid2chat.com\\\/job-opportunities\\\/\",\"name\":\"Job Opportunities - Paid2Chat\",\"isPartOf\":{\"@id\":\"https:\\\/\\\/paid2chat.com\\\/#website\"},\"datePublished\":\"2025-06-14T12:28:05+00:00\",\"dateModified\":\"2025-06-14T12:28:46+00:00\",\"breadcrumb\":{\"@id\":\"https:\\\/\\\/paid2chat.com\\\/job-opportunities\\\/#breadcrumb\"},\"inLanguage\":\"es\",\"potentialAction\":[{\"@type\":\"ReadAction\",\"target\":[\"https:\\\/\\\/paid2chat.com\\\/job-opportunities\\\/\"]}]},{\"@type\":\"BreadcrumbList\",\"@id\":\"https:\\\/\\\/paid2chat.com\\\/job-opportunities\\\/#breadcrumb\",\"itemListElement\":[{\"@type\":\"ListItem\",\"position\":1,\"name\":\"Home\",\"item\":\"https:\\\/\\\/paid2chat.com\\\/\"},{\"@type\":\"ListItem\",\"position\":2,\"name\":\"Job Opportunities\"}]},{\"@type\":\"WebSite\",\"@id\":\"https:\\\/\\\/paid2chat.com\\\/#website\",\"url\":\"https:\\\/\\\/paid2chat.com\\\/\",\"name\":\"Paid2Chat\",\"description\":\"\",\"publisher\":{\"@id\":\"https:\\\/\\\/paid2chat.com\\\/#organization\"},\"potentialAction\":[{\"@type\":\"SearchAction\",\"target\":{\"@type\":\"EntryPoint\",\"urlTemplate\":\"https:\\\/\\\/paid2chat.com\\\/?s={search_term_string}\"},\"query-input\":{\"@type\":\"PropertyValueSpecification\",\"valueRequired\":true,\"valueName\":\"search_term_string\"}}],\"inLanguage\":\"es\"},{\"@type\":\"Organization\",\"@id\":\"https:\\\/\\\/paid2chat.com\\\/#organization\",\"name\":\"LuckyCrush\",\"url\":\"https:\\\/\\\/paid2chat.com\\\/\",\"logo\":{\"@type\":\"ImageObject\",\"inLanguage\":\"es\",\"@id\":\"https:\\\/\\\/paid2chat.com\\\/#\\\/schema\\\/logo\\\/image\\\/\",\"url\":\"https:\\\/\\\/paid2chat.com\\\/wp-content\\\/uploads\\\/2020\\\/04\\\/chats-favicon.jpg\",\"contentUrl\":\"https:\\\/\\\/paid2chat.com\\\/wp-content\\\/uploads\\\/2020\\\/04\\\/chats-favicon.jpg\",\"width\":420,\"height\":420,\"caption\":\"LuckyCrush\"},\"image\":{\"@id\":\"https:\\\/\\\/paid2chat.com\\\/#\\\/schema\\\/logo\\\/image\\\/\"}}]}<\/script>\n<!-- \/ Yoast SEO plugin. -->","yoast_head_json":{"title":"Oportunidades de trabajo - Paid2Chat","robots":{"index":"index","follow":"follow","max-snippet":"max-snippet:-1","max-image-preview":"max-image-preview:large","max-video-preview":"max-video-preview:-1"},"canonical":"https:\/\/paid2chat.com\/es\/job-opportunities\/","og_locale":"es_ES","og_type":"article","og_title":"Job Opportunities - Paid2Chat","og_description":"1. Webcam Model Description:As a webcam model, you interact with viewers via live video chat, building a loyal audience and earning through tips, private sessions, and bonuses. You control your schedule, content, and style\u2014whether you prefer fun conversations, private chats, or themed performances. Requirements: Must be 18 years or older Reliable internet connection, webcam, and [&hellip;]","og_url":"https:\/\/paid2chat.com\/es\/job-opportunities\/","og_site_name":"Paid2Chat","article_modified_time":"2025-06-14T12:28:46+00:00","og_image":[{"width":1024,"height":683,"url":"https:\/\/paid2chat.com\/wp-content\/uploads\/2023\/05\/64731f1e55365.jpg","type":"image\/jpeg"}],"twitter_card":"summary_large_image","twitter_misc":{"Tiempo de lectura":"2 minutos"},"schema":{"@context":"https:\/\/schema.org","@graph":[{"@type":"WebPage","@id":"https:\/\/paid2chat.com\/job-opportunities\/","url":"https:\/\/paid2chat.com\/job-opportunities\/","name":"Oportunidades de trabajo - Paid2Chat","isPartOf":{"@id":"https:\/\/paid2chat.com\/#website"},"datePublished":"2025-06-14T12:28:05+00:00","dateModified":"2025-06-14T12:28:46+00:00","breadcrumb":{"@id":"https:\/\/paid2chat.com\/job-opportunities\/#breadcrumb"},"inLanguage":"es","potentialAction":[{"@type":"ReadAction","target":["https:\/\/paid2chat.com\/job-opportunities\/"]}]},{"@type":"BreadcrumbList","@id":"https:\/\/paid2chat.com\/job-opportunities\/#breadcrumb","itemListElement":[{"@type":"ListItem","position":1,"name":"Home","item":"https:\/\/paid2chat.com\/"},{"@type":"ListItem","position":2,"name":"Job Opportunities"}]},{"@type":"WebSite","@id":"https:\/\/paid2chat.com\/#website","url":"https:\/\/paid2chat.com\/","name":"Paid2Chat","description":"","publisher":{"@id":"https:\/\/paid2chat.com\/#organization"},"potentialAction":[{"@type":"SearchAction","target":{"@type":"EntryPoint","urlTemplate":"https:\/\/paid2chat.com\/?s={search_term_string}"},"query-input":{"@type":"PropertyValueSpecification","valueRequired":true,"valueName":"search_term_string"}}],"inLanguage":"es"},{"@type":"Organization","@id":"https:\/\/paid2chat.com\/#organization","name":"LuckyCrush","url":"https:\/\/paid2chat.com\/","logo":{"@type":"ImageObject","inLanguage":"es","@id":"https:\/\/paid2chat.com\/#\/schema\/logo\/image\/","url":"https:\/\/paid2chat.com\/wp-content\/uploads\/2020\/04\/chats-favicon.jpg","contentUrl":"https:\/\/paid2chat.com\/wp-content\/uploads\/2020\/04\/chats-favicon.jpg","width":420,"height":420,"caption":"LuckyCrush"},"image":{"@id":"https:\/\/paid2chat.com\/#\/schema\/logo\/image\/"}}]}},"_links":{"self":[{"href":"https:\/\/paid2chat.com\/es\/wp-json\/wp\/v2\/pages\/3127","targetHints":{"allow":["GET"]}}],"collection":[{"href":"https:\/\/paid2chat.com\/es\/wp-json\/wp\/v2\/pages"}],"about":[{"href":"https:\/\/paid2chat.com\/es\/wp-json\/wp\/v2\/types\/page"}],"author":[{"embeddable":true,"href":"https:\/\/paid2chat.com\/es\/wp-json\/wp\/v2\/users\/1"}],"replies":[{"embeddable":true,"href":"https:\/\/paid2chat.com\/es\/wp-json\/wp\/v2\/comments?post=3127"}],"version-history":[{"count":4,"href":"https:\/\/paid2chat.com\/es\/wp-json\/wp\/v2\/pages\/3127\/revisions"}],"predecessor-version":[{"id":3131,"href":"https:\/\/paid2chat.com\/es\/wp-json\/wp\/v2\/pages\/3127\/revisions\/3131"}],"wp:attachment":[{"href":"https:\/\/paid2chat.com\/es\/wp-json\/wp\/v2\/media?parent=3127"}],"curies":[{"name":"gracias","href":"https:\/\/api.w.org\/{rel}","templated":true}]}}