{"id":3122,"date":"2025-06-14T14:27:01","date_gmt":"2025-06-14T12:27:01","guid":{"rendered":"https:\/\/paid2chat.com\/?page_id=3122"},"modified":"2025-06-14T14:27:24","modified_gmt":"2025-06-14T12:27:24","slug":"how-it-works","status":"publish","type":"page","link":"https:\/\/paid2chat.com\/es\/how-it-works\/","title":{"rendered":"C\u00f3mo funciona"},"content":{"rendered":"<div data-elementor-type=\"wp-page\" data-elementor-id=\"3122\" class=\"elementor elementor-3122\" data-elementor-post-type=\"page\">\n\t\t\t\t\t\t<section class=\"elementor-section elementor-top-section elementor-element elementor-element-aa602b1 elementor-section-boxed elementor-section-height-default elementor-section-height-default\" data-id=\"aa602b1\" data-element_type=\"section\" data-e-type=\"section\">\n\t\t\t\t\t\t<div class=\"elementor-container elementor-column-gap-default\">\n\t\t\t\t\t<div class=\"elementor-column elementor-col-100 elementor-top-column elementor-element elementor-element-deb4e48\" data-id=\"deb4e48\" data-element_type=\"column\" data-e-type=\"column\">\n\t\t\t<div class=\"elementor-widget-wrap elementor-element-populated\">\n\t\t\t\t\t\t<div class=\"elementor-element elementor-element-88330ff elementor-widget elementor-widget-heading\" data-id=\"88330ff\" data-element_type=\"widget\" data-e-type=\"widget\" data-widget_type=\"heading.default\">\n\t\t\t\t<div class=\"elementor-widget-container\">\n\t\t\t\t\t<h1 class=\"elementor-heading-title elementor-size-default\">C\u00f3mo funciona<\/h1>\t\t\t\t<\/div>\n\t\t\t\t<\/div>\n\t\t\t\t\t<\/div>\n\t\t<\/div>\n\t\t\t\t\t<\/div>\n\t\t<\/section>\n\t\t\t\t<section class=\"elementor-section elementor-top-section elementor-element elementor-element-e61e2e0 elementor-section-boxed elementor-section-height-default elementor-section-height-default\" data-id=\"e61e2e0\" data-element_type=\"section\" data-e-type=\"section\">\n\t\t\t\t\t\t<div class=\"elementor-container elementor-column-gap-default\">\n\t\t\t\t\t<div class=\"elementor-column elementor-col-100 elementor-top-column elementor-element elementor-element-edbd578\" data-id=\"edbd578\" data-element_type=\"column\" data-e-type=\"column\">\n\t\t\t<div class=\"elementor-widget-wrap elementor-element-populated\">\n\t\t\t\t\t\t<div class=\"elementor-element elementor-element-59fb3ca elementor-widget elementor-widget-text-editor\" data-id=\"59fb3ca\" data-element_type=\"widget\" data-e-type=\"widget\" data-widget_type=\"text-editor.default\">\n\t\t\t\t<div class=\"elementor-widget-container\">\n\t\t\t\t\t\t\t\t\t<h3 data-start=\"88\" data-end=\"107\">Paso 1: Reg\u00edstrate<\/h3><p data-start=\"109\" data-end=\"382\">Empezar a usar Paid2Chat es r\u00e1pido y sencillo. Simplemente completa nuestra solicitud en l\u00ednea con tus datos b\u00e1sicos, roles preferidos (presentador de chat, modelo de webcam o ambos) y algunas fotos recientes. Deber\u00e1s verificar tu edad e identidad para garantizar una comunidad segura.<\/p><h3 data-start=\"384\" data-end=\"414\">Paso 2: Revisi\u00f3n de la solicitud<\/h3><p data-start=\"416\" data-end=\"616\">Nuestro equipo revisa cada solicitud cuidadosamente. Buscamos personas entusiastas y confiables, listas para participar y crecer en nuestra plataforma. La mayor\u00eda de los solicitantes reciben una respuesta en un plazo de 24 a 48 horas.<\/p><h3 data-start=\"618\" data-end=\"651\">Paso 3: Incorporaci\u00f3n y capacitaci\u00f3n<\/h3><p data-start=\"653\" data-end=\"883\">Una vez aprobado, acceder\u00e1s a nuestro portal privado de incorporaci\u00f3n. Aqu\u00ed encontrar\u00e1s gu\u00edas paso a paso, videotutoriales y recomendaciones para que tengas \u00e9xito, tanto si eres nuevo en el chat en l\u00ednea como si ya tienes experiencia.<\/p><ul data-start=\"885\" data-end=\"1311\"><li data-start=\"885\" data-end=\"985\"><p data-start=\"887\" data-end=\"985\"><strong data-start=\"887\" data-end=\"907\">Configuraci\u00f3n del equipo:<\/strong> Aprenda a configurar su c\u00e1mara web, iluminaci\u00f3n y audio para lograr una apariencia profesional.<\/p><\/li><li data-start=\"986\" data-end=\"1091\"><p data-start=\"988\" data-end=\"1091\"><strong data-start=\"988\" data-end=\"1009\">Creaci\u00f3n de perfil:<\/strong> Consejos para crear un perfil atractivo y seguro que atraiga a la audiencia adecuada.<\/p><\/li><li data-start=\"1092\" data-end=\"1207\"><p data-start=\"1094\" data-end=\"1207\"><strong data-start=\"1094\" data-end=\"1116\">Capacitaci\u00f3n en plataforma:<\/strong> Tutoriales sobre el uso de la interfaz Paid2Chat, el manejo de chats y la administraci\u00f3n de su agenda.<\/p><\/li><li data-start=\"1208\" data-end=\"1311\"><p data-start=\"1210\" data-end=\"1311\"><strong data-start=\"1210\" data-end=\"1231\">Seguridad y privacidad:<\/strong> Orientaci\u00f3n sobre c\u00f3mo proteger su identidad y mantener l\u00edmites saludables en l\u00ednea.<\/p><\/li><\/ul><h3 data-start=\"1313\" data-end=\"1350\">Paso 4: Comience a operar y a ganar dinero<\/h3><p data-start=\"1352\" data-end=\"1614\">Tras la incorporaci\u00f3n, \u00a1est\u00e1s listo para empezar! Define tu propio horario, transmite en vivo cuando quieras y elige los tipos de chats o programas que mejor se adapten a ti. Tendr\u00e1s control total sobre tu experiencia: Paid2Chat te da la flexibilidad de trabajar cu\u00e1ndo, d\u00f3nde y c\u00f3mo quieras.<\/p><h3 data-start=\"1616\" data-end=\"1643\">Paso 5: Soporte continuo<\/h3><p data-start=\"1645\" data-end=\"1958\">No te dejamos que lo resuelvas solo. Nuestro equipo de soporte est\u00e1 disponible las 24 horas, los 7 d\u00edas de la semana, para responder preguntas, resolver problemas t\u00e9cnicos y ofrecerte asesoramiento. Adem\u00e1s, tendr\u00e1s acceso a una comunidad en l\u00ednea de apoyo, actualizaciones peri\u00f3dicas de capacitaci\u00f3n y oportunidades para aumentar tus ingresos mediante bonificaciones e incentivos.<\/p><p data-start=\"1965\" data-end=\"2068\" data-is-last-node=\"\" data-is-only-node=\"\"><strong data-start=\"1965\" data-end=\"2068\" data-is-last-node=\"\">\u00bfListo para unirte a Paid2Chat? \u00a1Reg\u00edstrate hoy y descubre lo f\u00e1cil y gratificante que puede ser trabajar en el chat online!<\/strong><\/p>\t\t\t\t\t\t\t\t<\/div>\n\t\t\t\t<\/div>\n\t\t\t\t\t<\/div>\n\t\t<\/div>\n\t\t\t\t\t<\/div>\n\t\t<\/section>\n\t\t\t\t<\/div>","protected":false},"excerpt":{"rendered":"<p>Step 1: Sign Up Getting started with Paid2Chat is quick and easy. Simply fill out our online application with your basic details, preferred roles (chat host, webcam model, or both), and a few recent photos. You\u2019ll need to verify your age and identity to ensure a safe and secure community. Step 2: Application Review Our [&hellip;]<\/p>\n","protected":false},"author":1,"featured_media":0,"parent":0,"menu_order":0,"comment_status":"closed","ping_status":"closed","template":"elementor_header_footer","meta":{"footnotes":""},"class_list":["post-3122","page","type-page","status-publish","hentry"],"yoast_head":"<!-- This site is optimized with the Yoast SEO plugin v27.4 - https:\/\/yoast.com\/product\/yoast-seo-wordpress\/ -->\n<title>How It Works - Paid2Chat<\/title>\n<meta name=\"robots\" content=\"index, follow, max-snippet:-1, max-image-preview:large, max-video-preview:-1\" \/>\n<link rel=\"canonical\" href=\"https:\/\/paid2chat.com\/es\/how-it-works\/\" \/>\n<meta property=\"og:locale\" content=\"es_ES\" \/>\n<meta property=\"og:type\" content=\"article\" \/>\n<meta property=\"og:title\" content=\"How It Works - Paid2Chat\" \/>\n<meta property=\"og:description\" content=\"Step 1: Sign Up Getting started with Paid2Chat is quick and easy. Simply fill out our online application with your basic details, preferred roles (chat host, webcam model, or both), and a few recent photos. You\u2019ll need to verify your age and identity to ensure a safe and secure community. Step 2: Application Review Our [&hellip;]\" \/>\n<meta property=\"og:url\" content=\"https:\/\/paid2chat.com\/es\/how-it-works\/\" \/>\n<meta property=\"og:site_name\" content=\"Paid2Chat\" \/>\n<meta property=\"article:modified_time\" content=\"2025-06-14T12:27:24+00:00\" \/>\n<meta property=\"og:image\" content=\"https:\/\/paid2chat.com\/wp-content\/uploads\/2023\/05\/64731f1e55365.jpg\" \/>\n\t<meta property=\"og:image:width\" content=\"1024\" \/>\n\t<meta property=\"og:image:height\" content=\"683\" \/>\n\t<meta property=\"og:image:type\" content=\"image\/jpeg\" \/>\n<meta name=\"twitter:card\" content=\"summary_large_image\" \/>\n<meta name=\"twitter:label1\" content=\"Tiempo de lectura\" \/>\n\t<meta name=\"twitter:data1\" content=\"2 minutos\" \/>\n<script type=\"application\/ld+json\" class=\"yoast-schema-graph\">{\"@context\":\"https:\\\/\\\/schema.org\",\"@graph\":[{\"@type\":\"WebPage\",\"@id\":\"https:\\\/\\\/paid2chat.com\\\/how-it-works\\\/\",\"url\":\"https:\\\/\\\/paid2chat.com\\\/how-it-works\\\/\",\"name\":\"How It Works - Paid2Chat\",\"isPartOf\":{\"@id\":\"https:\\\/\\\/paid2chat.com\\\/#website\"},\"datePublished\":\"2025-06-14T12:27:01+00:00\",\"dateModified\":\"2025-06-14T12:27:24+00:00\",\"breadcrumb\":{\"@id\":\"https:\\\/\\\/paid2chat.com\\\/how-it-works\\\/#breadcrumb\"},\"inLanguage\":\"es\",\"potentialAction\":[{\"@type\":\"ReadAction\",\"target\":[\"https:\\\/\\\/paid2chat.com\\\/how-it-works\\\/\"]}]},{\"@type\":\"BreadcrumbList\",\"@id\":\"https:\\\/\\\/paid2chat.com\\\/how-it-works\\\/#breadcrumb\",\"itemListElement\":[{\"@type\":\"ListItem\",\"position\":1,\"name\":\"Home\",\"item\":\"https:\\\/\\\/paid2chat.com\\\/\"},{\"@type\":\"ListItem\",\"position\":2,\"name\":\"How It Works\"}]},{\"@type\":\"WebSite\",\"@id\":\"https:\\\/\\\/paid2chat.com\\\/#website\",\"url\":\"https:\\\/\\\/paid2chat.com\\\/\",\"name\":\"Paid2Chat\",\"description\":\"\",\"publisher\":{\"@id\":\"https:\\\/\\\/paid2chat.com\\\/#organization\"},\"potentialAction\":[{\"@type\":\"SearchAction\",\"target\":{\"@type\":\"EntryPoint\",\"urlTemplate\":\"https:\\\/\\\/paid2chat.com\\\/?s={search_term_string}\"},\"query-input\":{\"@type\":\"PropertyValueSpecification\",\"valueRequired\":true,\"valueName\":\"search_term_string\"}}],\"inLanguage\":\"es\"},{\"@type\":\"Organization\",\"@id\":\"https:\\\/\\\/paid2chat.com\\\/#organization\",\"name\":\"LuckyCrush\",\"url\":\"https:\\\/\\\/paid2chat.com\\\/\",\"logo\":{\"@type\":\"ImageObject\",\"inLanguage\":\"es\",\"@id\":\"https:\\\/\\\/paid2chat.com\\\/#\\\/schema\\\/logo\\\/image\\\/\",\"url\":\"https:\\\/\\\/paid2chat.com\\\/wp-content\\\/uploads\\\/2020\\\/04\\\/chats-favicon.jpg\",\"contentUrl\":\"https:\\\/\\\/paid2chat.com\\\/wp-content\\\/uploads\\\/2020\\\/04\\\/chats-favicon.jpg\",\"width\":420,\"height\":420,\"caption\":\"LuckyCrush\"},\"image\":{\"@id\":\"https:\\\/\\\/paid2chat.com\\\/#\\\/schema\\\/logo\\\/image\\\/\"}}]}<\/script>\n<!-- \/ Yoast SEO plugin. -->","yoast_head_json":{"title":"C\u00f3mo funciona - Paid2Chat","robots":{"index":"index","follow":"follow","max-snippet":"max-snippet:-1","max-image-preview":"max-image-preview:large","max-video-preview":"max-video-preview:-1"},"canonical":"https:\/\/paid2chat.com\/es\/how-it-works\/","og_locale":"es_ES","og_type":"article","og_title":"How It Works - Paid2Chat","og_description":"Step 1: Sign Up Getting started with Paid2Chat is quick and easy. Simply fill out our online application with your basic details, preferred roles (chat host, webcam model, or both), and a few recent photos. You\u2019ll need to verify your age and identity to ensure a safe and secure community. Step 2: Application Review Our [&hellip;]","og_url":"https:\/\/paid2chat.com\/es\/how-it-works\/","og_site_name":"Paid2Chat","article_modified_time":"2025-06-14T12:27:24+00:00","og_image":[{"width":1024,"height":683,"url":"https:\/\/paid2chat.com\/wp-content\/uploads\/2023\/05\/64731f1e55365.jpg","type":"image\/jpeg"}],"twitter_card":"summary_large_image","twitter_misc":{"Tiempo de lectura":"2 minutos"},"schema":{"@context":"https:\/\/schema.org","@graph":[{"@type":"WebPage","@id":"https:\/\/paid2chat.com\/how-it-works\/","url":"https:\/\/paid2chat.com\/how-it-works\/","name":"C\u00f3mo funciona - Paid2Chat","isPartOf":{"@id":"https:\/\/paid2chat.com\/#website"},"datePublished":"2025-06-14T12:27:01+00:00","dateModified":"2025-06-14T12:27:24+00:00","breadcrumb":{"@id":"https:\/\/paid2chat.com\/how-it-works\/#breadcrumb"},"inLanguage":"es","potentialAction":[{"@type":"ReadAction","target":["https:\/\/paid2chat.com\/how-it-works\/"]}]},{"@type":"BreadcrumbList","@id":"https:\/\/paid2chat.com\/how-it-works\/#breadcrumb","itemListElement":[{"@type":"ListItem","position":1,"name":"Home","item":"https:\/\/paid2chat.com\/"},{"@type":"ListItem","position":2,"name":"How It Works"}]},{"@type":"WebSite","@id":"https:\/\/paid2chat.com\/#website","url":"https:\/\/paid2chat.com\/","name":"Paid2Chat","description":"","publisher":{"@id":"https:\/\/paid2chat.com\/#organization"},"potentialAction":[{"@type":"SearchAction","target":{"@type":"EntryPoint","urlTemplate":"https:\/\/paid2chat.com\/?s={search_term_string}"},"query-input":{"@type":"PropertyValueSpecification","valueRequired":true,"valueName":"search_term_string"}}],"inLanguage":"es"},{"@type":"Organization","@id":"https:\/\/paid2chat.com\/#organization","name":"LuckyCrush","url":"https:\/\/paid2chat.com\/","logo":{"@type":"ImageObject","inLanguage":"es","@id":"https:\/\/paid2chat.com\/#\/schema\/logo\/image\/","url":"https:\/\/paid2chat.com\/wp-content\/uploads\/2020\/04\/chats-favicon.jpg","contentUrl":"https:\/\/paid2chat.com\/wp-content\/uploads\/2020\/04\/chats-favicon.jpg","width":420,"height":420,"caption":"LuckyCrush"},"image":{"@id":"https:\/\/paid2chat.com\/#\/schema\/logo\/image\/"}}]}},"_links":{"self":[{"href":"https:\/\/paid2chat.com\/es\/wp-json\/wp\/v2\/pages\/3122","targetHints":{"allow":["GET"]}}],"collection":[{"href":"https:\/\/paid2chat.com\/es\/wp-json\/wp\/v2\/pages"}],"about":[{"href":"https:\/\/paid2chat.com\/es\/wp-json\/wp\/v2\/types\/page"}],"author":[{"embeddable":true,"href":"https:\/\/paid2chat.com\/es\/wp-json\/wp\/v2\/users\/1"}],"replies":[{"embeddable":true,"href":"https:\/\/paid2chat.com\/es\/wp-json\/wp\/v2\/comments?post=3122"}],"version-history":[{"count":4,"href":"https:\/\/paid2chat.com\/es\/wp-json\/wp\/v2\/pages\/3122\/revisions"}],"predecessor-version":[{"id":3126,"href":"https:\/\/paid2chat.com\/es\/wp-json\/wp\/v2\/pages\/3122\/revisions\/3126"}],"wp:attachment":[{"href":"https:\/\/paid2chat.com\/es\/wp-json\/wp\/v2\/media?parent=3122"}],"curies":[{"name":"gracias","href":"https:\/\/api.w.org\/{rel}","templated":true}]}}