{"id":3053,"date":"2025-05-02T18:29:05","date_gmt":"2025-05-02T16:29:05","guid":{"rendered":"https:\/\/paid2chat.com\/?page_id=3053"},"modified":"2025-05-02T18:29:31","modified_gmt":"2025-05-02T16:29:31","slug":"model-agreement","status":"publish","type":"page","link":"https:\/\/paid2chat.com\/es\/model-agreement\/","title":{"rendered":"Acuerdo Modelo"},"content":{"rendered":"<div data-elementor-type=\"wp-page\" data-elementor-id=\"3053\" class=\"elementor elementor-3053\" data-elementor-post-type=\"page\">\n\t\t\t\t\t\t<section class=\"elementor-section elementor-top-section elementor-element elementor-element-aa602b1 elementor-section-boxed elementor-section-height-default elementor-section-height-default\" data-id=\"aa602b1\" data-element_type=\"section\" data-e-type=\"section\">\n\t\t\t\t\t\t<div class=\"elementor-container elementor-column-gap-default\">\n\t\t\t\t\t<div class=\"elementor-column elementor-col-100 elementor-top-column elementor-element elementor-element-deb4e48\" data-id=\"deb4e48\" data-element_type=\"column\" data-e-type=\"column\">\n\t\t\t<div class=\"elementor-widget-wrap elementor-element-populated\">\n\t\t\t\t\t\t<div class=\"elementor-element elementor-element-88330ff elementor-widget elementor-widget-heading\" data-id=\"88330ff\" data-element_type=\"widget\" data-e-type=\"widget\" data-widget_type=\"heading.default\">\n\t\t\t\t<div class=\"elementor-widget-container\">\n\t\t\t\t\t<h1 class=\"elementor-heading-title elementor-size-default\">Acuerdo Modelo<\/h1>\t\t\t\t<\/div>\n\t\t\t\t<\/div>\n\t\t\t\t\t<\/div>\n\t\t<\/div>\n\t\t\t\t\t<\/div>\n\t\t<\/section>\n\t\t\t\t<section class=\"elementor-section elementor-top-section elementor-element elementor-element-e61e2e0 elementor-section-boxed elementor-section-height-default elementor-section-height-default\" data-id=\"e61e2e0\" data-element_type=\"section\" data-e-type=\"section\">\n\t\t\t\t\t\t<div class=\"elementor-container elementor-column-gap-default\">\n\t\t\t\t\t<div class=\"elementor-column elementor-col-100 elementor-top-column elementor-element elementor-element-edbd578\" data-id=\"edbd578\" data-element_type=\"column\" data-e-type=\"column\">\n\t\t\t<div class=\"elementor-widget-wrap elementor-element-populated\">\n\t\t\t\t\t\t<div class=\"elementor-element elementor-element-59fb3ca elementor-widget elementor-widget-text-editor\" data-id=\"59fb3ca\" data-element_type=\"widget\" data-e-type=\"widget\" data-widget_type=\"text-editor.default\">\n\t\t\t\t<div class=\"elementor-widget-container\">\n\t\t\t\t\t\t\t\t\t<p class=\"\" data-start=\"337\" data-end=\"708\">El presente Acuerdo Modelo (\u201cAcuerdo\u201d) se celebra entre <strong data-start=\"396\" data-end=\"413\">Paid2Chat.com<\/strong> (\u201cnosotros\u201d, \u201cnos\u201d, \u201cnuestro\u201d o \u201cPaid2Chat\u201d) y el solicitante individual (\u201custed\u201d, \u201csu\u201d o \u201cmodelo\/artista\u201d) que solicita ser referido a una o m\u00e1s plataformas de videochat de terceros a trav\u00e9s de Paid2Chat.com. Al enviar una solicitud o interactuar con nuestra plataforma, usted acepta los siguientes t\u00e9rminos:<\/p><h3 class=\"\" data-start=\"710\" data-end=\"741\">1. Naturaleza de la relaci\u00f3n<\/h3><p class=\"\" data-start=\"742\" data-end=\"975\">Paid2Chat.com no es empleador ni operador de una plataforma de videochat. Actuamos \u00fanicamente como facilitadores de referencias e incorporaci\u00f3n, conectando a los solicitantes aprobados con proveedores externos de servicios de videochat (&quot;Plataformas Asociadas&quot;).<\/p><p class=\"\" data-start=\"977\" data-end=\"1232\">Usted reconoce que ser\u00e1 un <strong data-start=\"1013\" data-end=\"1039\">contratista independiente<\/strong>No eres empleado de ninguna Plataforma Asociada con la que trabajes. Eres el \u00fanico responsable de determinar tus horas, ingresos y el cumplimiento de cualquier obligaci\u00f3n legal o fiscal en tu jurisdicci\u00f3n.<\/p><h3 class=\"\" data-start=\"1234\" data-end=\"1254\">2. Elegibilidad<\/h3><p class=\"\" data-start=\"1255\" data-end=\"1284\">Para postular, usted confirma que:<\/p><ul data-start=\"1285\" data-end=\"1613\"><li class=\"\" data-start=\"1285\" data-end=\"1372\"><p class=\"\" data-start=\"1287\" data-end=\"1372\">Tiene al menos 18 a\u00f1os de edad o la mayor\u00eda de edad legal en su jurisdicci\u00f3n.<\/p><\/li><li class=\"\" data-start=\"1373\" data-end=\"1532\"><p class=\"\" data-start=\"1375\" data-end=\"1532\">Tiene permitido legalmente aparecer frente a la c\u00e1mara y participar en chats de video seg\u00fan las leyes aplicables a su pa\u00eds y al pa\u00eds de la Plataforma del socio.<\/p><\/li><li class=\"\" data-start=\"1533\" data-end=\"1613\"><p class=\"\" data-start=\"1535\" data-end=\"1613\">Toda la informaci\u00f3n presentada en su solicitud es verdadera, precisa y completa.<\/p><\/li><\/ul><h3 class=\"\" data-start=\"1615\" data-end=\"1649\">3. Servicios y expectativas<\/h3><p class=\"\" data-start=\"1650\" data-end=\"1714\">Como modelo referido a trav\u00e9s de Paid2Chat, se espera que usted:<\/p><ul data-start=\"1715\" data-end=\"2095\"><li class=\"\" data-start=\"1715\" data-end=\"1784\"><p class=\"\" data-start=\"1717\" data-end=\"1784\">Organice chats de video en vivo a trav\u00e9s de las plataformas de socios que le fueron asignadas<\/p><\/li><li class=\"\" data-start=\"1785\" data-end=\"1860\"><p class=\"\" data-start=\"1787\" data-end=\"1860\">Interactuar de forma respetuosa y profesional con los usuarios durante las sesiones de v\u00eddeo.<\/p><\/li><li class=\"\" data-start=\"1861\" data-end=\"1923\"><p class=\"\" data-start=\"1863\" data-end=\"1923\">Siga todos los t\u00e9rminos y pautas de las plataformas asociadas<\/p><\/li><li class=\"\" data-start=\"1924\" data-end=\"2021\"><p class=\"\" data-start=\"1926\" data-end=\"2021\">Mantenga una conexi\u00f3n a Internet confiable y tecnolog\u00eda apropiada (por ejemplo, c\u00e1mara web, micr\u00f3fono)<\/p><\/li><li class=\"\" data-start=\"2022\" data-end=\"2095\"><p class=\"\" data-start=\"2024\" data-end=\"2095\">Aparecer en c\u00e1mara y participar activamente durante la disponibilidad programada.<\/p><\/li><\/ul><p class=\"\" data-start=\"2097\" data-end=\"2263\">Usted tiene control total sobre el tipo de contenido que elige proporcionar y puede rechazar cualquier forma de interacci\u00f3n que est\u00e9 fuera de sus l\u00edmites personales o nivel de comodidad.<\/p><h3 class=\"\" data-start=\"2265\" data-end=\"2295\">4. Ganancias y pagos<\/h3><p class=\"\" data-start=\"2296\" data-end=\"2501\">Paid2Chat.com no paga directamente a las modelos. Todas las ganancias se gestionan a trav\u00e9s de la plataforma asociada a la que se te refiere. Esta plataforma determinar\u00e1 tus tasas de pago, calendario de pagos y m\u00e9todos de procesamiento.<\/p><p class=\"\" data-start=\"2503\" data-end=\"2643\">No nos hacemos responsables de pagos atrasados, faltantes o disputados. Cualquier consulta relacionada con las ganancias debe dirigirse a la Plataforma de Socios.<\/p><h3 class=\"\" data-start=\"2645\" data-end=\"2681\">5. Privacidad y confidencialidad<\/h3><p class=\"\" data-start=\"2682\" data-end=\"2864\">Respetamos su privacidad. Puede usar un nombre art\u00edstico y sus datos personales solo se compartir\u00e1n con las Plataformas de Socios necesarias para completar su proceso de recomendaci\u00f3n e incorporaci\u00f3n.<\/p><p class=\"\" data-start=\"2866\" data-end=\"3141\">Acepta no compartir ni distribuir informaci\u00f3n privada de usuario ni contenido de la plataforma al que acceda durante su trabajo. Asimismo, cualquier material o documento que le proporcione una Plataforma Asociada es para su uso personal y no puede divulgarse ni copiarse sin permiso.<\/p><h3 class=\"\" data-start=\"3143\" data-end=\"3167\">6. C\u00f3digo de conducta<\/h3><p class=\"\" data-start=\"3168\" data-end=\"3274\">Como modelo, usted acepta mantener una conducta respetuosa, profesional y \u00e9tica en todo momento, incluyendo:<\/p><ul data-start=\"3275\" data-end=\"3606\"><li class=\"\" data-start=\"3275\" data-end=\"3345\"><p class=\"\" data-start=\"3277\" data-end=\"3345\">No participar en conductas ilegales, violentas, racistas o explotadoras.<\/p><\/li><li class=\"\" data-start=\"3346\" data-end=\"3410\"><p class=\"\" data-start=\"3348\" data-end=\"3410\">No utilizar la plataforma para solicitaci\u00f3n, spam o acoso.<\/p><\/li><li class=\"\" data-start=\"3411\" data-end=\"3478\"><p class=\"\" data-start=\"3413\" data-end=\"3478\">No aparecer en c\u00e1mara bajo la influencia de drogas o alcohol.<\/p><\/li><li class=\"\" data-start=\"3479\" data-end=\"3547\"><p class=\"\" data-start=\"3481\" data-end=\"3547\">No suplantar a otros ni proporcionar informaci\u00f3n de identidad falsa<\/p><\/li><li class=\"\" data-start=\"3548\" data-end=\"3606\"><p class=\"\" data-start=\"3550\" data-end=\"3606\">Cumplir con todas las leyes y regulaciones locales aplicables<\/p><\/li><\/ul><p class=\"\" data-start=\"3608\" data-end=\"3717\">La violaci\u00f3n de este c\u00f3digo puede resultar en la terminaci\u00f3n inmediata del programa de referencias y\/o de la Plataforma de socios.<\/p><h3 class=\"\" data-start=\"3719\" data-end=\"3763\">7. Sin garant\u00eda de colocaci\u00f3n o ingresos<\/h3><p class=\"\" data-start=\"3764\" data-end=\"3949\">Paid2Chat.com no garantiza que su solicitud ser\u00e1 aceptada, que ser\u00e1 referido a una Plataforma de socio espec\u00edfica o que obtendr\u00e1 una cantidad particular de ingresos.<\/p><p class=\"\" data-start=\"3951\" data-end=\"4148\">Las ganancias dependen de tu esfuerzo personal, disponibilidad, participaci\u00f3n en c\u00e1mara, constancia y demanda del mercado. Los testimonios o ejemplos de ingresos que se muestran en nuestro sitio web son solo ilustrativos.<\/p><h3 class=\"\" data-start=\"4150\" data-end=\"4170\">8. Terminaci\u00f3n<\/h3><p class=\"\" data-start=\"4171\" data-end=\"4407\">Cualquiera de las partes podr\u00e1 rescindir este acuerdo en cualquier momento, con o sin causa justificada. Si usted incumple estos t\u00e9rminos, proporciona informaci\u00f3n falsa o incumple las pol\u00edticas de una Plataforma de Socios, su referencia o cuenta podr\u00e1 ser cancelada sin previo aviso.<\/p><h3 class=\"\" data-start=\"4409\" data-end=\"4434\">9. Cumplimiento legal<\/h3><p class=\"\" data-start=\"4435\" data-end=\"4646\">Usted es el \u00fanico responsable de comprender y cumplir con las leyes o regulaciones fiscales que se apliquen a usted en funci\u00f3n de su ubicaci\u00f3n, incluidas aquellas relacionadas con contenido para adultos, trabajo independiente o empleo por cuenta propia.<\/p><p class=\"\" data-start=\"4648\" data-end=\"4746\">Paid2Chat.com no es responsable de garantizar su elegibilidad legal para trabajar como anfitri\u00f3n de un chat de video.<\/p><h3 class=\"\" data-start=\"4748\" data-end=\"4773\">10. Indemnizaci\u00f3n<\/h3><p class=\"\" data-start=\"4774\" data-end=\"4981\">Usted acepta indemnizar, defender y eximir de responsabilidad a Paid2Chat.com y sus afiliados de cualquier reclamo, p\u00e9rdida o responsabilidad que surja de su conducta, uso de las Plataformas asociadas o violaci\u00f3n de este Acuerdo.<\/p><h3 class=\"\" data-start=\"4983\" data-end=\"5018\">11. Cambios a este Acuerdo<\/h3><p class=\"\" data-start=\"5019\" data-end=\"5199\">Podemos revisar estos T\u00e9rminos para Artistas en cualquier momento. Las actualizaciones se publicar\u00e1n en Paid2Chat.com, y su uso continuado de nuestros servicios o referencias implica la aceptaci\u00f3n de cualquier cambio.<\/p><h3 class=\"\" data-start=\"5201\" data-end=\"5218\">12. Contacto<\/h3><p class=\"\" data-start=\"5219\" data-end=\"5376\">Si tiene preguntas sobre este acuerdo o su papel como modelo, cont\u00e1ctenos a trav\u00e9s de nuestro formulario de contacto.<\/p>\t\t\t\t\t\t\t\t<\/div>\n\t\t\t\t<\/div>\n\t\t\t\t\t<\/div>\n\t\t<\/div>\n\t\t\t\t\t<\/div>\n\t\t<\/section>\n\t\t\t\t<\/div>","protected":false},"excerpt":{"rendered":"<p>This Model Agreement (\u201cAgreement\u201d) is entered into between Paid2Chat.com (\u201cwe,\u201d \u201cus,\u201d \u201cour,\u201d or \u201cPaid2Chat\u201d) and the individual applicant (\u201cyou,\u201d \u201cyour,\u201d or \u201cmodel\/performer\u201d) who applies to be referred to one or more third-party video chat platforms through Paid2Chat.com. By submitting an application or engaging with our platform, you agree to the following terms: 1. Nature of [&hellip;]<\/p>\n","protected":false},"author":1,"featured_media":0,"parent":0,"menu_order":0,"comment_status":"closed","ping_status":"closed","template":"elementor_header_footer","meta":{"footnotes":""},"class_list":["post-3053","page","type-page","status-publish","hentry"],"yoast_head":"<!-- This site is optimized with the Yoast SEO plugin v27.4 - https:\/\/yoast.com\/product\/yoast-seo-wordpress\/ -->\n<title>Model Agreement - Paid2Chat<\/title>\n<meta name=\"robots\" content=\"index, follow, max-snippet:-1, max-image-preview:large, max-video-preview:-1\" \/>\n<link rel=\"canonical\" href=\"https:\/\/paid2chat.com\/es\/model-agreement\/\" \/>\n<meta property=\"og:locale\" content=\"es_ES\" \/>\n<meta property=\"og:type\" content=\"article\" \/>\n<meta property=\"og:title\" content=\"Model Agreement - Paid2Chat\" \/>\n<meta property=\"og:description\" content=\"This Model Agreement (\u201cAgreement\u201d) is entered into between Paid2Chat.com (\u201cwe,\u201d \u201cus,\u201d \u201cour,\u201d or \u201cPaid2Chat\u201d) and the individual applicant (\u201cyou,\u201d \u201cyour,\u201d or \u201cmodel\/performer\u201d) who applies to be referred to one or more third-party video chat platforms through Paid2Chat.com. By submitting an application or engaging with our platform, you agree to the following terms: 1. Nature of [&hellip;]\" \/>\n<meta property=\"og:url\" content=\"https:\/\/paid2chat.com\/es\/model-agreement\/\" \/>\n<meta property=\"og:site_name\" content=\"Paid2Chat\" \/>\n<meta property=\"article:modified_time\" content=\"2025-05-02T16:29:31+00:00\" \/>\n<meta property=\"og:image\" content=\"https:\/\/paid2chat.com\/wp-content\/uploads\/2023\/05\/64731f1e55365.jpg\" \/>\n\t<meta property=\"og:image:width\" content=\"1024\" \/>\n\t<meta property=\"og:image:height\" content=\"683\" \/>\n\t<meta property=\"og:image:type\" content=\"image\/jpeg\" \/>\n<meta name=\"twitter:card\" content=\"summary_large_image\" \/>\n<meta name=\"twitter:label1\" content=\"Tiempo de lectura\" \/>\n\t<meta name=\"twitter:data1\" content=\"4 minutos\" \/>\n<script type=\"application\/ld+json\" class=\"yoast-schema-graph\">{\"@context\":\"https:\\\/\\\/schema.org\",\"@graph\":[{\"@type\":\"WebPage\",\"@id\":\"https:\\\/\\\/paid2chat.com\\\/model-agreement\\\/\",\"url\":\"https:\\\/\\\/paid2chat.com\\\/model-agreement\\\/\",\"name\":\"Model Agreement - Paid2Chat\",\"isPartOf\":{\"@id\":\"https:\\\/\\\/paid2chat.com\\\/#website\"},\"datePublished\":\"2025-05-02T16:29:05+00:00\",\"dateModified\":\"2025-05-02T16:29:31+00:00\",\"breadcrumb\":{\"@id\":\"https:\\\/\\\/paid2chat.com\\\/model-agreement\\\/#breadcrumb\"},\"inLanguage\":\"es\",\"potentialAction\":[{\"@type\":\"ReadAction\",\"target\":[\"https:\\\/\\\/paid2chat.com\\\/model-agreement\\\/\"]}]},{\"@type\":\"BreadcrumbList\",\"@id\":\"https:\\\/\\\/paid2chat.com\\\/model-agreement\\\/#breadcrumb\",\"itemListElement\":[{\"@type\":\"ListItem\",\"position\":1,\"name\":\"Home\",\"item\":\"https:\\\/\\\/paid2chat.com\\\/\"},{\"@type\":\"ListItem\",\"position\":2,\"name\":\"Model Agreement\"}]},{\"@type\":\"WebSite\",\"@id\":\"https:\\\/\\\/paid2chat.com\\\/#website\",\"url\":\"https:\\\/\\\/paid2chat.com\\\/\",\"name\":\"Paid2Chat\",\"description\":\"\",\"publisher\":{\"@id\":\"https:\\\/\\\/paid2chat.com\\\/#organization\"},\"potentialAction\":[{\"@type\":\"SearchAction\",\"target\":{\"@type\":\"EntryPoint\",\"urlTemplate\":\"https:\\\/\\\/paid2chat.com\\\/?s={search_term_string}\"},\"query-input\":{\"@type\":\"PropertyValueSpecification\",\"valueRequired\":true,\"valueName\":\"search_term_string\"}}],\"inLanguage\":\"es\"},{\"@type\":\"Organization\",\"@id\":\"https:\\\/\\\/paid2chat.com\\\/#organization\",\"name\":\"LuckyCrush\",\"url\":\"https:\\\/\\\/paid2chat.com\\\/\",\"logo\":{\"@type\":\"ImageObject\",\"inLanguage\":\"es\",\"@id\":\"https:\\\/\\\/paid2chat.com\\\/#\\\/schema\\\/logo\\\/image\\\/\",\"url\":\"https:\\\/\\\/paid2chat.com\\\/wp-content\\\/uploads\\\/2020\\\/04\\\/chats-favicon.jpg\",\"contentUrl\":\"https:\\\/\\\/paid2chat.com\\\/wp-content\\\/uploads\\\/2020\\\/04\\\/chats-favicon.jpg\",\"width\":420,\"height\":420,\"caption\":\"LuckyCrush\"},\"image\":{\"@id\":\"https:\\\/\\\/paid2chat.com\\\/#\\\/schema\\\/logo\\\/image\\\/\"}}]}<\/script>\n<!-- \/ Yoast SEO plugin. -->","yoast_head_json":{"title":"Acuerdo Modelo - Paid2Chat","robots":{"index":"index","follow":"follow","max-snippet":"max-snippet:-1","max-image-preview":"max-image-preview:large","max-video-preview":"max-video-preview:-1"},"canonical":"https:\/\/paid2chat.com\/es\/model-agreement\/","og_locale":"es_ES","og_type":"article","og_title":"Model Agreement - Paid2Chat","og_description":"This Model Agreement (\u201cAgreement\u201d) is entered into between Paid2Chat.com (\u201cwe,\u201d \u201cus,\u201d \u201cour,\u201d or \u201cPaid2Chat\u201d) and the individual applicant (\u201cyou,\u201d \u201cyour,\u201d or \u201cmodel\/performer\u201d) who applies to be referred to one or more third-party video chat platforms through Paid2Chat.com. By submitting an application or engaging with our platform, you agree to the following terms: 1. Nature of [&hellip;]","og_url":"https:\/\/paid2chat.com\/es\/model-agreement\/","og_site_name":"Paid2Chat","article_modified_time":"2025-05-02T16:29:31+00:00","og_image":[{"width":1024,"height":683,"url":"https:\/\/paid2chat.com\/wp-content\/uploads\/2023\/05\/64731f1e55365.jpg","type":"image\/jpeg"}],"twitter_card":"summary_large_image","twitter_misc":{"Tiempo de lectura":"4 minutos"},"schema":{"@context":"https:\/\/schema.org","@graph":[{"@type":"WebPage","@id":"https:\/\/paid2chat.com\/model-agreement\/","url":"https:\/\/paid2chat.com\/model-agreement\/","name":"Acuerdo Modelo - Paid2Chat","isPartOf":{"@id":"https:\/\/paid2chat.com\/#website"},"datePublished":"2025-05-02T16:29:05+00:00","dateModified":"2025-05-02T16:29:31+00:00","breadcrumb":{"@id":"https:\/\/paid2chat.com\/model-agreement\/#breadcrumb"},"inLanguage":"es","potentialAction":[{"@type":"ReadAction","target":["https:\/\/paid2chat.com\/model-agreement\/"]}]},{"@type":"BreadcrumbList","@id":"https:\/\/paid2chat.com\/model-agreement\/#breadcrumb","itemListElement":[{"@type":"ListItem","position":1,"name":"Home","item":"https:\/\/paid2chat.com\/"},{"@type":"ListItem","position":2,"name":"Model Agreement"}]},{"@type":"WebSite","@id":"https:\/\/paid2chat.com\/#website","url":"https:\/\/paid2chat.com\/","name":"Paid2Chat","description":"","publisher":{"@id":"https:\/\/paid2chat.com\/#organization"},"potentialAction":[{"@type":"SearchAction","target":{"@type":"EntryPoint","urlTemplate":"https:\/\/paid2chat.com\/?s={search_term_string}"},"query-input":{"@type":"PropertyValueSpecification","valueRequired":true,"valueName":"search_term_string"}}],"inLanguage":"es"},{"@type":"Organization","@id":"https:\/\/paid2chat.com\/#organization","name":"LuckyCrush","url":"https:\/\/paid2chat.com\/","logo":{"@type":"ImageObject","inLanguage":"es","@id":"https:\/\/paid2chat.com\/#\/schema\/logo\/image\/","url":"https:\/\/paid2chat.com\/wp-content\/uploads\/2020\/04\/chats-favicon.jpg","contentUrl":"https:\/\/paid2chat.com\/wp-content\/uploads\/2020\/04\/chats-favicon.jpg","width":420,"height":420,"caption":"LuckyCrush"},"image":{"@id":"https:\/\/paid2chat.com\/#\/schema\/logo\/image\/"}}]}},"_links":{"self":[{"href":"https:\/\/paid2chat.com\/es\/wp-json\/wp\/v2\/pages\/3053","targetHints":{"allow":["GET"]}}],"collection":[{"href":"https:\/\/paid2chat.com\/es\/wp-json\/wp\/v2\/pages"}],"about":[{"href":"https:\/\/paid2chat.com\/es\/wp-json\/wp\/v2\/types\/page"}],"author":[{"embeddable":true,"href":"https:\/\/paid2chat.com\/es\/wp-json\/wp\/v2\/users\/1"}],"replies":[{"embeddable":true,"href":"https:\/\/paid2chat.com\/es\/wp-json\/wp\/v2\/comments?post=3053"}],"version-history":[{"count":4,"href":"https:\/\/paid2chat.com\/es\/wp-json\/wp\/v2\/pages\/3053\/revisions"}],"predecessor-version":[{"id":3057,"href":"https:\/\/paid2chat.com\/es\/wp-json\/wp\/v2\/pages\/3053\/revisions\/3057"}],"wp:attachment":[{"href":"https:\/\/paid2chat.com\/es\/wp-json\/wp\/v2\/media?parent=3053"}],"curies":[{"name":"gracias","href":"https:\/\/api.w.org\/{rel}","templated":true}]}}