{"id":3046,"date":"2025-05-02T18:26:42","date_gmt":"2025-05-02T16:26:42","guid":{"rendered":"https:\/\/paid2chat.com\/?page_id=3046"},"modified":"2025-05-02T18:28:28","modified_gmt":"2025-05-02T16:28:28","slug":"dmca","status":"publish","type":"page","link":"https:\/\/paid2chat.com\/es\/dmca\/","title":{"rendered":"Pol\u00edtica de DMCA"},"content":{"rendered":"<div data-elementor-type=\"wp-page\" data-elementor-id=\"3046\" class=\"elementor elementor-3046\" data-elementor-post-type=\"page\">\n\t\t\t\t\t\t<section class=\"elementor-section elementor-top-section elementor-element elementor-element-aa602b1 elementor-section-boxed elementor-section-height-default elementor-section-height-default\" data-id=\"aa602b1\" data-element_type=\"section\" data-e-type=\"section\">\n\t\t\t\t\t\t<div class=\"elementor-container elementor-column-gap-default\">\n\t\t\t\t\t<div class=\"elementor-column elementor-col-100 elementor-top-column elementor-element elementor-element-deb4e48\" data-id=\"deb4e48\" data-element_type=\"column\" data-e-type=\"column\">\n\t\t\t<div class=\"elementor-widget-wrap elementor-element-populated\">\n\t\t\t\t\t\t<div class=\"elementor-element elementor-element-88330ff elementor-widget elementor-widget-heading\" data-id=\"88330ff\" data-element_type=\"widget\" data-e-type=\"widget\" data-widget_type=\"heading.default\">\n\t\t\t\t<div class=\"elementor-widget-container\">\n\t\t\t\t\t<h1 class=\"elementor-heading-title elementor-size-default\">Pol\u00edtica de DMCA<\/h1>\t\t\t\t<\/div>\n\t\t\t\t<\/div>\n\t\t\t\t\t<\/div>\n\t\t<\/div>\n\t\t\t\t\t<\/div>\n\t\t<\/section>\n\t\t\t\t<section class=\"elementor-section elementor-top-section elementor-element elementor-element-e61e2e0 elementor-section-boxed elementor-section-height-default elementor-section-height-default\" data-id=\"e61e2e0\" data-element_type=\"section\" data-e-type=\"section\">\n\t\t\t\t\t\t<div class=\"elementor-container elementor-column-gap-default\">\n\t\t\t\t\t<div class=\"elementor-column elementor-col-100 elementor-top-column elementor-element elementor-element-edbd578\" data-id=\"edbd578\" data-element_type=\"column\" data-e-type=\"column\">\n\t\t\t<div class=\"elementor-widget-wrap elementor-element-populated\">\n\t\t\t\t\t\t<div class=\"elementor-element elementor-element-59fb3ca elementor-widget elementor-widget-text-editor\" data-id=\"59fb3ca\" data-element_type=\"widget\" data-e-type=\"widget\" data-widget_type=\"text-editor.default\">\n\t\t\t\t<div class=\"elementor-widget-container\">\n\t\t\t\t\t\t\t\t\t<p class=\"\" data-start=\"3630\" data-end=\"3883\">Paid2Chat.com respeta los derechos de propiedad intelectual de terceros y espera que sus usuarios y socios hagan lo mismo. Nuestra pol\u00edtica es responder a las notificaciones claras de presuntas infracciones de derechos de autor que cumplan con la Ley de Derechos de Autor de la Era Digital (DMCA).<\/p>\n<h3 class=\"\" data-start=\"3885\" data-end=\"3923\">1. Presentaci\u00f3n de una notificaci\u00f3n de eliminaci\u00f3n de contenido seg\u00fan la DMCA<\/h3>\n<p class=\"\" data-start=\"3924\" data-end=\"4095\">Si cree que el contenido de Paid2Chat.com o de cualquier servicio de terceros vinculado infringe sus derechos de autor, env\u00ede una notificaci\u00f3n por escrito que incluya lo siguiente:<\/p>\n<ul data-start=\"4097\" data-end=\"4685\">\n<li class=\"\" data-start=\"4097\" data-end=\"4204\">\n<p class=\"\" data-start=\"4099\" data-end=\"4204\">Una firma f\u00edsica o electr\u00f3nica del propietario de los derechos de autor o de una persona autorizada para actuar en su nombre<\/p>\n<\/li>\n<li class=\"\" data-start=\"4205\" data-end=\"4275\">\n<p class=\"\" data-start=\"4207\" data-end=\"4275\">Una descripci\u00f3n de la obra protegida por derechos de autor que usted reclama que ha sido infringida<\/p>\n<\/li>\n<li class=\"\" data-start=\"4276\" data-end=\"4337\">\n<p class=\"\" data-start=\"4278\" data-end=\"4337\">Las URL espec\u00edficas o la ubicaci\u00f3n del contenido infractor<\/p>\n<\/li>\n<li class=\"\" data-start=\"4338\" data-end=\"4397\">\n<p class=\"\" data-start=\"4340\" data-end=\"4397\">Su nombre, direcci\u00f3n, n\u00famero de tel\u00e9fono y direcci\u00f3n de correo electr\u00f3nico<\/p>\n<\/li>\n<li class=\"\" data-start=\"4398\" data-end=\"4513\">\n<p class=\"\" data-start=\"4400\" data-end=\"4513\">Una declaraci\u00f3n de que cree de buena fe que el uso del material no est\u00e1 autorizado por el propietario de los derechos de autor.<\/p>\n<\/li>\n<li class=\"\" data-start=\"4514\" data-end=\"4685\">\n<p class=\"\" data-start=\"4516\" data-end=\"4685\">Una declaraci\u00f3n bajo pena de perjurio de que la informaci\u00f3n contenida en la notificaci\u00f3n es precisa y que usted es el propietario de los derechos de autor o est\u00e1 autorizado para actuar en nombre del propietario.<\/p>\n<\/li>\n<\/ul>\n<p class=\"\" data-start=\"4687\" data-end=\"4783\">Env\u00ede avisos DMCA a:<br data-start=\"4710\" data-end=\"4713\"><strong data-start=\"4713\" data-end=\"4723\">Correo electr\u00f3nico:<\/strong> support@paid2chat.com<br data-start=\"4746\" data-end=\"4749\"><strong data-start=\"4749\" data-end=\"4761\">Sujeto:<\/strong> Solicitud de eliminaci\u00f3n de DMCA<\/p>\n<h3 class=\"\" data-start=\"4785\" data-end=\"4814\">2. Contranotificaci\u00f3n<\/h3>\n<p class=\"\" data-start=\"4815\" data-end=\"4983\">Si cree que su contenido fue eliminado o deshabilitado como resultado de un error o una identificaci\u00f3n err\u00f3nea, puede enviarnos una contranotificaci\u00f3n por escrito que incluya:<\/p>\n<ul data-start=\"4985\" data-end=\"5392\">\n<li class=\"\" data-start=\"4985\" data-end=\"5003\">\n<p class=\"\" data-start=\"4987\" data-end=\"5003\">Tu firma<\/p>\n<\/li>\n<li class=\"\" data-start=\"5004\" data-end=\"5083\">\n<p class=\"\" data-start=\"5006\" data-end=\"5083\">Identificaci\u00f3n del material que ha sido retirado y su ubicaci\u00f3n previa<\/p>\n<\/li>\n<li class=\"\" data-start=\"5084\" data-end=\"5192\">\n<p class=\"\" data-start=\"5086\" data-end=\"5192\">Una declaraci\u00f3n bajo pena de perjurio de que cree de buena fe que el material fue eliminado por error.<\/p>\n<\/li>\n<li class=\"\" data-start=\"5193\" data-end=\"5233\">\n<p class=\"\" data-start=\"5195\" data-end=\"5233\">Su nombre, direcci\u00f3n y n\u00famero de tel\u00e9fono<\/p>\n<\/li>\n<li class=\"\" data-start=\"5234\" data-end=\"5392\">\n<p class=\"\" data-start=\"5236\" data-end=\"5392\">Una declaraci\u00f3n de que usted consiente la jurisdicci\u00f3n del tribunal de distrito federal en su \u00e1rea y aceptar\u00e1 la notificaci\u00f3n del proceso del demandante original.<\/p>\n<\/li>\n<\/ul>\n<h3 class=\"\" data-start=\"5394\" data-end=\"5426\">3. Pol\u00edtica de infractores reincidentes<\/h3>\n<p class=\"\" data-start=\"5427\" data-end=\"5555\">Podemos, a nuestra entera discreci\u00f3n, cancelar cuentas o bloquear el acceso a usuarios o solicitantes que se determine que son infractores reincidentes.<\/p>\n<h3 class=\"\" data-start=\"5557\" data-end=\"5581\">4. Sin asesoramiento legal<\/h3>\n<p class=\"\" data-start=\"5582\" data-end=\"5671\">Esta Pol\u00edtica de DMCA es s\u00f3lo para fines informativos y no constituye asesoramiento legal.<\/p>\n<h3 class=\"\" data-start=\"5673\" data-end=\"5689\">5. Contacto<\/h3>\n<p class=\"\" data-start=\"5690\" data-end=\"5779\">Para cualquier pregunta relacionada con esta Pol\u00edtica de DMCA, env\u00edenos un correo electr\u00f3nico a trav\u00e9s de nuestro formulario de contacto.<\/p>\t\t\t\t\t\t\t\t<\/div>\n\t\t\t\t<\/div>\n\t\t\t\t\t<\/div>\n\t\t<\/div>\n\t\t\t\t\t<\/div>\n\t\t<\/section>\n\t\t\t\t<\/div>","protected":false},"excerpt":{"rendered":"<p>Paid2Chat.com respects the intellectual property rights of others and expects users and partners to do the same. It is our policy to respond to clear notices of alleged copyright infringement that comply with the Digital Millennium Copyright Act (DMCA). 1. Filing a DMCA Takedown Notice If you believe that content on Paid2Chat.com or on any [&hellip;]<\/p>\n","protected":false},"author":1,"featured_media":0,"parent":0,"menu_order":0,"comment_status":"closed","ping_status":"closed","template":"elementor_header_footer","meta":{"footnotes":""},"class_list":["post-3046","page","type-page","status-publish","hentry"],"yoast_head":"<!-- This site is optimized with the Yoast SEO plugin v27.4 - https:\/\/yoast.com\/product\/yoast-seo-wordpress\/ -->\n<title>DMCA Policy - Paid2Chat<\/title>\n<meta name=\"robots\" content=\"index, follow, max-snippet:-1, max-image-preview:large, max-video-preview:-1\" \/>\n<link rel=\"canonical\" href=\"https:\/\/paid2chat.com\/es\/dmca\/\" \/>\n<meta property=\"og:locale\" content=\"es_ES\" \/>\n<meta property=\"og:type\" content=\"article\" \/>\n<meta property=\"og:title\" content=\"DMCA Policy - Paid2Chat\" \/>\n<meta property=\"og:description\" content=\"Paid2Chat.com respects the intellectual property rights of others and expects users and partners to do the same. It is our policy to respond to clear notices of alleged copyright infringement that comply with the Digital Millennium Copyright Act (DMCA). 1. Filing a DMCA Takedown Notice If you believe that content on Paid2Chat.com or on any [&hellip;]\" \/>\n<meta property=\"og:url\" content=\"https:\/\/paid2chat.com\/es\/dmca\/\" \/>\n<meta property=\"og:site_name\" content=\"Paid2Chat\" \/>\n<meta property=\"article:modified_time\" content=\"2025-05-02T16:28:28+00:00\" \/>\n<meta property=\"og:image\" content=\"https:\/\/paid2chat.com\/wp-content\/uploads\/2023\/05\/64731f1e55365.jpg\" \/>\n\t<meta property=\"og:image:width\" content=\"1024\" \/>\n\t<meta property=\"og:image:height\" content=\"683\" \/>\n\t<meta property=\"og:image:type\" content=\"image\/jpeg\" \/>\n<meta name=\"twitter:card\" content=\"summary_large_image\" \/>\n<meta name=\"twitter:label1\" content=\"Tiempo de lectura\" \/>\n\t<meta name=\"twitter:data1\" content=\"2 minutos\" \/>\n<script type=\"application\/ld+json\" class=\"yoast-schema-graph\">{\"@context\":\"https:\\\/\\\/schema.org\",\"@graph\":[{\"@type\":\"WebPage\",\"@id\":\"https:\\\/\\\/paid2chat.com\\\/dmca\\\/\",\"url\":\"https:\\\/\\\/paid2chat.com\\\/dmca\\\/\",\"name\":\"DMCA Policy - Paid2Chat\",\"isPartOf\":{\"@id\":\"https:\\\/\\\/paid2chat.com\\\/#website\"},\"datePublished\":\"2025-05-02T16:26:42+00:00\",\"dateModified\":\"2025-05-02T16:28:28+00:00\",\"breadcrumb\":{\"@id\":\"https:\\\/\\\/paid2chat.com\\\/dmca\\\/#breadcrumb\"},\"inLanguage\":\"es\",\"potentialAction\":[{\"@type\":\"ReadAction\",\"target\":[\"https:\\\/\\\/paid2chat.com\\\/dmca\\\/\"]}]},{\"@type\":\"BreadcrumbList\",\"@id\":\"https:\\\/\\\/paid2chat.com\\\/dmca\\\/#breadcrumb\",\"itemListElement\":[{\"@type\":\"ListItem\",\"position\":1,\"name\":\"Home\",\"item\":\"https:\\\/\\\/paid2chat.com\\\/\"},{\"@type\":\"ListItem\",\"position\":2,\"name\":\"DMCA Policy\"}]},{\"@type\":\"WebSite\",\"@id\":\"https:\\\/\\\/paid2chat.com\\\/#website\",\"url\":\"https:\\\/\\\/paid2chat.com\\\/\",\"name\":\"Paid2Chat\",\"description\":\"\",\"publisher\":{\"@id\":\"https:\\\/\\\/paid2chat.com\\\/#organization\"},\"potentialAction\":[{\"@type\":\"SearchAction\",\"target\":{\"@type\":\"EntryPoint\",\"urlTemplate\":\"https:\\\/\\\/paid2chat.com\\\/?s={search_term_string}\"},\"query-input\":{\"@type\":\"PropertyValueSpecification\",\"valueRequired\":true,\"valueName\":\"search_term_string\"}}],\"inLanguage\":\"es\"},{\"@type\":\"Organization\",\"@id\":\"https:\\\/\\\/paid2chat.com\\\/#organization\",\"name\":\"LuckyCrush\",\"url\":\"https:\\\/\\\/paid2chat.com\\\/\",\"logo\":{\"@type\":\"ImageObject\",\"inLanguage\":\"es\",\"@id\":\"https:\\\/\\\/paid2chat.com\\\/#\\\/schema\\\/logo\\\/image\\\/\",\"url\":\"https:\\\/\\\/paid2chat.com\\\/wp-content\\\/uploads\\\/2020\\\/04\\\/chats-favicon.jpg\",\"contentUrl\":\"https:\\\/\\\/paid2chat.com\\\/wp-content\\\/uploads\\\/2020\\\/04\\\/chats-favicon.jpg\",\"width\":420,\"height\":420,\"caption\":\"LuckyCrush\"},\"image\":{\"@id\":\"https:\\\/\\\/paid2chat.com\\\/#\\\/schema\\\/logo\\\/image\\\/\"}}]}<\/script>\n<!-- \/ Yoast SEO plugin. -->","yoast_head_json":{"title":"Pol\u00edtica de DMCA - Paid2Chat","robots":{"index":"index","follow":"follow","max-snippet":"max-snippet:-1","max-image-preview":"max-image-preview:large","max-video-preview":"max-video-preview:-1"},"canonical":"https:\/\/paid2chat.com\/es\/dmca\/","og_locale":"es_ES","og_type":"article","og_title":"DMCA Policy - Paid2Chat","og_description":"Paid2Chat.com respects the intellectual property rights of others and expects users and partners to do the same. It is our policy to respond to clear notices of alleged copyright infringement that comply with the Digital Millennium Copyright Act (DMCA). 1. Filing a DMCA Takedown Notice If you believe that content on Paid2Chat.com or on any [&hellip;]","og_url":"https:\/\/paid2chat.com\/es\/dmca\/","og_site_name":"Paid2Chat","article_modified_time":"2025-05-02T16:28:28+00:00","og_image":[{"width":1024,"height":683,"url":"https:\/\/paid2chat.com\/wp-content\/uploads\/2023\/05\/64731f1e55365.jpg","type":"image\/jpeg"}],"twitter_card":"summary_large_image","twitter_misc":{"Tiempo de lectura":"2 minutos"},"schema":{"@context":"https:\/\/schema.org","@graph":[{"@type":"WebPage","@id":"https:\/\/paid2chat.com\/dmca\/","url":"https:\/\/paid2chat.com\/dmca\/","name":"Pol\u00edtica de DMCA - Paid2Chat","isPartOf":{"@id":"https:\/\/paid2chat.com\/#website"},"datePublished":"2025-05-02T16:26:42+00:00","dateModified":"2025-05-02T16:28:28+00:00","breadcrumb":{"@id":"https:\/\/paid2chat.com\/dmca\/#breadcrumb"},"inLanguage":"es","potentialAction":[{"@type":"ReadAction","target":["https:\/\/paid2chat.com\/dmca\/"]}]},{"@type":"BreadcrumbList","@id":"https:\/\/paid2chat.com\/dmca\/#breadcrumb","itemListElement":[{"@type":"ListItem","position":1,"name":"Home","item":"https:\/\/paid2chat.com\/"},{"@type":"ListItem","position":2,"name":"DMCA Policy"}]},{"@type":"WebSite","@id":"https:\/\/paid2chat.com\/#website","url":"https:\/\/paid2chat.com\/","name":"Paid2Chat","description":"","publisher":{"@id":"https:\/\/paid2chat.com\/#organization"},"potentialAction":[{"@type":"SearchAction","target":{"@type":"EntryPoint","urlTemplate":"https:\/\/paid2chat.com\/?s={search_term_string}"},"query-input":{"@type":"PropertyValueSpecification","valueRequired":true,"valueName":"search_term_string"}}],"inLanguage":"es"},{"@type":"Organization","@id":"https:\/\/paid2chat.com\/#organization","name":"LuckyCrush","url":"https:\/\/paid2chat.com\/","logo":{"@type":"ImageObject","inLanguage":"es","@id":"https:\/\/paid2chat.com\/#\/schema\/logo\/image\/","url":"https:\/\/paid2chat.com\/wp-content\/uploads\/2020\/04\/chats-favicon.jpg","contentUrl":"https:\/\/paid2chat.com\/wp-content\/uploads\/2020\/04\/chats-favicon.jpg","width":420,"height":420,"caption":"LuckyCrush"},"image":{"@id":"https:\/\/paid2chat.com\/#\/schema\/logo\/image\/"}}]}},"_links":{"self":[{"href":"https:\/\/paid2chat.com\/es\/wp-json\/wp\/v2\/pages\/3046","targetHints":{"allow":["GET"]}}],"collection":[{"href":"https:\/\/paid2chat.com\/es\/wp-json\/wp\/v2\/pages"}],"about":[{"href":"https:\/\/paid2chat.com\/es\/wp-json\/wp\/v2\/types\/page"}],"author":[{"embeddable":true,"href":"https:\/\/paid2chat.com\/es\/wp-json\/wp\/v2\/users\/1"}],"replies":[{"embeddable":true,"href":"https:\/\/paid2chat.com\/es\/wp-json\/wp\/v2\/comments?post=3046"}],"version-history":[{"count":4,"href":"https:\/\/paid2chat.com\/es\/wp-json\/wp\/v2\/pages\/3046\/revisions"}],"predecessor-version":[{"id":3050,"href":"https:\/\/paid2chat.com\/es\/wp-json\/wp\/v2\/pages\/3046\/revisions\/3050"}],"wp:attachment":[{"href":"https:\/\/paid2chat.com\/es\/wp-json\/wp\/v2\/media?parent=3046"}],"curies":[{"name":"gracias","href":"https:\/\/api.w.org\/{rel}","templated":true}]}}