{"id":3041,"date":"2025-05-02T18:25:25","date_gmt":"2025-05-02T16:25:25","guid":{"rendered":"https:\/\/paid2chat.com\/?page_id=3041"},"modified":"2025-05-02T18:28:24","modified_gmt":"2025-05-02T16:28:24","slug":"cookie","status":"publish","type":"page","link":"https:\/\/paid2chat.com\/es\/cookie\/","title":{"rendered":"Pol\u00edtica de cookies"},"content":{"rendered":"<div data-elementor-type=\"wp-page\" data-elementor-id=\"3041\" class=\"elementor elementor-3041\" data-elementor-post-type=\"page\">\n\t\t\t\t\t\t<section class=\"elementor-section elementor-top-section elementor-element elementor-element-aa602b1 elementor-section-boxed elementor-section-height-default elementor-section-height-default\" data-id=\"aa602b1\" data-element_type=\"section\" data-e-type=\"section\">\n\t\t\t\t\t\t<div class=\"elementor-container elementor-column-gap-default\">\n\t\t\t\t\t<div class=\"elementor-column elementor-col-100 elementor-top-column elementor-element elementor-element-deb4e48\" data-id=\"deb4e48\" data-element_type=\"column\" data-e-type=\"column\">\n\t\t\t<div class=\"elementor-widget-wrap elementor-element-populated\">\n\t\t\t\t\t\t<div class=\"elementor-element elementor-element-88330ff elementor-widget elementor-widget-heading\" data-id=\"88330ff\" data-element_type=\"widget\" data-e-type=\"widget\" data-widget_type=\"heading.default\">\n\t\t\t\t<div class=\"elementor-widget-container\">\n\t\t\t\t\t<h1 class=\"elementor-heading-title elementor-size-default\">Pol\u00edtica de cookies<\/h1>\t\t\t\t<\/div>\n\t\t\t\t<\/div>\n\t\t\t\t\t<\/div>\n\t\t<\/div>\n\t\t\t\t\t<\/div>\n\t\t<\/section>\n\t\t\t\t<section class=\"elementor-section elementor-top-section elementor-element elementor-element-e61e2e0 elementor-section-boxed elementor-section-height-default elementor-section-height-default\" data-id=\"e61e2e0\" data-element_type=\"section\" data-e-type=\"section\">\n\t\t\t\t\t\t<div class=\"elementor-container elementor-column-gap-default\">\n\t\t\t\t\t<div class=\"elementor-column elementor-col-100 elementor-top-column elementor-element elementor-element-edbd578\" data-id=\"edbd578\" data-element_type=\"column\" data-e-type=\"column\">\n\t\t\t<div class=\"elementor-widget-wrap elementor-element-populated\">\n\t\t\t\t\t\t<div class=\"elementor-element elementor-element-59fb3ca elementor-widget elementor-widget-text-editor\" data-id=\"59fb3ca\" data-element_type=\"widget\" data-e-type=\"widget\" data-widget_type=\"text-editor.default\">\n\t\t\t\t<div class=\"elementor-widget-container\">\n\t\t\t\t\t\t\t\t\t<p class=\"\" data-start=\"1797\" data-end=\"1953\">Paid2Chat.com utiliza cookies y tecnolog\u00edas de seguimiento similares para mejorar su experiencia de navegaci\u00f3n, analizar el tr\u00e1fico y proporcionar contenido y anuncios personalizados.<\/p><h3 class=\"\" data-start=\"1955\" data-end=\"1981\">1. \u00bfQu\u00e9 son las cookies?<\/h3><p class=\"\" data-start=\"1982\" data-end=\"2196\">Las cookies son peque\u00f1os archivos de texto que tu navegador web almacena en tu dispositivo cuando visitas un sitio web. Permiten que el sitio web reconozca tu dispositivo y almacene informaci\u00f3n sobre tus preferencias o acciones pasadas.<\/p><h3 class=\"\" data-start=\"2198\" data-end=\"2230\">2. Tipos de cookies que utilizamos<\/h3><ul data-start=\"2231\" data-end=\"2746\"><li class=\"\" data-start=\"2231\" data-end=\"2369\"><p class=\"\" data-start=\"2233\" data-end=\"2369\"><strong data-start=\"2233\" data-end=\"2255\">Cookies esenciales:<\/strong> Necesarias para la funcionalidad principal del sitio web. Estas incluyen cookies de seguridad, de sesi\u00f3n y de gesti\u00f3n de formularios.<\/p><\/li><li class=\"\" data-start=\"2370\" data-end=\"2505\"><p class=\"\" data-start=\"2372\" data-end=\"2505\"><strong data-start=\"2372\" data-end=\"2396\">Cookies de rendimiento:<\/strong> Recopilar datos an\u00f3nimos sobre c\u00f3mo los usuarios interact\u00faan con nuestro sitio para ayudarnos a mejorar la funcionalidad y la usabilidad.<\/p><\/li><li class=\"\" data-start=\"2506\" data-end=\"2629\"><p class=\"\" data-start=\"2508\" data-end=\"2629\"><strong data-start=\"2508\" data-end=\"2534\">Cookies de funcionalidad:<\/strong> Recuerda las opciones que elijas, como el inicio de sesi\u00f3n o la configuraci\u00f3n regional, para personalizar tu experiencia.<\/p><\/li><li class=\"\" data-start=\"2630\" data-end=\"2746\"><p class=\"\" data-start=\"2632\" data-end=\"2746\"><strong data-start=\"2632\" data-end=\"2656\">Cookies publicitarias:<\/strong> Realice un seguimiento de sus h\u00e1bitos de navegaci\u00f3n para ofrecerle anuncios relevantes a trav\u00e9s de socios afiliados o redes publicitarias.<\/p><\/li><\/ul><h3 class=\"\" data-start=\"2748\" data-end=\"2776\">3. Cookies de terceros<\/h3><p class=\"\" data-start=\"2777\" data-end=\"3010\">Podemos utilizar servicios de terceros como Google Analytics o plataformas publicitarias que instalan cookies en su dispositivo para monitorizar su interacci\u00f3n y mostrarle anuncios personalizados. Estos terceros tienen sus propias pol\u00edticas de privacidad y de cookies.<\/p><h3 class=\"\" data-start=\"3012\" data-end=\"3037\">4. Gesti\u00f3n de cookies<\/h3><p class=\"\" data-start=\"3038\" data-end=\"3253\">La mayor\u00eda de los navegadores web permiten controlar o desactivar las cookies mediante la configuraci\u00f3n. Puede eliminar las cookies existentes o configurar su navegador para que las bloquee por completo. Tenga en cuenta que desactivar las cookies puede afectar la funcionalidad del sitio.<\/p><h3 class=\"\" data-start=\"3255\" data-end=\"3271\">5. Consent<\/h3><p class=\"\" data-start=\"3272\" data-end=\"3457\">Al continuar utilizando Paid2Chat.com, acepta el uso de cookies seg\u00fan lo descrito en esta pol\u00edtica. Si no est\u00e1 de acuerdo, debe desactivar las cookies en su navegador o dejar de usar el sitio.<\/p><h3 class=\"\" data-start=\"3459\" data-end=\"3475\">6. Contacto<\/h3><p class=\"\" data-start=\"3476\" data-end=\"3567\">Si tiene preguntas sobre esta Pol\u00edtica de Cookies, cont\u00e1ctenos a trav\u00e9s de nuestro formulario de contacto.<\/p>\t\t\t\t\t\t\t\t<\/div>\n\t\t\t\t<\/div>\n\t\t\t\t\t<\/div>\n\t\t<\/div>\n\t\t\t\t\t<\/div>\n\t\t<\/section>\n\t\t\t\t<\/div>","protected":false},"excerpt":{"rendered":"<p>Paid2Chat.com uses cookies and similar tracking technologies to enhance your browsing experience, analyze traffic, and provide personalized content and ads. 1. What Are Cookies? Cookies are small text files stored on your device by your web browser when you visit a website. They allow the website to recognize your device and store certain information about [&hellip;]<\/p>\n","protected":false},"author":1,"featured_media":0,"parent":0,"menu_order":0,"comment_status":"closed","ping_status":"closed","template":"elementor_header_footer","meta":{"footnotes":""},"class_list":["post-3041","page","type-page","status-publish","hentry"],"yoast_head":"<!-- This site is optimized with the Yoast SEO plugin v27.4 - https:\/\/yoast.com\/product\/yoast-seo-wordpress\/ -->\n<title>Cookie Policy - Paid2Chat<\/title>\n<meta name=\"robots\" content=\"index, follow, max-snippet:-1, max-image-preview:large, max-video-preview:-1\" \/>\n<link rel=\"canonical\" href=\"https:\/\/paid2chat.com\/es\/cookie\/\" \/>\n<meta property=\"og:locale\" content=\"es_ES\" \/>\n<meta property=\"og:type\" content=\"article\" \/>\n<meta property=\"og:title\" content=\"Cookie Policy - Paid2Chat\" \/>\n<meta property=\"og:description\" content=\"Paid2Chat.com uses cookies and similar tracking technologies to enhance your browsing experience, analyze traffic, and provide personalized content and ads. 1. What Are Cookies? Cookies are small text files stored on your device by your web browser when you visit a website. They allow the website to recognize your device and store certain information about [&hellip;]\" \/>\n<meta property=\"og:url\" content=\"https:\/\/paid2chat.com\/es\/cookie\/\" \/>\n<meta property=\"og:site_name\" content=\"Paid2Chat\" \/>\n<meta property=\"article:modified_time\" content=\"2025-05-02T16:28:24+00:00\" \/>\n<meta property=\"og:image\" content=\"https:\/\/paid2chat.com\/wp-content\/uploads\/2023\/05\/64731f1e55365.jpg\" \/>\n\t<meta property=\"og:image:width\" content=\"1024\" \/>\n\t<meta property=\"og:image:height\" content=\"683\" \/>\n\t<meta property=\"og:image:type\" content=\"image\/jpeg\" \/>\n<meta name=\"twitter:card\" content=\"summary_large_image\" \/>\n<meta name=\"twitter:label1\" content=\"Tiempo de lectura\" \/>\n\t<meta name=\"twitter:data1\" content=\"2 minutos\" \/>\n<script type=\"application\/ld+json\" class=\"yoast-schema-graph\">{\"@context\":\"https:\\\/\\\/schema.org\",\"@graph\":[{\"@type\":\"WebPage\",\"@id\":\"https:\\\/\\\/paid2chat.com\\\/cookie\\\/\",\"url\":\"https:\\\/\\\/paid2chat.com\\\/cookie\\\/\",\"name\":\"Cookie Policy - Paid2Chat\",\"isPartOf\":{\"@id\":\"https:\\\/\\\/paid2chat.com\\\/#website\"},\"datePublished\":\"2025-05-02T16:25:25+00:00\",\"dateModified\":\"2025-05-02T16:28:24+00:00\",\"breadcrumb\":{\"@id\":\"https:\\\/\\\/paid2chat.com\\\/cookie\\\/#breadcrumb\"},\"inLanguage\":\"es\",\"potentialAction\":[{\"@type\":\"ReadAction\",\"target\":[\"https:\\\/\\\/paid2chat.com\\\/cookie\\\/\"]}]},{\"@type\":\"BreadcrumbList\",\"@id\":\"https:\\\/\\\/paid2chat.com\\\/cookie\\\/#breadcrumb\",\"itemListElement\":[{\"@type\":\"ListItem\",\"position\":1,\"name\":\"Home\",\"item\":\"https:\\\/\\\/paid2chat.com\\\/\"},{\"@type\":\"ListItem\",\"position\":2,\"name\":\"Cookie Policy\"}]},{\"@type\":\"WebSite\",\"@id\":\"https:\\\/\\\/paid2chat.com\\\/#website\",\"url\":\"https:\\\/\\\/paid2chat.com\\\/\",\"name\":\"Paid2Chat\",\"description\":\"\",\"publisher\":{\"@id\":\"https:\\\/\\\/paid2chat.com\\\/#organization\"},\"potentialAction\":[{\"@type\":\"SearchAction\",\"target\":{\"@type\":\"EntryPoint\",\"urlTemplate\":\"https:\\\/\\\/paid2chat.com\\\/?s={search_term_string}\"},\"query-input\":{\"@type\":\"PropertyValueSpecification\",\"valueRequired\":true,\"valueName\":\"search_term_string\"}}],\"inLanguage\":\"es\"},{\"@type\":\"Organization\",\"@id\":\"https:\\\/\\\/paid2chat.com\\\/#organization\",\"name\":\"LuckyCrush\",\"url\":\"https:\\\/\\\/paid2chat.com\\\/\",\"logo\":{\"@type\":\"ImageObject\",\"inLanguage\":\"es\",\"@id\":\"https:\\\/\\\/paid2chat.com\\\/#\\\/schema\\\/logo\\\/image\\\/\",\"url\":\"https:\\\/\\\/paid2chat.com\\\/wp-content\\\/uploads\\\/2020\\\/04\\\/chats-favicon.jpg\",\"contentUrl\":\"https:\\\/\\\/paid2chat.com\\\/wp-content\\\/uploads\\\/2020\\\/04\\\/chats-favicon.jpg\",\"width\":420,\"height\":420,\"caption\":\"LuckyCrush\"},\"image\":{\"@id\":\"https:\\\/\\\/paid2chat.com\\\/#\\\/schema\\\/logo\\\/image\\\/\"}}]}<\/script>\n<!-- \/ Yoast SEO plugin. -->","yoast_head_json":{"title":"Pol\u00edtica de cookies - Paid2Chat","robots":{"index":"index","follow":"follow","max-snippet":"max-snippet:-1","max-image-preview":"max-image-preview:large","max-video-preview":"max-video-preview:-1"},"canonical":"https:\/\/paid2chat.com\/es\/cookie\/","og_locale":"es_ES","og_type":"article","og_title":"Cookie Policy - Paid2Chat","og_description":"Paid2Chat.com uses cookies and similar tracking technologies to enhance your browsing experience, analyze traffic, and provide personalized content and ads. 1. What Are Cookies? Cookies are small text files stored on your device by your web browser when you visit a website. They allow the website to recognize your device and store certain information about [&hellip;]","og_url":"https:\/\/paid2chat.com\/es\/cookie\/","og_site_name":"Paid2Chat","article_modified_time":"2025-05-02T16:28:24+00:00","og_image":[{"width":1024,"height":683,"url":"https:\/\/paid2chat.com\/wp-content\/uploads\/2023\/05\/64731f1e55365.jpg","type":"image\/jpeg"}],"twitter_card":"summary_large_image","twitter_misc":{"Tiempo de lectura":"2 minutos"},"schema":{"@context":"https:\/\/schema.org","@graph":[{"@type":"WebPage","@id":"https:\/\/paid2chat.com\/cookie\/","url":"https:\/\/paid2chat.com\/cookie\/","name":"Pol\u00edtica de cookies - Paid2Chat","isPartOf":{"@id":"https:\/\/paid2chat.com\/#website"},"datePublished":"2025-05-02T16:25:25+00:00","dateModified":"2025-05-02T16:28:24+00:00","breadcrumb":{"@id":"https:\/\/paid2chat.com\/cookie\/#breadcrumb"},"inLanguage":"es","potentialAction":[{"@type":"ReadAction","target":["https:\/\/paid2chat.com\/cookie\/"]}]},{"@type":"BreadcrumbList","@id":"https:\/\/paid2chat.com\/cookie\/#breadcrumb","itemListElement":[{"@type":"ListItem","position":1,"name":"Home","item":"https:\/\/paid2chat.com\/"},{"@type":"ListItem","position":2,"name":"Cookie Policy"}]},{"@type":"WebSite","@id":"https:\/\/paid2chat.com\/#website","url":"https:\/\/paid2chat.com\/","name":"Paid2Chat","description":"","publisher":{"@id":"https:\/\/paid2chat.com\/#organization"},"potentialAction":[{"@type":"SearchAction","target":{"@type":"EntryPoint","urlTemplate":"https:\/\/paid2chat.com\/?s={search_term_string}"},"query-input":{"@type":"PropertyValueSpecification","valueRequired":true,"valueName":"search_term_string"}}],"inLanguage":"es"},{"@type":"Organization","@id":"https:\/\/paid2chat.com\/#organization","name":"LuckyCrush","url":"https:\/\/paid2chat.com\/","logo":{"@type":"ImageObject","inLanguage":"es","@id":"https:\/\/paid2chat.com\/#\/schema\/logo\/image\/","url":"https:\/\/paid2chat.com\/wp-content\/uploads\/2020\/04\/chats-favicon.jpg","contentUrl":"https:\/\/paid2chat.com\/wp-content\/uploads\/2020\/04\/chats-favicon.jpg","width":420,"height":420,"caption":"LuckyCrush"},"image":{"@id":"https:\/\/paid2chat.com\/#\/schema\/logo\/image\/"}}]}},"_links":{"self":[{"href":"https:\/\/paid2chat.com\/es\/wp-json\/wp\/v2\/pages\/3041","targetHints":{"allow":["GET"]}}],"collection":[{"href":"https:\/\/paid2chat.com\/es\/wp-json\/wp\/v2\/pages"}],"about":[{"href":"https:\/\/paid2chat.com\/es\/wp-json\/wp\/v2\/types\/page"}],"author":[{"embeddable":true,"href":"https:\/\/paid2chat.com\/es\/wp-json\/wp\/v2\/users\/1"}],"replies":[{"embeddable":true,"href":"https:\/\/paid2chat.com\/es\/wp-json\/wp\/v2\/comments?post=3041"}],"version-history":[{"count":4,"href":"https:\/\/paid2chat.com\/es\/wp-json\/wp\/v2\/pages\/3041\/revisions"}],"predecessor-version":[{"id":3045,"href":"https:\/\/paid2chat.com\/es\/wp-json\/wp\/v2\/pages\/3041\/revisions\/3045"}],"wp:attachment":[{"href":"https:\/\/paid2chat.com\/es\/wp-json\/wp\/v2\/media?parent=3041"}],"curies":[{"name":"gracias","href":"https:\/\/api.w.org\/{rel}","templated":true}]}}