{"id":3036,"date":"2025-05-02T18:24:00","date_gmt":"2025-05-02T16:24:00","guid":{"rendered":"https:\/\/paid2chat.com\/?page_id=3036"},"modified":"2025-05-02T18:28:19","modified_gmt":"2025-05-02T16:28:19","slug":"affiliate","status":"publish","type":"page","link":"https:\/\/paid2chat.com\/es\/affiliate\/","title":{"rendered":"Descargo de responsabilidad de afiliados"},"content":{"rendered":"<div data-elementor-type=\"wp-page\" data-elementor-id=\"3036\" class=\"elementor elementor-3036\" data-elementor-post-type=\"page\">\n\t\t\t\t\t\t<section class=\"elementor-section elementor-top-section elementor-element elementor-element-aa602b1 elementor-section-boxed elementor-section-height-default elementor-section-height-default\" data-id=\"aa602b1\" data-element_type=\"section\" data-e-type=\"section\">\n\t\t\t\t\t\t<div class=\"elementor-container elementor-column-gap-default\">\n\t\t\t\t\t<div class=\"elementor-column elementor-col-100 elementor-top-column elementor-element elementor-element-deb4e48\" data-id=\"deb4e48\" data-element_type=\"column\" data-e-type=\"column\">\n\t\t\t<div class=\"elementor-widget-wrap elementor-element-populated\">\n\t\t\t\t\t\t<div class=\"elementor-element elementor-element-88330ff elementor-widget elementor-widget-heading\" data-id=\"88330ff\" data-element_type=\"widget\" data-e-type=\"widget\" data-widget_type=\"heading.default\">\n\t\t\t\t<div class=\"elementor-widget-container\">\n\t\t\t\t\t<h1 class=\"elementor-heading-title elementor-size-default\">Descargo de responsabilidad de afiliados<\/h1>\t\t\t\t<\/div>\n\t\t\t\t<\/div>\n\t\t\t\t\t<\/div>\n\t\t<\/div>\n\t\t\t\t\t<\/div>\n\t\t<\/section>\n\t\t\t\t<section class=\"elementor-section elementor-top-section elementor-element elementor-element-e61e2e0 elementor-section-boxed elementor-section-height-default elementor-section-height-default\" data-id=\"e61e2e0\" data-element_type=\"section\" data-e-type=\"section\">\n\t\t\t\t\t\t<div class=\"elementor-container elementor-column-gap-default\">\n\t\t\t\t\t<div class=\"elementor-column elementor-col-100 elementor-top-column elementor-element elementor-element-edbd578\" data-id=\"edbd578\" data-element_type=\"column\" data-e-type=\"column\">\n\t\t\t<div class=\"elementor-widget-wrap elementor-element-populated\">\n\t\t\t\t\t\t<div class=\"elementor-element elementor-element-59fb3ca elementor-widget elementor-widget-text-editor\" data-id=\"59fb3ca\" data-element_type=\"widget\" data-e-type=\"widget\" data-widget_type=\"text-editor.default\">\n\t\t\t\t<div class=\"elementor-widget-container\">\n\t\t\t\t\t\t\t\t\t<p class=\"\" data-start=\"290\" data-end=\"544\">Paid2Chat.com participa en programas de marketing de afiliaci\u00f3n. Esto significa que, al hacer clic en enlaces a plataformas o servicios de terceros mencionados en nuestro sitio, podemos ganar una comisi\u00f3n si se registra, realiza una compra o completa una acci\u00f3n espec\u00edfica.<\/p><h3 class=\"\" data-start=\"546\" data-end=\"578\">1. Relaciones de afiliados<\/h3><p class=\"\" data-start=\"579\" data-end=\"872\">Algunos de los enlaces en Paid2Chat.com son &quot;enlaces de afiliado&quot;. Se proporcionan para su comodidad y podr\u00edan generar una comisi\u00f3n del sitio web de terceros sin costo adicional para usted. La presencia de un enlace de afiliado no influye en nuestro contenido, recomendaciones ni rese\u00f1as.<\/p><h3 class=\"\" data-start=\"874\" data-end=\"903\">2. Sin costo adicional para usted<\/h3><p class=\"\" data-start=\"904\" data-end=\"1092\">Si usas un enlace de afiliado para acceder a una plataforma o servicio de terceros, tu precio y experiencia no se ver\u00e1n afectados. Pagar\u00e1s lo mismo que si no usaras nuestro sitio.<\/p><h3 class=\"\" data-start=\"1094\" data-end=\"1129\">3. Transparencia e integridad<\/h3><p class=\"\" data-start=\"1130\" data-end=\"1347\">Solo promocionamos o recomendamos a nuestros usuarios servicios de terceros que consideramos valiosos y relevantes para nuestra audiencia. Sin embargo, le recomendamos investigar por su cuenta y tomar decisiones informadas antes de interactuar con cualquier plataforma.<\/p><h3 class=\"\" data-start=\"1349\" data-end=\"1384\">4. Responsabilidad de terceros<\/h3><p class=\"\" data-start=\"1385\" data-end=\"1600\">Si bien podemos recibir una compensaci\u00f3n por las referencias, Paid2Chat.com no opera ni controla las plataformas de terceros a las que referimos a nuestros usuarios. No nos hacemos responsables de sus t\u00e9rminos, pagos, soporte, contenido ni servicios.<\/p><h3 class=\"\" data-start=\"1602\" data-end=\"1618\">5. Contacto<\/h3><p class=\"\" data-start=\"1619\" data-end=\"1732\">Si tiene preguntas sobre este descargo de responsabilidad de afiliados, comun\u00edquese con nosotros a trav\u00e9s de nuestro formulario de contacto.<\/p>\t\t\t\t\t\t\t\t<\/div>\n\t\t\t\t<\/div>\n\t\t\t\t\t<\/div>\n\t\t<\/div>\n\t\t\t\t\t<\/div>\n\t\t<\/section>\n\t\t\t\t<\/div>","protected":false},"excerpt":{"rendered":"<p>Paid2Chat.com participates in affiliate marketing programs. This means that when you click links to certain third-party platforms or services mentioned on our site, we may earn a commission if you sign up, make a purchase, or complete a specified action. 1. Affiliate Relationships Some of the links on Paid2Chat.com are \u201caffiliate links.\u201d These are provided [&hellip;]<\/p>\n","protected":false},"author":1,"featured_media":0,"parent":0,"menu_order":0,"comment_status":"closed","ping_status":"closed","template":"elementor_header_footer","meta":{"footnotes":""},"class_list":["post-3036","page","type-page","status-publish","hentry"],"yoast_head":"<!-- This site is optimized with the Yoast SEO plugin v27.4 - https:\/\/yoast.com\/product\/yoast-seo-wordpress\/ -->\n<title>Affiliate Disclaimer - Paid2Chat<\/title>\n<meta name=\"robots\" content=\"index, follow, max-snippet:-1, max-image-preview:large, max-video-preview:-1\" \/>\n<link rel=\"canonical\" href=\"https:\/\/paid2chat.com\/es\/affiliate\/\" \/>\n<meta property=\"og:locale\" content=\"es_ES\" \/>\n<meta property=\"og:type\" content=\"article\" \/>\n<meta property=\"og:title\" content=\"Affiliate Disclaimer - Paid2Chat\" \/>\n<meta property=\"og:description\" content=\"Paid2Chat.com participates in affiliate marketing programs. This means that when you click links to certain third-party platforms or services mentioned on our site, we may earn a commission if you sign up, make a purchase, or complete a specified action. 1. Affiliate Relationships Some of the links on Paid2Chat.com are \u201caffiliate links.\u201d These are provided [&hellip;]\" \/>\n<meta property=\"og:url\" content=\"https:\/\/paid2chat.com\/es\/affiliate\/\" \/>\n<meta property=\"og:site_name\" content=\"Paid2Chat\" \/>\n<meta property=\"article:modified_time\" content=\"2025-05-02T16:28:19+00:00\" \/>\n<meta property=\"og:image\" content=\"https:\/\/paid2chat.com\/wp-content\/uploads\/2023\/05\/64731f1e55365.jpg\" \/>\n\t<meta property=\"og:image:width\" content=\"1024\" \/>\n\t<meta property=\"og:image:height\" content=\"683\" \/>\n\t<meta property=\"og:image:type\" content=\"image\/jpeg\" \/>\n<meta name=\"twitter:card\" content=\"summary_large_image\" \/>\n<meta name=\"twitter:label1\" content=\"Tiempo de lectura\" \/>\n\t<meta name=\"twitter:data1\" content=\"1 minuto\" \/>\n<script type=\"application\/ld+json\" class=\"yoast-schema-graph\">{\"@context\":\"https:\\\/\\\/schema.org\",\"@graph\":[{\"@type\":\"WebPage\",\"@id\":\"https:\\\/\\\/paid2chat.com\\\/affiliate\\\/\",\"url\":\"https:\\\/\\\/paid2chat.com\\\/affiliate\\\/\",\"name\":\"Affiliate Disclaimer - Paid2Chat\",\"isPartOf\":{\"@id\":\"https:\\\/\\\/paid2chat.com\\\/#website\"},\"datePublished\":\"2025-05-02T16:24:00+00:00\",\"dateModified\":\"2025-05-02T16:28:19+00:00\",\"breadcrumb\":{\"@id\":\"https:\\\/\\\/paid2chat.com\\\/affiliate\\\/#breadcrumb\"},\"inLanguage\":\"es\",\"potentialAction\":[{\"@type\":\"ReadAction\",\"target\":[\"https:\\\/\\\/paid2chat.com\\\/affiliate\\\/\"]}]},{\"@type\":\"BreadcrumbList\",\"@id\":\"https:\\\/\\\/paid2chat.com\\\/affiliate\\\/#breadcrumb\",\"itemListElement\":[{\"@type\":\"ListItem\",\"position\":1,\"name\":\"Home\",\"item\":\"https:\\\/\\\/paid2chat.com\\\/\"},{\"@type\":\"ListItem\",\"position\":2,\"name\":\"Affiliate Disclaimer\"}]},{\"@type\":\"WebSite\",\"@id\":\"https:\\\/\\\/paid2chat.com\\\/#website\",\"url\":\"https:\\\/\\\/paid2chat.com\\\/\",\"name\":\"Paid2Chat\",\"description\":\"\",\"publisher\":{\"@id\":\"https:\\\/\\\/paid2chat.com\\\/#organization\"},\"potentialAction\":[{\"@type\":\"SearchAction\",\"target\":{\"@type\":\"EntryPoint\",\"urlTemplate\":\"https:\\\/\\\/paid2chat.com\\\/?s={search_term_string}\"},\"query-input\":{\"@type\":\"PropertyValueSpecification\",\"valueRequired\":true,\"valueName\":\"search_term_string\"}}],\"inLanguage\":\"es\"},{\"@type\":\"Organization\",\"@id\":\"https:\\\/\\\/paid2chat.com\\\/#organization\",\"name\":\"LuckyCrush\",\"url\":\"https:\\\/\\\/paid2chat.com\\\/\",\"logo\":{\"@type\":\"ImageObject\",\"inLanguage\":\"es\",\"@id\":\"https:\\\/\\\/paid2chat.com\\\/#\\\/schema\\\/logo\\\/image\\\/\",\"url\":\"https:\\\/\\\/paid2chat.com\\\/wp-content\\\/uploads\\\/2020\\\/04\\\/chats-favicon.jpg\",\"contentUrl\":\"https:\\\/\\\/paid2chat.com\\\/wp-content\\\/uploads\\\/2020\\\/04\\\/chats-favicon.jpg\",\"width\":420,\"height\":420,\"caption\":\"LuckyCrush\"},\"image\":{\"@id\":\"https:\\\/\\\/paid2chat.com\\\/#\\\/schema\\\/logo\\\/image\\\/\"}}]}<\/script>\n<!-- \/ Yoast SEO plugin. -->","yoast_head_json":{"title":"Aviso de afiliados - Paid2Chat","robots":{"index":"index","follow":"follow","max-snippet":"max-snippet:-1","max-image-preview":"max-image-preview:large","max-video-preview":"max-video-preview:-1"},"canonical":"https:\/\/paid2chat.com\/es\/affiliate\/","og_locale":"es_ES","og_type":"article","og_title":"Affiliate Disclaimer - Paid2Chat","og_description":"Paid2Chat.com participates in affiliate marketing programs. This means that when you click links to certain third-party platforms or services mentioned on our site, we may earn a commission if you sign up, make a purchase, or complete a specified action. 1. Affiliate Relationships Some of the links on Paid2Chat.com are \u201caffiliate links.\u201d These are provided [&hellip;]","og_url":"https:\/\/paid2chat.com\/es\/affiliate\/","og_site_name":"Paid2Chat","article_modified_time":"2025-05-02T16:28:19+00:00","og_image":[{"width":1024,"height":683,"url":"https:\/\/paid2chat.com\/wp-content\/uploads\/2023\/05\/64731f1e55365.jpg","type":"image\/jpeg"}],"twitter_card":"summary_large_image","twitter_misc":{"Tiempo de lectura":"1 minuto"},"schema":{"@context":"https:\/\/schema.org","@graph":[{"@type":"WebPage","@id":"https:\/\/paid2chat.com\/affiliate\/","url":"https:\/\/paid2chat.com\/affiliate\/","name":"Aviso de afiliados - Paid2Chat","isPartOf":{"@id":"https:\/\/paid2chat.com\/#website"},"datePublished":"2025-05-02T16:24:00+00:00","dateModified":"2025-05-02T16:28:19+00:00","breadcrumb":{"@id":"https:\/\/paid2chat.com\/affiliate\/#breadcrumb"},"inLanguage":"es","potentialAction":[{"@type":"ReadAction","target":["https:\/\/paid2chat.com\/affiliate\/"]}]},{"@type":"BreadcrumbList","@id":"https:\/\/paid2chat.com\/affiliate\/#breadcrumb","itemListElement":[{"@type":"ListItem","position":1,"name":"Home","item":"https:\/\/paid2chat.com\/"},{"@type":"ListItem","position":2,"name":"Affiliate Disclaimer"}]},{"@type":"WebSite","@id":"https:\/\/paid2chat.com\/#website","url":"https:\/\/paid2chat.com\/","name":"Paid2Chat","description":"","publisher":{"@id":"https:\/\/paid2chat.com\/#organization"},"potentialAction":[{"@type":"SearchAction","target":{"@type":"EntryPoint","urlTemplate":"https:\/\/paid2chat.com\/?s={search_term_string}"},"query-input":{"@type":"PropertyValueSpecification","valueRequired":true,"valueName":"search_term_string"}}],"inLanguage":"es"},{"@type":"Organization","@id":"https:\/\/paid2chat.com\/#organization","name":"LuckyCrush","url":"https:\/\/paid2chat.com\/","logo":{"@type":"ImageObject","inLanguage":"es","@id":"https:\/\/paid2chat.com\/#\/schema\/logo\/image\/","url":"https:\/\/paid2chat.com\/wp-content\/uploads\/2020\/04\/chats-favicon.jpg","contentUrl":"https:\/\/paid2chat.com\/wp-content\/uploads\/2020\/04\/chats-favicon.jpg","width":420,"height":420,"caption":"LuckyCrush"},"image":{"@id":"https:\/\/paid2chat.com\/#\/schema\/logo\/image\/"}}]}},"_links":{"self":[{"href":"https:\/\/paid2chat.com\/es\/wp-json\/wp\/v2\/pages\/3036","targetHints":{"allow":["GET"]}}],"collection":[{"href":"https:\/\/paid2chat.com\/es\/wp-json\/wp\/v2\/pages"}],"about":[{"href":"https:\/\/paid2chat.com\/es\/wp-json\/wp\/v2\/types\/page"}],"author":[{"embeddable":true,"href":"https:\/\/paid2chat.com\/es\/wp-json\/wp\/v2\/users\/1"}],"replies":[{"embeddable":true,"href":"https:\/\/paid2chat.com\/es\/wp-json\/wp\/v2\/comments?post=3036"}],"version-history":[{"count":4,"href":"https:\/\/paid2chat.com\/es\/wp-json\/wp\/v2\/pages\/3036\/revisions"}],"predecessor-version":[{"id":3040,"href":"https:\/\/paid2chat.com\/es\/wp-json\/wp\/v2\/pages\/3036\/revisions\/3040"}],"wp:attachment":[{"href":"https:\/\/paid2chat.com\/es\/wp-json\/wp\/v2\/media?parent=3036"}],"curies":[{"name":"gracias","href":"https:\/\/api.w.org\/{rel}","templated":true}]}}