{"id":3028,"date":"2025-05-02T18:21:36","date_gmt":"2025-05-02T16:21:36","guid":{"rendered":"https:\/\/paid2chat.com\/?page_id=3028"},"modified":"2025-05-02T18:28:33","modified_gmt":"2025-05-02T16:28:33","slug":"earnings","status":"publish","type":"page","link":"https:\/\/paid2chat.com\/es\/earnings\/","title":{"rendered":"Descargo de responsabilidad sobre ganancias"},"content":{"rendered":"<div data-elementor-type=\"wp-page\" data-elementor-id=\"3028\" class=\"elementor elementor-3028\" data-elementor-post-type=\"page\">\n\t\t\t\t\t\t<section class=\"elementor-section elementor-top-section elementor-element elementor-element-aa602b1 elementor-section-boxed elementor-section-height-default elementor-section-height-default\" data-id=\"aa602b1\" data-element_type=\"section\" data-e-type=\"section\">\n\t\t\t\t\t\t<div class=\"elementor-container elementor-column-gap-default\">\n\t\t\t\t\t<div class=\"elementor-column elementor-col-100 elementor-top-column elementor-element elementor-element-deb4e48\" data-id=\"deb4e48\" data-element_type=\"column\" data-e-type=\"column\">\n\t\t\t<div class=\"elementor-widget-wrap elementor-element-populated\">\n\t\t\t\t\t\t<div class=\"elementor-element elementor-element-88330ff elementor-widget elementor-widget-heading\" data-id=\"88330ff\" data-element_type=\"widget\" data-e-type=\"widget\" data-widget_type=\"heading.default\">\n\t\t\t\t<div class=\"elementor-widget-container\">\n\t\t\t\t\t<h1 class=\"elementor-heading-title elementor-size-default\">Descargo de responsabilidad sobre ganancias<\/h1>\t\t\t\t<\/div>\n\t\t\t\t<\/div>\n\t\t\t\t\t<\/div>\n\t\t<\/div>\n\t\t\t\t\t<\/div>\n\t\t<\/section>\n\t\t\t\t<section class=\"elementor-section elementor-top-section elementor-element elementor-element-e61e2e0 elementor-section-boxed elementor-section-height-default elementor-section-height-default\" data-id=\"e61e2e0\" data-element_type=\"section\" data-e-type=\"section\">\n\t\t\t\t\t\t<div class=\"elementor-container elementor-column-gap-default\">\n\t\t\t\t\t<div class=\"elementor-column elementor-col-100 elementor-top-column elementor-element elementor-element-edbd578\" data-id=\"edbd578\" data-element_type=\"column\" data-e-type=\"column\">\n\t\t\t<div class=\"elementor-widget-wrap elementor-element-populated\">\n\t\t\t\t\t\t<div class=\"elementor-element elementor-element-59fb3ca elementor-widget elementor-widget-text-editor\" data-id=\"59fb3ca\" data-element_type=\"widget\" data-e-type=\"widget\" data-widget_type=\"text-editor.default\">\n\t\t\t\t<div class=\"elementor-widget-container\">\n\t\t\t\t\t\t\t\t\t<p class=\"\" data-start=\"3735\" data-end=\"3993\">Paid2Chat.com ofrece acceso a informaci\u00f3n, referencias y oportunidades para conectar con plataformas de videochat de terceros que pueden generar ingresos. Sin embargo, no garantizamos la cantidad de dinero que obtendr\u00e1 con estas oportunidades.<\/p><h3 class=\"\" data-start=\"3995\" data-end=\"4031\">1. Los resultados individuales pueden variar<\/h3><p class=\"\" data-start=\"4032\" data-end=\"4314\">Las ganancias var\u00edan considerablemente seg\u00fan diversos factores, como tu dedicaci\u00f3n, personalidad, habilidades de comunicaci\u00f3n, constancia, disponibilidad y la(s) plataforma(s) espec\u00edfica(s) con la(s) que trabajes. Algunas personas pueden tener ingresos sustanciales, mientras que otras pueden ganar poco o nada.<\/p><h3 class=\"\" data-start=\"4316\" data-end=\"4345\">2. No hay ingresos garantizados<\/h3><p class=\"\" data-start=\"4346\" data-end=\"4557\">No garantizamos que alcance un nivel espec\u00edfico de ingresos ni \u00e9xito. Los ejemplos de ganancias o testimonios en este sitio web son ilustrativos y no representan una promesa ni una predicci\u00f3n de resultados futuros.<\/p><h3 class=\"\" data-start=\"4559\" data-end=\"4605\">3. Usted es responsable de sus resultados<\/h3><p class=\"\" data-start=\"4606\" data-end=\"4902\">Entiendes y aceptas que eres totalmente responsable de tu progreso, rendimiento y los ingresos que obtengas de cualquier oportunidad que se presente a trav\u00e9s de Paid2Chat.com o sus socios. No nos hacemos responsables de ninguna p\u00e9rdida de ingresos, oportunidades perdidas o insatisfacci\u00f3n relacionada con los servicios de terceros.<\/p><h3 class=\"\" data-start=\"4904\" data-end=\"4945\">4. Se aplican los t\u00e9rminos de la plataforma independiente<\/h3><p class=\"\" data-start=\"4946\" data-end=\"5178\">Una vez conectado a una plataforma de terceros, sus ganancias y t\u00e9rminos de servicio se regir\u00e1n por dicha plataforma. Los m\u00e9todos de pago, la frecuencia de pago y las comisiones var\u00edan seg\u00fan el socio y Paid2Chat.com no los controla.<\/p><h3 class=\"\" data-start=\"5180\" data-end=\"5211\">5. Sin asesoramiento profesional<\/h3><p class=\"\" data-start=\"5212\" data-end=\"5416\">Nada en Paid2Chat.com debe considerarse asesoramiento financiero, legal o profesional. Le recomendamos investigar por su cuenta y consultar con profesionales, si procede, antes de tomar decisiones.<\/p><h3 class=\"\" data-start=\"5418\" data-end=\"5434\">6. Contacto<\/h3><p class=\"\" data-start=\"5435\" data-end=\"5527\">Si tiene alguna pregunta sobre este descargo de responsabilidad o necesita m\u00e1s informaci\u00f3n, cont\u00e1ctenos a trav\u00e9s de nuestro formulario de contacto.<\/p>\t\t\t\t\t\t\t\t<\/div>\n\t\t\t\t<\/div>\n\t\t\t\t\t<\/div>\n\t\t<\/div>\n\t\t\t\t\t<\/div>\n\t\t<\/section>\n\t\t\t\t<\/div>","protected":false},"excerpt":{"rendered":"<p>Paid2Chat.com provides access to information, referrals, and opportunities to connect with third-party video chat platforms that may allow you to earn income. However, we make no guarantees about the amount of money you will earn through these opportunities. 1. Individual Results May Vary Earnings will vary greatly depending on numerous factors, including your time commitment, [&hellip;]<\/p>\n","protected":false},"author":1,"featured_media":0,"parent":0,"menu_order":0,"comment_status":"closed","ping_status":"closed","template":"elementor_header_footer","meta":{"footnotes":""},"class_list":["post-3028","page","type-page","status-publish","hentry"],"yoast_head":"<!-- This site is optimized with the Yoast SEO plugin v27.4 - https:\/\/yoast.com\/product\/yoast-seo-wordpress\/ -->\n<title>Earnings Disclaimer - Paid2Chat<\/title>\n<meta name=\"robots\" content=\"index, follow, max-snippet:-1, max-image-preview:large, max-video-preview:-1\" \/>\n<link rel=\"canonical\" href=\"https:\/\/paid2chat.com\/es\/earnings\/\" \/>\n<meta property=\"og:locale\" content=\"es_ES\" \/>\n<meta property=\"og:type\" content=\"article\" \/>\n<meta property=\"og:title\" content=\"Earnings Disclaimer - Paid2Chat\" \/>\n<meta property=\"og:description\" content=\"Paid2Chat.com provides access to information, referrals, and opportunities to connect with third-party video chat platforms that may allow you to earn income. However, we make no guarantees about the amount of money you will earn through these opportunities. 1. Individual Results May Vary Earnings will vary greatly depending on numerous factors, including your time commitment, [&hellip;]\" \/>\n<meta property=\"og:url\" content=\"https:\/\/paid2chat.com\/es\/earnings\/\" \/>\n<meta property=\"og:site_name\" content=\"Paid2Chat\" \/>\n<meta property=\"article:modified_time\" content=\"2025-05-02T16:28:33+00:00\" \/>\n<meta property=\"og:image\" content=\"https:\/\/paid2chat.com\/wp-content\/uploads\/2023\/05\/64731f1e55365.jpg\" \/>\n\t<meta property=\"og:image:width\" content=\"1024\" \/>\n\t<meta property=\"og:image:height\" content=\"683\" \/>\n\t<meta property=\"og:image:type\" content=\"image\/jpeg\" \/>\n<meta name=\"twitter:card\" content=\"summary_large_image\" \/>\n<meta name=\"twitter:label1\" content=\"Tiempo de lectura\" \/>\n\t<meta name=\"twitter:data1\" content=\"2 minutos\" \/>\n<script type=\"application\/ld+json\" class=\"yoast-schema-graph\">{\"@context\":\"https:\\\/\\\/schema.org\",\"@graph\":[{\"@type\":\"WebPage\",\"@id\":\"https:\\\/\\\/paid2chat.com\\\/earnings\\\/\",\"url\":\"https:\\\/\\\/paid2chat.com\\\/earnings\\\/\",\"name\":\"Earnings Disclaimer - Paid2Chat\",\"isPartOf\":{\"@id\":\"https:\\\/\\\/paid2chat.com\\\/#website\"},\"datePublished\":\"2025-05-02T16:21:36+00:00\",\"dateModified\":\"2025-05-02T16:28:33+00:00\",\"breadcrumb\":{\"@id\":\"https:\\\/\\\/paid2chat.com\\\/earnings\\\/#breadcrumb\"},\"inLanguage\":\"es\",\"potentialAction\":[{\"@type\":\"ReadAction\",\"target\":[\"https:\\\/\\\/paid2chat.com\\\/earnings\\\/\"]}]},{\"@type\":\"BreadcrumbList\",\"@id\":\"https:\\\/\\\/paid2chat.com\\\/earnings\\\/#breadcrumb\",\"itemListElement\":[{\"@type\":\"ListItem\",\"position\":1,\"name\":\"Home\",\"item\":\"https:\\\/\\\/paid2chat.com\\\/\"},{\"@type\":\"ListItem\",\"position\":2,\"name\":\"Earnings Disclaimer\"}]},{\"@type\":\"WebSite\",\"@id\":\"https:\\\/\\\/paid2chat.com\\\/#website\",\"url\":\"https:\\\/\\\/paid2chat.com\\\/\",\"name\":\"Paid2Chat\",\"description\":\"\",\"publisher\":{\"@id\":\"https:\\\/\\\/paid2chat.com\\\/#organization\"},\"potentialAction\":[{\"@type\":\"SearchAction\",\"target\":{\"@type\":\"EntryPoint\",\"urlTemplate\":\"https:\\\/\\\/paid2chat.com\\\/?s={search_term_string}\"},\"query-input\":{\"@type\":\"PropertyValueSpecification\",\"valueRequired\":true,\"valueName\":\"search_term_string\"}}],\"inLanguage\":\"es\"},{\"@type\":\"Organization\",\"@id\":\"https:\\\/\\\/paid2chat.com\\\/#organization\",\"name\":\"LuckyCrush\",\"url\":\"https:\\\/\\\/paid2chat.com\\\/\",\"logo\":{\"@type\":\"ImageObject\",\"inLanguage\":\"es\",\"@id\":\"https:\\\/\\\/paid2chat.com\\\/#\\\/schema\\\/logo\\\/image\\\/\",\"url\":\"https:\\\/\\\/paid2chat.com\\\/wp-content\\\/uploads\\\/2020\\\/04\\\/chats-favicon.jpg\",\"contentUrl\":\"https:\\\/\\\/paid2chat.com\\\/wp-content\\\/uploads\\\/2020\\\/04\\\/chats-favicon.jpg\",\"width\":420,\"height\":420,\"caption\":\"LuckyCrush\"},\"image\":{\"@id\":\"https:\\\/\\\/paid2chat.com\\\/#\\\/schema\\\/logo\\\/image\\\/\"}}]}<\/script>\n<!-- \/ Yoast SEO plugin. -->","yoast_head_json":{"title":"Descargo de responsabilidad sobre ganancias - Paid2Chat","robots":{"index":"index","follow":"follow","max-snippet":"max-snippet:-1","max-image-preview":"max-image-preview:large","max-video-preview":"max-video-preview:-1"},"canonical":"https:\/\/paid2chat.com\/es\/earnings\/","og_locale":"es_ES","og_type":"article","og_title":"Earnings Disclaimer - Paid2Chat","og_description":"Paid2Chat.com provides access to information, referrals, and opportunities to connect with third-party video chat platforms that may allow you to earn income. However, we make no guarantees about the amount of money you will earn through these opportunities. 1. Individual Results May Vary Earnings will vary greatly depending on numerous factors, including your time commitment, [&hellip;]","og_url":"https:\/\/paid2chat.com\/es\/earnings\/","og_site_name":"Paid2Chat","article_modified_time":"2025-05-02T16:28:33+00:00","og_image":[{"width":1024,"height":683,"url":"https:\/\/paid2chat.com\/wp-content\/uploads\/2023\/05\/64731f1e55365.jpg","type":"image\/jpeg"}],"twitter_card":"summary_large_image","twitter_misc":{"Tiempo de lectura":"2 minutos"},"schema":{"@context":"https:\/\/schema.org","@graph":[{"@type":"WebPage","@id":"https:\/\/paid2chat.com\/earnings\/","url":"https:\/\/paid2chat.com\/earnings\/","name":"Descargo de responsabilidad sobre ganancias - Paid2Chat","isPartOf":{"@id":"https:\/\/paid2chat.com\/#website"},"datePublished":"2025-05-02T16:21:36+00:00","dateModified":"2025-05-02T16:28:33+00:00","breadcrumb":{"@id":"https:\/\/paid2chat.com\/earnings\/#breadcrumb"},"inLanguage":"es","potentialAction":[{"@type":"ReadAction","target":["https:\/\/paid2chat.com\/earnings\/"]}]},{"@type":"BreadcrumbList","@id":"https:\/\/paid2chat.com\/earnings\/#breadcrumb","itemListElement":[{"@type":"ListItem","position":1,"name":"Home","item":"https:\/\/paid2chat.com\/"},{"@type":"ListItem","position":2,"name":"Earnings Disclaimer"}]},{"@type":"WebSite","@id":"https:\/\/paid2chat.com\/#website","url":"https:\/\/paid2chat.com\/","name":"Paid2Chat","description":"","publisher":{"@id":"https:\/\/paid2chat.com\/#organization"},"potentialAction":[{"@type":"SearchAction","target":{"@type":"EntryPoint","urlTemplate":"https:\/\/paid2chat.com\/?s={search_term_string}"},"query-input":{"@type":"PropertyValueSpecification","valueRequired":true,"valueName":"search_term_string"}}],"inLanguage":"es"},{"@type":"Organization","@id":"https:\/\/paid2chat.com\/#organization","name":"LuckyCrush","url":"https:\/\/paid2chat.com\/","logo":{"@type":"ImageObject","inLanguage":"es","@id":"https:\/\/paid2chat.com\/#\/schema\/logo\/image\/","url":"https:\/\/paid2chat.com\/wp-content\/uploads\/2020\/04\/chats-favicon.jpg","contentUrl":"https:\/\/paid2chat.com\/wp-content\/uploads\/2020\/04\/chats-favicon.jpg","width":420,"height":420,"caption":"LuckyCrush"},"image":{"@id":"https:\/\/paid2chat.com\/#\/schema\/logo\/image\/"}}]}},"_links":{"self":[{"href":"https:\/\/paid2chat.com\/es\/wp-json\/wp\/v2\/pages\/3028","targetHints":{"allow":["GET"]}}],"collection":[{"href":"https:\/\/paid2chat.com\/es\/wp-json\/wp\/v2\/pages"}],"about":[{"href":"https:\/\/paid2chat.com\/es\/wp-json\/wp\/v2\/types\/page"}],"author":[{"embeddable":true,"href":"https:\/\/paid2chat.com\/es\/wp-json\/wp\/v2\/users\/1"}],"replies":[{"embeddable":true,"href":"https:\/\/paid2chat.com\/es\/wp-json\/wp\/v2\/comments?post=3028"}],"version-history":[{"count":7,"href":"https:\/\/paid2chat.com\/es\/wp-json\/wp\/v2\/pages\/3028\/revisions"}],"predecessor-version":[{"id":3035,"href":"https:\/\/paid2chat.com\/es\/wp-json\/wp\/v2\/pages\/3028\/revisions\/3035"}],"wp:attachment":[{"href":"https:\/\/paid2chat.com\/es\/wp-json\/wp\/v2\/media?parent=3028"}],"curies":[{"name":"gracias","href":"https:\/\/api.w.org\/{rel}","templated":true}]}}